{"id":16265,"date":"2024-12-22T18:53:05","date_gmt":"2024-12-22T15:53:05","guid":{"rendered":"https:\/\/sindbadjo.com\/?page_id=16265"},"modified":"2024-12-26T15:54:19","modified_gmt":"2024-12-26T12:54:19","slug":"faq-water-sports-and-cruises","status":"publish","type":"page","link":"https:\/\/sindbadjo.com\/ro\/intrebari-frecvente-sporturi-nautice-si-croaziere\/","title":{"rendered":"\u00centreb\u0103ri frecvente \u2013 Sporturi nautice \u0219i croaziere"},"content":{"rendered":"<div data-elementor-type=\"wp-page\" data-elementor-id=\"16265\" class=\"elementor elementor-16265\" data-elementor-post-type=\"page\">\n\t\t\t\t<div class=\"elementor-element elementor-element-377373e e-flex e-con-boxed e-con e-parent\" data-id=\"377373e\" data-element_type=\"container\">\n\t\t\t\t\t<div class=\"e-con-inner\">\n\t\t<div class=\"elementor-element elementor-element-8820d98 e-con-full e-flex e-con e-child\" data-id=\"8820d98\" data-element_type=\"container\">\n\t\t\t\t<div class=\"elementor-element elementor-element-65746fd elementor-widget elementor-widget-st_faq\" data-id=\"65746fd\" data-element_type=\"widget\" data-widget_type=\"st_faq.default\">\n\t\t\t\t<div class=\"elementor-widget-container\">\n\t\t\t\t\t<div class=\"accordion faq style1\" id=\"accordion_what-types-of-water-sports-do-you-offer\">\r\n    <div class=\"accordion-item\">\r\n        <h2 class=\"accordion-header\" id=\"heading_what-types-of-water-sports-do-you-offer\">\r\n            <button class=\"accordion-button   collapsed\"\r\n                type=\"button\"\r\n                data-bs-toggle=\"collapse\"\r\n                data-bs-target=\"#st-what-types-of-water-sports-do-you-offer\"\r\n                aria-expanded=\"false\"\r\n                aria-controls=\"what-types-of-water-sports-do-you-offer\"\r\n            >\r\n                Ce tipuri de sporturi nautice oferi\u021bi?            <\/button>\r\n        <\/h2>\r\n        <div id=\"st-what-types-of-water-sports-do-you-offer\" class=\"accordion-collapse collapse\"\r\n            aria-labelledby=\"heading_what-types-of-water-sports-do-you-offer\"\r\n            data-bs-parent=\"#accordion_what-types-of-water-sports-do-you-offer\"\r\n        >\r\n            <div class=\"accordion-body\">\r\n                Oferim activit\u0103\u021bi precum jet ski, parasailing, caiac, paddleboarding, snorkeling, scuba diving \u0219i plimb\u0103ri cu barca banan\u0103.\n            <\/div>\r\n        <\/div>\r\n    <\/div>\r\n<\/div>\r\n\t\t\t\t<\/div>\n\t\t\t\t<\/div>\n\t\t\t\t<div class=\"elementor-element elementor-element-8815d3a elementor-widget elementor-widget-st_faq\" data-id=\"8815d3a\" data-element_type=\"widget\" data-widget_type=\"st_faq.default\">\n\t\t\t\t<div class=\"elementor-widget-container\">\n\t\t\t\t\t<div class=\"accordion faq style1\" id=\"accordion_are-the-water-sports-suitable-for-beginners\">\r\n    <div class=\"accordion-item\">\r\n        <h2 class=\"accordion-header\" id=\"heading_are-the-water-sports-suitable-for-beginners\">\r\n            <button class=\"accordion-button   collapsed\"\r\n                type=\"button\"\r\n                data-bs-toggle=\"collapse\"\r\n                data-bs-target=\"#st-are-the-water-sports-suitable-for-beginners\"\r\n                aria-expanded=\"false\"\r\n                aria-controls=\"are-the-water-sports-suitable-for-beginners\"\r\n            >\r\n                Sunt sporturile nautice potrivite pentru \u00eencep\u0103tori?            <\/button>\r\n        <\/h2>\r\n        <div id=\"st-are-the-water-sports-suitable-for-beginners\" class=\"accordion-collapse collapse\"\r\n            aria-labelledby=\"heading_are-the-water-sports-suitable-for-beginners\"\r\n            data-bs-parent=\"#accordion_are-the-water-sports-suitable-for-beginners\"\r\n        >\r\n            <div class=\"accordion-body\">\r\n                Da, multe dintre sporturile noastre nautice sunt potrivite pentru \u00eencep\u0103tori \u0219i oferim instruc\u021biuni detaliate \u0219i briefing-uri de siguran\u021b\u0103 pentru a asigura o experien\u021b\u0103 confortabil\u0103 \u0219i pl\u0103cut\u0103. Pentru activit\u0103\u021bi precum scuba diving este necesar\u0103 o preg\u0103tire de baz\u0103, pe care o livr\u0103m profesional pentru a garanta siguran\u021b\u0103 \u0219i \u00eencredere            <\/div>\r\n        <\/div>\r\n    <\/div>\r\n<\/div>\r\n\t\t\t\t<\/div>\n\t\t\t\t<\/div>\n\t\t\t\t<div class=\"elementor-element elementor-element-d3aa287 elementor-widget elementor-widget-st_faq\" data-id=\"d3aa287\" data-element_type=\"widget\" data-widget_type=\"st_faq.default\">\n\t\t\t\t<div class=\"elementor-widget-container\">\n\t\t\t\t\t<div class=\"accordion faq style1\" id=\"accordion_do-i-need-to-know-how-to-swim-to-participate\">\r\n    <div class=\"accordion-item\">\r\n        <h2 class=\"accordion-header\" id=\"heading_do-i-need-to-know-how-to-swim-to-participate\">\r\n            <button class=\"accordion-button   collapsed\"\r\n                type=\"button\"\r\n                data-bs-toggle=\"collapse\"\r\n                data-bs-target=\"#st-do-i-need-to-know-how-to-swim-to-participate\"\r\n                aria-expanded=\"false\"\r\n                aria-controls=\"do-i-need-to-know-how-to-swim-to-participate\"\r\n            >\r\n                Trebuie s\u0103 \u0219tiu s\u0103 \u00eenot pentru a participa?            <\/button>\r\n        <\/h2>\r\n        <div id=\"st-do-i-need-to-know-how-to-swim-to-participate\" class=\"accordion-collapse collapse\"\r\n            aria-labelledby=\"heading_do-i-need-to-know-how-to-swim-to-participate\"\r\n            data-bs-parent=\"#accordion_do-i-need-to-know-how-to-swim-to-participate\"\r\n        >\r\n            <div class=\"accordion-body\">\r\n                De\u0219i abilit\u0103\u021bile de \u00eenot sunt utile, multe activit\u0103\u021bi (de exemplu, jet ski sau parasailing) nu necesit\u0103 \u00eenot. Vestele de salvare sunt furnizate pentru toate sporturile nautice pentru a v\u0103 asigura siguran\u021ba            <\/div>\r\n        <\/div>\r\n    <\/div>\r\n<\/div>\r\n\t\t\t\t<\/div>\n\t\t\t\t<\/div>\n\t\t\t\t<div class=\"elementor-element elementor-element-5f0711c elementor-widget elementor-widget-st_faq\" data-id=\"5f0711c\" data-element_type=\"widget\" data-widget_type=\"st_faq.default\">\n\t\t\t\t<div class=\"elementor-widget-container\">\n\t\t\t\t\t<div class=\"accordion faq style1\" id=\"accordion_are-there-any-age-or-health-restrictions\">\r\n    <div class=\"accordion-item\">\r\n        <h2 class=\"accordion-header\" id=\"heading_are-there-any-age-or-health-restrictions\">\r\n            <button class=\"accordion-button   collapsed\"\r\n                type=\"button\"\r\n                data-bs-toggle=\"collapse\"\r\n                data-bs-target=\"#st-are-there-any-age-or-health-restrictions\"\r\n                aria-expanded=\"false\"\r\n                aria-controls=\"are-there-any-age-or-health-restrictions\"\r\n            >\r\n                Exist\u0103 restric\u021bii de v\u00e2rst\u0103 sau de s\u0103n\u0103tate?            <\/button>\r\n        <\/h2>\r\n        <div id=\"st-are-there-any-age-or-health-restrictions\" class=\"accordion-collapse collapse\"\r\n            aria-labelledby=\"heading_are-there-any-age-or-health-restrictions\"\r\n            data-bs-parent=\"#accordion_are-there-any-age-or-health-restrictions\"\r\n        >\r\n            <div class=\"accordion-body\">\r\n                Restric\u021biile de v\u00e2rst\u0103 \u0219i de s\u0103n\u0103tate variaz\u0103 \u00een func\u021bie de activitate. Unele sporturi de mare adrenalin\u0103 au cerin\u021be de v\u00e2rst\u0103 \u0219i greutate, \u00een timp ce altele, cum ar fi caiacul, sunt deschise tuturor v\u00e2rstelor. V\u0103 rug\u0103m s\u0103 ne informa\u021bi \u00een prealabil cu privire la orice problem\u0103 de s\u0103n\u0103tate            <\/div>\r\n        <\/div>\r\n    <\/div>\r\n<\/div>\r\n\t\t\t\t<\/div>\n\t\t\t\t<\/div>\n\t\t\t\t<div class=\"elementor-element elementor-element-2b81a61 elementor-widget elementor-widget-st_faq\" data-id=\"2b81a61\" data-element_type=\"widget\" data-widget_type=\"st_faq.default\">\n\t\t\t\t<div class=\"elementor-widget-container\">\n\t\t\t\t\t<div class=\"accordion faq style1\" id=\"accordion_what-safety-measures-are-in-place\">\r\n    <div class=\"accordion-item\">\r\n        <h2 class=\"accordion-header\" id=\"heading_what-safety-measures-are-in-place\">\r\n            <button class=\"accordion-button   collapsed\"\r\n                type=\"button\"\r\n                data-bs-toggle=\"collapse\"\r\n                data-bs-target=\"#st-what-safety-measures-are-in-place\"\r\n                aria-expanded=\"false\"\r\n                aria-controls=\"what-safety-measures-are-in-place\"\r\n            >\r\n                Ce m\u0103suri de siguran\u021b\u0103 sunt \u00een vigoare?            <\/button>\r\n        <\/h2>\r\n        <div id=\"st-what-safety-measures-are-in-place\" class=\"accordion-collapse collapse\"\r\n            aria-labelledby=\"heading_what-safety-measures-are-in-place\"\r\n            data-bs-parent=\"#accordion_what-safety-measures-are-in-place\"\r\n        >\r\n            <div class=\"accordion-body\">\r\n                Prioritizeaz\u0103 siguran\u021ba cu personal instruit, echipamente de \u00eenalt\u0103 calitate \u0219i respectarea condi\u021biilor meteorologice. To\u021bi participan\u021bii primesc instruc\u021biuni de siguran\u021b\u0103 \u0219i trebuie s\u0103 urmeze instruc\u021biunile            <\/div>\r\n        <\/div>\r\n    <\/div>\r\n<\/div>\r\n\t\t\t\t<\/div>\n\t\t\t\t<\/div>\n\t\t\t\t<div class=\"elementor-element elementor-element-4638e55 elementor-widget elementor-widget-st_faq\" data-id=\"4638e55\" data-element_type=\"widget\" data-widget_type=\"st_faq.default\">\n\t\t\t\t<div class=\"elementor-widget-container\">\n\t\t\t\t\t<div class=\"accordion faq style1\" id=\"accordion_can-i-book-private-water-sports-sessions-or-a-private-cruise\">\r\n    <div class=\"accordion-item\">\r\n        <h2 class=\"accordion-header\" id=\"heading_can-i-book-private-water-sports-sessions-or-a-private-cruise\">\r\n            <button class=\"accordion-button   collapsed\"\r\n                type=\"button\"\r\n                data-bs-toggle=\"collapse\"\r\n                data-bs-target=\"#st-can-i-book-private-water-sports-sessions-or-a-private-cruise\"\r\n                aria-expanded=\"false\"\r\n                aria-controls=\"can-i-book-private-water-sports-sessions-or-a-private-cruise\"\r\n            >\r\n                Pot rezerva sesiuni private de sporturi nautice sau o croazier\u0103 privat\u0103?            <\/button>\r\n        <\/h2>\r\n        <div id=\"st-can-i-book-private-water-sports-sessions-or-a-private-cruise\" class=\"accordion-collapse collapse\"\r\n            aria-labelledby=\"heading_can-i-book-private-water-sports-sessions-or-a-private-cruise\"\r\n            data-bs-parent=\"#accordion_can-i-book-private-water-sports-sessions-or-a-private-cruise\"\r\n        >\r\n            <div class=\"accordion-body\">\r\n                Da, rezerv\u0103rile private sunt disponibile pentru grupuri, cupluri sau evenimente. Contacta\u021bi-ne pentru pachete personalizate            <\/div>\r\n        <\/div>\r\n    <\/div>\r\n<\/div>\r\n\t\t\t\t<\/div>\n\t\t\t\t<\/div>\n\t\t\t\t<div class=\"elementor-element elementor-element-5d44333 elementor-widget elementor-widget-st_faq\" data-id=\"5d44333\" data-element_type=\"widget\" data-widget_type=\"st_faq.default\">\n\t\t\t\t<div class=\"elementor-widget-container\">\n\t\t\t\t\t<div class=\"accordion faq style1\" id=\"accordion_are-there-options-for-non-swimmers-or-those-who-prefer-to-relax\">\r\n    <div class=\"accordion-item\">\r\n        <h2 class=\"accordion-header\" id=\"heading_are-there-options-for-non-swimmers-or-those-who-prefer-to-relax\">\r\n            <button class=\"accordion-button   collapsed\"\r\n                type=\"button\"\r\n                data-bs-toggle=\"collapse\"\r\n                data-bs-target=\"#st-are-there-options-for-non-swimmers-or-those-who-prefer-to-relax\"\r\n                aria-expanded=\"false\"\r\n                aria-controls=\"are-there-options-for-non-swimmers-or-those-who-prefer-to-relax\"\r\n            >\r\n                Exist\u0103 variante pentru ne\u00eenot\u0103tori sau pentru cei care prefer\u0103 s\u0103 se relaxeze?            <\/button>\r\n        <\/h2>\r\n        <div id=\"st-are-there-options-for-non-swimmers-or-those-who-prefer-to-relax\" class=\"accordion-collapse collapse\"\r\n            aria-labelledby=\"heading_are-there-options-for-non-swimmers-or-those-who-prefer-to-relax\"\r\n            data-bs-parent=\"#accordion_are-there-options-for-non-swimmers-or-those-who-prefer-to-relax\"\r\n        >\r\n            <div class=\"accordion-body\">\r\n                Absolut! Cei care nu \u00eenot\u0103 se pot bucura de excursii pitore\u0219ti cu barca, de croaziere la apus sau de relaxare pe punte            <\/div>\r\n        <\/div>\r\n    <\/div>\r\n<\/div>\r\n\t\t\t\t<\/div>\n\t\t\t\t<\/div>\n\t\t\t\t<\/div>\n\t\t<div class=\"elementor-element elementor-element-b635201 e-con-full e-flex e-con e-child\" data-id=\"b635201\" data-element_type=\"container\">\n\t\t\t\t<div class=\"elementor-element elementor-element-6a4ebfb elementor-widget elementor-widget-st_faq\" data-id=\"6a4ebfb\" data-element_type=\"widget\" data-widget_type=\"st_faq.default\">\n\t\t\t\t<div class=\"elementor-widget-container\">\n\t\t\t\t\t<div class=\"accordion faq style1\" id=\"accordion_what-is-included-in-the-cruise-package\">\r\n    <div class=\"accordion-item\">\r\n        <h2 class=\"accordion-header\" id=\"heading_what-is-included-in-the-cruise-package\">\r\n            <button class=\"accordion-button   collapsed\"\r\n                type=\"button\"\r\n                data-bs-toggle=\"collapse\"\r\n                data-bs-target=\"#st-what-is-included-in-the-cruise-package\"\r\n                aria-expanded=\"false\"\r\n                aria-controls=\"what-is-included-in-the-cruise-package\"\r\n            >\r\n                Ce este inclus \u00een pachetul de croazier\u0103?            <\/button>\r\n        <\/h2>\r\n        <div id=\"st-what-is-included-in-the-cruise-package\" class=\"accordion-collapse collapse\"\r\n            aria-labelledby=\"heading_what-is-included-in-the-cruise-package\"\r\n            data-bs-parent=\"#accordion_what-is-included-in-the-cruise-package\"\r\n        >\r\n            <div class=\"accordion-body\">\r\n                Pachetele de croazier\u0103 includ de obicei mese la bord, divertisment, muzic\u0103 \u0219i suplimente op\u021bionale, cum ar fi snorkeling sau scufund\u0103ri. Incluziunile specifice variaz\u0103 \u00een func\u021bie de pachetul pe care \u00eel alege\u021bi\n            <\/div>\r\n        <\/div>\r\n    <\/div>\r\n<\/div>\r\n\t\t\t\t<\/div>\n\t\t\t\t<\/div>\n\t\t\t\t<div class=\"elementor-element elementor-element-17511a7 elementor-widget elementor-widget-st_faq\" data-id=\"17511a7\" data-element_type=\"widget\" data-widget_type=\"st_faq.default\">\n\t\t\t\t<div class=\"elementor-widget-container\">\n\t\t\t\t\t<div class=\"accordion faq style1\" id=\"accordion_how-long-do-the-cruises-last\">\r\n    <div class=\"accordion-item\">\r\n        <h2 class=\"accordion-header\" id=\"heading_how-long-do-the-cruises-last\">\r\n            <button class=\"accordion-button   collapsed\"\r\n                type=\"button\"\r\n                data-bs-toggle=\"collapse\"\r\n                data-bs-target=\"#st-how-long-do-the-cruises-last\"\r\n                aria-expanded=\"false\"\r\n                aria-controls=\"how-long-do-the-cruises-last\"\r\n            >\r\n                C\u00e2t dureaz\u0103 croazierele?            <\/button>\r\n        <\/h2>\r\n        <div id=\"st-how-long-do-the-cruises-last\" class=\"accordion-collapse collapse\"\r\n            aria-labelledby=\"heading_how-long-do-the-cruises-last\"\r\n            data-bs-parent=\"#accordion_how-long-do-the-cruises-last\"\r\n        >\r\n            <div class=\"accordion-body\">\r\n                Croazierele variaz\u0103 de la c\u00e2teva ore (de exemplu, croaziere la apus sau cin\u0103) p\u00e2n\u0103 la excursii de o zi \u00eentreag\u0103            <\/div>\r\n        <\/div>\r\n    <\/div>\r\n<\/div>\r\n\t\t\t\t<\/div>\n\t\t\t\t<\/div>\n\t\t\t\t<div class=\"elementor-element elementor-element-af9e47b elementor-widget elementor-widget-st_faq\" data-id=\"af9e47b\" data-element_type=\"widget\" data-widget_type=\"st_faq.default\">\n\t\t\t\t<div class=\"elementor-widget-container\">\n\t\t\t\t\t<div class=\"accordion faq style1\" id=\"accordion_what-should-i-wear-or-bring-for-water-sports\">\r\n    <div class=\"accordion-item\">\r\n        <h2 class=\"accordion-header\" id=\"heading_what-should-i-wear-or-bring-for-water-sports\">\r\n            <button class=\"accordion-button   collapsed\"\r\n                type=\"button\"\r\n                data-bs-toggle=\"collapse\"\r\n                data-bs-target=\"#st-what-should-i-wear-or-bring-for-water-sports\"\r\n                aria-expanded=\"false\"\r\n                aria-controls=\"what-should-i-wear-or-bring-for-water-sports\"\r\n            >\r\n                Ce ar trebui s\u0103 port sau s\u0103 aduc pentru sporturi nautice?            <\/button>\r\n        <\/h2>\r\n        <div id=\"st-what-should-i-wear-or-bring-for-water-sports\" class=\"accordion-collapse collapse\"\r\n            aria-labelledby=\"heading_what-should-i-wear-or-bring-for-water-sports\"\r\n            data-bs-parent=\"#accordion_what-should-i-wear-or-bring-for-water-sports\"\r\n        >\r\n            <div class=\"accordion-body\">\r\n                Purta\u021bi costume de baie confortabile \u0219i aduce\u021bi protec\u021bie solar\u0103 \u0219i gen\u021bi impermeabile pentru lucrurile dvs. Vor fi furnizate echipamente precum veste de salvare \u0219i echipament            <\/div>\r\n        <\/div>\r\n    <\/div>\r\n<\/div>\r\n\t\t\t\t<\/div>\n\t\t\t\t<\/div>\n\t\t\t\t<div class=\"elementor-element elementor-element-f780133 elementor-widget elementor-widget-st_faq\" data-id=\"f780133\" data-element_type=\"widget\" data-widget_type=\"st_faq.default\">\n\t\t\t\t<div class=\"elementor-widget-container\">\n\t\t\t\t\t<div class=\"accordion faq style1\" id=\"accordion_can-i-cancel-or-reschedule-my-booking\">\r\n    <div class=\"accordion-item\">\r\n        <h2 class=\"accordion-header\" id=\"heading_can-i-cancel-or-reschedule-my-booking\">\r\n            <button class=\"accordion-button   collapsed\"\r\n                type=\"button\"\r\n                data-bs-toggle=\"collapse\"\r\n                data-bs-target=\"#st-can-i-cancel-or-reschedule-my-booking\"\r\n                aria-expanded=\"false\"\r\n                aria-controls=\"can-i-cancel-or-reschedule-my-booking\"\r\n            >\r\n                \u00cemi pot anula sau reprograma rezervarea?            <\/button>\r\n        <\/h2>\r\n        <div id=\"st-can-i-cancel-or-reschedule-my-booking\" class=\"accordion-collapse collapse\"\r\n            aria-labelledby=\"heading_can-i-cancel-or-reschedule-my-booking\"\r\n            data-bs-parent=\"#accordion_can-i-cancel-or-reschedule-my-booking\"\r\n        >\r\n            <div class=\"accordion-body\">\r\n                Da, politicile de anulare \u0219i reprogramare depind de furnizor. V\u0103 rug\u0103m s\u0103 verifica\u021bi termenii \u00eenainte de rezervare            <\/div>\r\n        <\/div>\r\n    <\/div>\r\n<\/div>\r\n\t\t\t\t<\/div>\n\t\t\t\t<\/div>\n\t\t\t\t<div class=\"elementor-element elementor-element-66d935f elementor-widget elementor-widget-st_faq\" data-id=\"66d935f\" data-element_type=\"widget\" data-widget_type=\"st_faq.default\">\n\t\t\t\t<div class=\"elementor-widget-container\">\n\t\t\t\t\t<div class=\"accordion faq style1\" id=\"accordion_are-food-and-drinks-available-on-board-the-cruise\">\r\n    <div class=\"accordion-item\">\r\n        <h2 class=\"accordion-header\" id=\"heading_are-food-and-drinks-available-on-board-the-cruise\">\r\n            <button class=\"accordion-button   collapsed\"\r\n                type=\"button\"\r\n                data-bs-toggle=\"collapse\"\r\n                data-bs-target=\"#st-are-food-and-drinks-available-on-board-the-cruise\"\r\n                aria-expanded=\"false\"\r\n                aria-controls=\"are-food-and-drinks-available-on-board-the-cruise\"\r\n            >\r\n                Sunt disponibile alimente \u0219i b\u0103uturi la bordul croazierei?            <\/button>\r\n        <\/h2>\r\n        <div id=\"st-are-food-and-drinks-available-on-board-the-cruise\" class=\"accordion-collapse collapse\"\r\n            aria-labelledby=\"heading_are-food-and-drinks-available-on-board-the-cruise\"\r\n            data-bs-parent=\"#accordion_are-food-and-drinks-available-on-board-the-cruise\"\r\n        >\r\n            <div class=\"accordion-body\">\r\n                Da, alimente \u0219i b\u0103uturi sunt disponibile la bord. Croazierele private includ mese \u0219i b\u0103uturi ca parte a experien\u021bei, \u00een timp ce croazierele non-private ofer\u0103 b\u0103uturi gratuite. \u00cen plus, o selec\u021bie de b\u0103uturi este disponibil\u0103 pentru cump\u0103rare            <\/div>\r\n        <\/div>\r\n    <\/div>\r\n<\/div>\r\n\t\t\t\t<\/div>\n\t\t\t\t<\/div>\n\t\t\t\t<div class=\"elementor-element elementor-element-6a7b5db elementor-widget elementor-widget-st_faq\" data-id=\"6a7b5db\" data-element_type=\"widget\" data-widget_type=\"st_faq.default\">\n\t\t\t\t<div class=\"elementor-widget-container\">\n\t\t\t\t\t<div class=\"accordion faq style1\" id=\"accordion_how-do-i-book-water-sports-or-a-cruise\">\r\n    <div class=\"accordion-item\">\r\n        <h2 class=\"accordion-header\" id=\"heading_how-do-i-book-water-sports-or-a-cruise\">\r\n            <button class=\"accordion-button   collapsed\"\r\n                type=\"button\"\r\n                data-bs-toggle=\"collapse\"\r\n                data-bs-target=\"#st-how-do-i-book-water-sports-or-a-cruise\"\r\n                aria-expanded=\"false\"\r\n                aria-controls=\"how-do-i-book-water-sports-or-a-cruise\"\r\n            >\r\n                Cum rezerv sporturi nautice sau o croazier\u0103?            <\/button>\r\n        <\/h2>\r\n        <div id=\"st-how-do-i-book-water-sports-or-a-cruise\" class=\"accordion-collapse collapse\"\r\n            aria-labelledby=\"heading_how-do-i-book-water-sports-or-a-cruise\"\r\n            data-bs-parent=\"#accordion_how-do-i-book-water-sports-or-a-cruise\"\r\n        >\r\n            <div class=\"accordion-body\">\r\n                Pute\u021bi rezerva prin intermediul site-ului nostru web, pute\u021bi apela la biroul nostru de rezerv\u0103ri sau pute\u021bi vizita biroul nostru. Se recomand\u0103 rezerv\u0103ri \u00een avans, mai ales \u00een sezonul de v\u00e2rf            <\/div>\r\n        <\/div>\r\n    <\/div>\r\n<\/div>\r\n\t\t\t\t<\/div>\n\t\t\t\t<\/div>\n\t\t\t\t<div class=\"elementor-element elementor-element-43604c9 elementor-widget elementor-widget-st_faq\" data-id=\"43604c9\" data-element_type=\"widget\" data-widget_type=\"st_faq.default\">\n\t\t\t\t<div class=\"elementor-widget-container\">\n\t\t\t\t\t<div class=\"accordion faq style1\" id=\"accordion_what-is-the-best-time-of-year-for-water-sports-and-cruises\">\r\n    <div class=\"accordion-item\">\r\n        <h2 class=\"accordion-header\" id=\"heading_what-is-the-best-time-of-year-for-water-sports-and-cruises\">\r\n            <button class=\"accordion-button   collapsed\"\r\n                type=\"button\"\r\n                data-bs-toggle=\"collapse\"\r\n                data-bs-target=\"#st-what-is-the-best-time-of-year-for-water-sports-and-cruises\"\r\n                aria-expanded=\"false\"\r\n                aria-controls=\"what-is-the-best-time-of-year-for-water-sports-and-cruises\"\r\n            >\r\n                Care este cea mai bun\u0103 perioad\u0103 a anului pentru sporturi nautice \u0219i croaziere?            <\/button>\r\n        <\/h2>\r\n        <div id=\"st-what-is-the-best-time-of-year-for-water-sports-and-cruises\" class=\"accordion-collapse collapse\"\r\n            aria-labelledby=\"heading_what-is-the-best-time-of-year-for-water-sports-and-cruises\"\r\n            data-bs-parent=\"#accordion_what-is-the-best-time-of-year-for-water-sports-and-cruises\"\r\n        >\r\n            <div class=\"accordion-body\">\r\n                Clima din Aqaba este ideal\u0103 pentru sporturi nautice \u0219i croaziere pe tot parcursul anului, oferind condi\u021bii pl\u0103cute \u00een cea mai mare parte a anului. Cu toate acestea, exist\u0103 perioade ocazionale \u00een care marea poate experimenta valuri agitate. \u00cen astfel de cazuri, acord\u0103m prioritate siguran\u021bei oaspe\u021bilor \u0219i oferim notific\u0103ri prealabile pentru a asigura o experien\u021b\u0103 sigur\u0103 \u0219i pl\u0103cut\u0103            <\/div>\r\n        <\/div>\r\n    <\/div>\r\n<\/div>\r\n\t\t\t\t<\/div>\n\t\t\t\t<\/div>\n\t\t\t\t<\/div>\n\t\t\t\t\t<\/div>\n\t\t\t\t<\/div>\n\t\t\t\t<\/div>","protected":false},"excerpt":{"rendered":"<p>What types of water sports do you offer? We offer activities such as jet skiing, parasailing, kayaking, paddleboarding, snorkeling, scuba diving, and banana boat rides Are the water sports suitable for beginners? Yes, many of our water sports are beginner-friendly, and we provide detailed instructions and safety briefings to ensure a comfortable and enjoyable experience. [&hellip;]<\/p>","protected":false},"author":2,"featured_media":16162,"parent":0,"menu_order":0,"comment_status":"closed","ping_status":"closed","template":"","meta":{"footnotes":""},"class_list":["post-16265","page","type-page","status-publish","has-post-thumbnail","hentry"],"_links":{"self":[{"href":"https:\/\/sindbadjo.com\/ro\/wp-json\/wp\/v2\/pages\/16265","targetHints":{"allow":["GET"]}}],"collection":[{"href":"https:\/\/sindbadjo.com\/ro\/wp-json\/wp\/v2\/pages"}],"about":[{"href":"https:\/\/sindbadjo.com\/ro\/wp-json\/wp\/v2\/types\/page"}],"author":[{"embeddable":true,"href":"https:\/\/sindbadjo.com\/ro\/wp-json\/wp\/v2\/users\/2"}],"replies":[{"embeddable":true,"href":"https:\/\/sindbadjo.com\/ro\/wp-json\/wp\/v2\/comments?post=16265"}],"version-history":[{"count":7,"href":"https:\/\/sindbadjo.com\/ro\/wp-json\/wp\/v2\/pages\/16265\/revisions"}],"predecessor-version":[{"id":16327,"href":"https:\/\/sindbadjo.com\/ro\/wp-json\/wp\/v2\/pages\/16265\/revisions\/16327"}],"wp:featuredmedia":[{"embeddable":true,"href":"https:\/\/sindbadjo.com\/ro\/wp-json\/wp\/v2\/media\/16162"}],"wp:attachment":[{"href":"https:\/\/sindbadjo.com\/ro\/wp-json\/wp\/v2\/media?parent=16265"}],"curies":[{"name":"wp","href":"https:\/\/api.w.org\/{rel}","templated":true}]}}