{"id":843,"date":"2022-04-18T03:48:43","date_gmt":"2022-04-18T03:48:43","guid":{"rendered":"https:\/\/modmixmap.wpengine.com\/?page_id=843"},"modified":"2024-12-24T16:23:48","modified_gmt":"2024-12-24T13:23:48","slug":"faq","status":"publish","type":"page","link":"https:\/\/sindbadjo.com\/it\/domande-frequenti\/","title":{"rendered":"Domande frequenti"},"content":{"rendered":"<div data-elementor-type=\"wp-page\" data-elementor-id=\"843\" class=\"elementor elementor-843\" data-elementor-post-type=\"page\">\n\t\t\t\t<div class=\"elementor-element elementor-element-8bb2173 e-flex e-con-boxed e-con e-parent\" data-id=\"8bb2173\" data-element_type=\"container\" data-e-type=\"container\">\n\t\t\t\t\t<div class=\"e-con-inner\">\n\t\t\t\t<div class=\"elementor-element elementor-element-00fa535 elementor-widget elementor-widget-heading\" data-id=\"00fa535\" data-element_type=\"widget\" data-e-type=\"widget\" data-widget_type=\"heading.default\">\n\t\t\t\t<div class=\"elementor-widget-container\">\n\t\t\t\t\t<h2 class=\"elementor-heading-title elementor-size-default\">Domande frequenti<\/h2>\t\t\t\t<\/div>\n\t\t\t\t<\/div>\n\t\t\t\t\t<\/div>\n\t\t\t\t<\/div>\n\t\t\t\t<section class=\"elementor-section elementor-inner-section elementor-element elementor-element-16f68bb elementor-section-boxed elementor-section-height-default elementor-section-height-default\" data-id=\"16f68bb\" data-element_type=\"section\" data-e-type=\"section\">\n\t\t\t\t\t\t<div class=\"elementor-container elementor-column-gap-default\">\n\t\t\t\t\t<div class=\"elementor-column elementor-col-50 elementor-inner-column elementor-element elementor-element-7ed3330b\" data-id=\"7ed3330b\" data-element_type=\"column\" data-e-type=\"column\">\n\t\t\t<div class=\"elementor-widget-wrap elementor-element-populated\">\n\t\t\t\t\t\t<div class=\"elementor-element elementor-element-51814d95 elementor-widget elementor-widget-st_faq\" data-id=\"51814d95\" data-element_type=\"widget\" data-e-type=\"widget\" data-widget_type=\"st_faq.default\">\n\t\t\t\t<div class=\"elementor-widget-container\">\n\t\t\t\t\t<div class=\"accordion faq style1\" id=\"accordion_what-are-the-operating-hours-of-the-beach-club\">\r\n    <div class=\"accordion-item\">\r\n        <h2 class=\"accordion-header\" id=\"heading_what-are-the-operating-hours-of-the-beach-club\">\r\n            <button class=\"accordion-button   collapsed\"\r\n                type=\"button\"\r\n                data-bs-toggle=\"collapse\"\r\n                data-bs-target=\"#st-what-are-the-operating-hours-of-the-beach-club\"\r\n                aria-expanded=\"false\"\r\n                aria-controls=\"what-are-the-operating-hours-of-the-beach-club\"\r\n            >\r\n                Quali sono gli orari di apertura del beach club?            <\/button>\r\n        <\/h2>\r\n        <div id=\"st-what-are-the-operating-hours-of-the-beach-club\" class=\"accordion-collapse collapse\"\r\n            aria-labelledby=\"heading_what-are-the-operating-hours-of-the-beach-club\"\r\n            data-bs-parent=\"#accordion_what-are-the-operating-hours-of-the-beach-club\"\r\n        >\r\n            <div class=\"accordion-body\">\r\n                Dom - Mer dalle 9:00 alle 21:00 Sab - Gio dalle 9:00 alle 22:00 Venerd\u00ec dalle 9:00 alle 23:00            <\/div>\r\n        <\/div>\r\n    <\/div>\r\n<\/div>\r\n\t\t\t\t<\/div>\n\t\t\t\t<\/div>\n\t\t\t\t<div class=\"elementor-element elementor-element-2a30987b elementor-widget elementor-widget-st_faq\" data-id=\"2a30987b\" data-element_type=\"widget\" data-e-type=\"widget\" data-widget_type=\"st_faq.default\">\n\t\t\t\t<div class=\"elementor-widget-container\">\n\t\t\t\t\t<div class=\"accordion faq style1\" id=\"accordion_is-there-an-entrance-fee\">\r\n    <div class=\"accordion-item\">\r\n        <h2 class=\"accordion-header\" id=\"heading_is-there-an-entrance-fee\">\r\n            <button class=\"accordion-button   collapsed\"\r\n                type=\"button\"\r\n                data-bs-toggle=\"collapse\"\r\n                data-bs-target=\"#st-is-there-an-entrance-fee\"\r\n                aria-expanded=\"false\"\r\n                aria-controls=\"is-there-an-entrance-fee\"\r\n            >\r\n                L&#039;ingresso \u00e8 a pagamento?            <\/button>\r\n        <\/h2>\r\n        <div id=\"st-is-there-an-entrance-fee\" class=\"accordion-collapse collapse\"\r\n            aria-labelledby=\"heading_is-there-an-entrance-fee\"\r\n            data-bs-parent=\"#accordion_is-there-an-entrance-fee\"\r\n        >\r\n            <div class=\"accordion-body\">\r\n                S\u00ec, c&#039;\u00e8 un biglietto d&#039;ingresso. Per i prezzi attuali, visita il nostro sito web o contatta il nostro servizio clienti.            <\/div>\r\n        <\/div>\r\n    <\/div>\r\n<\/div>\r\n\t\t\t\t<\/div>\n\t\t\t\t<\/div>\n\t\t\t\t<div class=\"elementor-element elementor-element-b672ac0 elementor-widget elementor-widget-st_faq\" data-id=\"b672ac0\" data-element_type=\"widget\" data-e-type=\"widget\" data-widget_type=\"st_faq.default\">\n\t\t\t\t<div class=\"elementor-widget-container\">\n\t\t\t\t\t<div class=\"accordion faq style1\" id=\"accordion_is-the-beach-club-suitable-for-families-with-children\">\r\n    <div class=\"accordion-item\">\r\n        <h2 class=\"accordion-header\" id=\"heading_is-the-beach-club-suitable-for-families-with-children\">\r\n            <button class=\"accordion-button   collapsed\"\r\n                type=\"button\"\r\n                data-bs-toggle=\"collapse\"\r\n                data-bs-target=\"#st-is-the-beach-club-suitable-for-families-with-children\"\r\n                aria-expanded=\"false\"\r\n                aria-controls=\"is-the-beach-club-suitable-for-families-with-children\"\r\n            >\r\n                Il beach club \u00e8 adatto alle famiglie con bambini?            <\/button>\r\n        <\/h2>\r\n        <div id=\"st-is-the-beach-club-suitable-for-families-with-children\" class=\"accordion-collapse collapse\"\r\n            aria-labelledby=\"heading_is-the-beach-club-suitable-for-families-with-children\"\r\n            data-bs-parent=\"#accordion_is-the-beach-club-suitable-for-families-with-children\"\r\n        >\r\n            <div class=\"accordion-body\">\r\n                Assolutamente! Abbiamo strutture adatte alle famiglie, tra cui un&#039;area giochi per bambini e zone per nuotare in acque poco profonde.            <\/div>\r\n        <\/div>\r\n    <\/div>\r\n<\/div>\r\n\t\t\t\t<\/div>\n\t\t\t\t<\/div>\n\t\t\t\t<div class=\"elementor-element elementor-element-76efa315 elementor-widget elementor-widget-st_faq\" data-id=\"76efa315\" data-element_type=\"widget\" data-e-type=\"widget\" data-widget_type=\"st_faq.default\">\n\t\t\t\t<div class=\"elementor-widget-container\">\n\t\t\t\t\t<div class=\"accordion faq style1\" id=\"accordion_can-i-rent-equipment-like-snorkeling-gear-or-kayaks\">\r\n    <div class=\"accordion-item\">\r\n        <h2 class=\"accordion-header\" id=\"heading_can-i-rent-equipment-like-snorkeling-gear-or-kayaks\">\r\n            <button class=\"accordion-button   collapsed\"\r\n                type=\"button\"\r\n                data-bs-toggle=\"collapse\"\r\n                data-bs-target=\"#st-can-i-rent-equipment-like-snorkeling-gear-or-kayaks\"\r\n                aria-expanded=\"false\"\r\n                aria-controls=\"can-i-rent-equipment-like-snorkeling-gear-or-kayaks\"\r\n            >\r\n                Posso noleggiare attrezzature come quelle per lo snorkeling o i kayak?            <\/button>\r\n        <\/h2>\r\n        <div id=\"st-can-i-rent-equipment-like-snorkeling-gear-or-kayaks\" class=\"accordion-collapse collapse\"\r\n            aria-labelledby=\"heading_can-i-rent-equipment-like-snorkeling-gear-or-kayaks\"\r\n            data-bs-parent=\"#accordion_can-i-rent-equipment-like-snorkeling-gear-or-kayaks\"\r\n        >\r\n            <div class=\"accordion-body\">\r\n                S\u00ec, offriamo il noleggio di attrezzature per lo snorkeling, il kayak e altre attivit\u00e0 acquatiche. Si prega di chiedere alla reception per disponibilit\u00e0 e prezzi.            <\/div>\r\n        <\/div>\r\n    <\/div>\r\n<\/div>\r\n\t\t\t\t<\/div>\n\t\t\t\t<\/div>\n\t\t\t\t<div class=\"elementor-element elementor-element-9d8001b elementor-widget elementor-widget-st_faq\" data-id=\"9d8001b\" data-element_type=\"widget\" data-e-type=\"widget\" data-widget_type=\"st_faq.default\">\n\t\t\t\t<div class=\"elementor-widget-container\">\n\t\t\t\t\t<div class=\"accordion faq style1\" id=\"accordion_do-we-need-to-reserve-in-advance\">\r\n    <div class=\"accordion-item\">\r\n        <h2 class=\"accordion-header\" id=\"heading_do-we-need-to-reserve-in-advance\">\r\n            <button class=\"accordion-button   collapsed\"\r\n                type=\"button\"\r\n                data-bs-toggle=\"collapse\"\r\n                data-bs-target=\"#st-do-we-need-to-reserve-in-advance\"\r\n                aria-expanded=\"false\"\r\n                aria-controls=\"do-we-need-to-reserve-in-advance\"\r\n            >\r\n                Bisogna prenotare in anticipo?            <\/button>\r\n        <\/h2>\r\n        <div id=\"st-do-we-need-to-reserve-in-advance\" class=\"accordion-collapse collapse\"\r\n            aria-labelledby=\"heading_do-we-need-to-reserve-in-advance\"\r\n            data-bs-parent=\"#accordion_do-we-need-to-reserve-in-advance\"\r\n        >\r\n            <div class=\"accordion-body\">\r\n                Non \u00e8 obbligatorio prenotare in anticipo, ma \u00e8 altamente consigliato, soprattutto per i gruppi. Effettuare una prenotazione assicura che possiamo ospitare comodamente la tua visita            <\/div>\r\n        <\/div>\r\n    <\/div>\r\n<\/div>\r\n\t\t\t\t<\/div>\n\t\t\t\t<\/div>\n\t\t\t\t<div class=\"elementor-element elementor-element-ed9572b elementor-widget elementor-widget-st_faq\" data-id=\"ed9572b\" data-element_type=\"widget\" data-e-type=\"widget\" data-widget_type=\"st_faq.default\">\n\t\t\t\t<div class=\"elementor-widget-container\">\n\t\t\t\t\t<div class=\"accordion faq style1\" id=\"accordion_is-shisha-allowed-can-we-bring-our-own-shisha\">\r\n    <div class=\"accordion-item\">\r\n        <h2 class=\"accordion-header\" id=\"heading_is-shisha-allowed-can-we-bring-our-own-shisha\">\r\n            <button class=\"accordion-button   collapsed\"\r\n                type=\"button\"\r\n                data-bs-toggle=\"collapse\"\r\n                data-bs-target=\"#st-is-shisha-allowed-can-we-bring-our-own-shisha\"\r\n                aria-expanded=\"false\"\r\n                aria-controls=\"is-shisha-allowed-can-we-bring-our-own-shisha\"\r\n            >\r\n                \u00c8 consentito fumare la shisha? Possiamo portare la nostra shisha?            <\/button>\r\n        <\/h2>\r\n        <div id=\"st-is-shisha-allowed-can-we-bring-our-own-shisha\" class=\"accordion-collapse collapse\"\r\n            aria-labelledby=\"heading_is-shisha-allowed-can-we-bring-our-own-shisha\"\r\n            data-bs-parent=\"#accordion_is-shisha-allowed-can-we-bring-our-own-shisha\"\r\n        >\r\n            <div class=\"accordion-body\">\r\n                S\u00ec, \u00e8 consentito fumare la shisha, ma sfortunatamente non puoi portare la tua shisha            <\/div>\r\n        <\/div>\r\n    <\/div>\r\n<\/div>\r\n\t\t\t\t<\/div>\n\t\t\t\t<\/div>\n\t\t\t\t\t<\/div>\n\t\t<\/div>\n\t\t\t\t<div class=\"elementor-column elementor-col-50 elementor-inner-column elementor-element elementor-element-6da7a48b\" data-id=\"6da7a48b\" data-element_type=\"column\" data-e-type=\"column\">\n\t\t\t<div class=\"elementor-widget-wrap elementor-element-populated\">\n\t\t\t\t\t\t<div class=\"elementor-element elementor-element-3c081cee elementor-widget elementor-widget-st_faq\" data-id=\"3c081cee\" data-element_type=\"widget\" data-e-type=\"widget\" data-widget_type=\"st_faq.default\">\n\t\t\t\t<div class=\"elementor-widget-container\">\n\t\t\t\t\t<div class=\"accordion faq style1\" id=\"accordion_is-wi-fi-available-at-the-beach-club\">\r\n    <div class=\"accordion-item\">\r\n        <h2 class=\"accordion-header\" id=\"heading_is-wi-fi-available-at-the-beach-club\">\r\n            <button class=\"accordion-button   collapsed\"\r\n                type=\"button\"\r\n                data-bs-toggle=\"collapse\"\r\n                data-bs-target=\"#st-is-wi-fi-available-at-the-beach-club\"\r\n                aria-expanded=\"false\"\r\n                aria-controls=\"is-wi-fi-available-at-the-beach-club\"\r\n            >\r\n                \u00c8 disponibile il Wi-Fi presso il beach club?            <\/button>\r\n        <\/h2>\r\n        <div id=\"st-is-wi-fi-available-at-the-beach-club\" class=\"accordion-collapse collapse\"\r\n            aria-labelledby=\"heading_is-wi-fi-available-at-the-beach-club\"\r\n            data-bs-parent=\"#accordion_is-wi-fi-available-at-the-beach-club\"\r\n        >\r\n            <div class=\"accordion-body\">\r\n                S\u00ec, la connessione Wi-Fi gratuita \u00e8 disponibile in tutto il beach club per i nostri ospiti.            <\/div>\r\n        <\/div>\r\n    <\/div>\r\n<\/div>\r\n\t\t\t\t<\/div>\n\t\t\t\t<\/div>\n\t\t\t\t<div class=\"elementor-element elementor-element-404be9d3 elementor-widget elementor-widget-st_faq\" data-id=\"404be9d3\" data-element_type=\"widget\" data-e-type=\"widget\" data-widget_type=\"st_faq.default\">\n\t\t\t\t<div class=\"elementor-widget-container\">\n\t\t\t\t\t<div class=\"accordion faq style1\" id=\"accordion_what-is-your-policy-on-bringing-outside-food-and-drinks\">\r\n    <div class=\"accordion-item\">\r\n        <h2 class=\"accordion-header\" id=\"heading_what-is-your-policy-on-bringing-outside-food-and-drinks\">\r\n            <button class=\"accordion-button   collapsed\"\r\n                type=\"button\"\r\n                data-bs-toggle=\"collapse\"\r\n                data-bs-target=\"#st-what-is-your-policy-on-bringing-outside-food-and-drinks\"\r\n                aria-expanded=\"false\"\r\n                aria-controls=\"what-is-your-policy-on-bringing-outside-food-and-drinks\"\r\n            >\r\n                Qual \u00e8 la vostra politica in merito al portare cibo e bevande dall&#039;esterno?            <\/button>\r\n        <\/h2>\r\n        <div id=\"st-what-is-your-policy-on-bringing-outside-food-and-drinks\" class=\"accordion-collapse collapse\"\r\n            aria-labelledby=\"heading_what-is-your-policy-on-bringing-outside-food-and-drinks\"\r\n            data-bs-parent=\"#accordion_what-is-your-policy-on-bringing-outside-food-and-drinks\"\r\n        >\r\n            <div class=\"accordion-body\">\r\n                Non sono ammessi cibi e bevande dall&#039;esterno. Tuttavia, abbiamo una variet\u00e0 di opzioni di cibo e bevande disponibili in loco.            <\/div>\r\n        <\/div>\r\n    <\/div>\r\n<\/div>\r\n\t\t\t\t<\/div>\n\t\t\t\t<\/div>\n\t\t\t\t<div class=\"elementor-element elementor-element-cfe8e5c elementor-widget elementor-widget-st_faq\" data-id=\"cfe8e5c\" data-element_type=\"widget\" data-e-type=\"widget\" data-widget_type=\"st_faq.default\">\n\t\t\t\t<div class=\"elementor-widget-container\">\n\t\t\t\t\t<div class=\"accordion faq style1\" id=\"accordion_do-you-offer-shuttle-services-to-and-from-the-beach-club\">\r\n    <div class=\"accordion-item\">\r\n        <h2 class=\"accordion-header\" id=\"heading_do-you-offer-shuttle-services-to-and-from-the-beach-club\">\r\n            <button class=\"accordion-button   collapsed\"\r\n                type=\"button\"\r\n                data-bs-toggle=\"collapse\"\r\n                data-bs-target=\"#st-do-you-offer-shuttle-services-to-and-from-the-beach-club\"\r\n                aria-expanded=\"false\"\r\n                aria-controls=\"do-you-offer-shuttle-services-to-and-from-the-beach-club\"\r\n            >\r\n                Offrite un servizio navetta da e per lo stabilimento balneare?            <\/button>\r\n        <\/h2>\r\n        <div id=\"st-do-you-offer-shuttle-services-to-and-from-the-beach-club\" class=\"accordion-collapse collapse\"\r\n            aria-labelledby=\"heading_do-you-offer-shuttle-services-to-and-from-the-beach-club\"\r\n            data-bs-parent=\"#accordion_do-you-offer-shuttle-services-to-and-from-the-beach-club\"\r\n        >\r\n            <div class=\"accordion-body\">\r\n                S\u00ec, offriamo servizi navetta da varie localit\u00e0 di Aqaba. Per maggiori informazioni, consulta questo link: https:\/\/shorturl.at\/94Uie oppure contattaci al numero: +962791999182            <\/div>\r\n        <\/div>\r\n    <\/div>\r\n<\/div>\r\n\t\t\t\t<\/div>\n\t\t\t\t<\/div>\n\t\t\t\t<div class=\"elementor-element elementor-element-522e6867 elementor-widget elementor-widget-st_faq\" data-id=\"522e6867\" data-element_type=\"widget\" data-e-type=\"widget\" data-widget_type=\"st_faq.default\">\n\t\t\t\t<div class=\"elementor-widget-container\">\n\t\t\t\t\t<div class=\"accordion faq style1\" id=\"accordion_what-types-of-payment-do-you-accept\">\r\n    <div class=\"accordion-item\">\r\n        <h2 class=\"accordion-header\" id=\"heading_what-types-of-payment-do-you-accept\">\r\n            <button class=\"accordion-button   collapsed\"\r\n                type=\"button\"\r\n                data-bs-toggle=\"collapse\"\r\n                data-bs-target=\"#st-what-types-of-payment-do-you-accept\"\r\n                aria-expanded=\"false\"\r\n                aria-controls=\"what-types-of-payment-do-you-accept\"\r\n            >\r\n                Quali tipi di pagamento accettate?            <\/button>\r\n        <\/h2>\r\n        <div id=\"st-what-types-of-payment-do-you-accept\" class=\"accordion-collapse collapse\"\r\n            aria-labelledby=\"heading_what-types-of-payment-do-you-accept\"\r\n            data-bs-parent=\"#accordion_what-types-of-payment-do-you-accept\"\r\n        >\r\n            <div class=\"accordion-body\">\r\n                Accettiamo vari metodi di pagamento, tra cui contanti e carte di credito\/debito.            <\/div>\r\n        <\/div>\r\n    <\/div>\r\n<\/div>\r\n\t\t\t\t<\/div>\n\t\t\t\t<\/div>\n\t\t\t\t<div class=\"elementor-element elementor-element-8af6709 elementor-widget elementor-widget-st_faq\" data-id=\"8af6709\" data-element_type=\"widget\" data-e-type=\"widget\" data-widget_type=\"st_faq.default\">\n\t\t\t\t<div class=\"elementor-widget-container\">\n\t\t\t\t\t<div class=\"accordion faq style1\" id=\"accordion_what-promotions-do-you-have-for-friday\">\r\n    <div class=\"accordion-item\">\r\n        <h2 class=\"accordion-header\" id=\"heading_what-promotions-do-you-have-for-friday\">\r\n            <button class=\"accordion-button   collapsed\"\r\n                type=\"button\"\r\n                data-bs-toggle=\"collapse\"\r\n                data-bs-target=\"#st-what-promotions-do-you-have-for-friday\"\r\n                aria-expanded=\"false\"\r\n                aria-controls=\"what-promotions-do-you-have-for-friday\"\r\n            >\r\n                Quali promozioni hai per venerd\u00ec?            <\/button>\r\n        <\/h2>\r\n        <div id=\"st-what-promotions-do-you-have-for-friday\" class=\"accordion-collapse collapse\"\r\n            aria-labelledby=\"heading_what-promotions-do-you-have-for-friday\"\r\n            data-bs-parent=\"#accordion_what-promotions-do-you-have-for-friday\"\r\n        >\r\n            <div class=\"accordion-body\">\r\n                S\u00ec, lo abbiamo fatto! Contattaci al numero +962791999182            <\/div>\r\n        <\/div>\r\n    <\/div>\r\n<\/div>\r\n\t\t\t\t<\/div>\n\t\t\t\t<\/div>\n\t\t\t\t<div class=\"elementor-element elementor-element-8bce7e9 elementor-widget elementor-widget-st_faq\" data-id=\"8bce7e9\" data-element_type=\"widget\" data-e-type=\"widget\" data-widget_type=\"st_faq.default\">\n\t\t\t\t<div class=\"elementor-widget-container\">\n\t\t\t\t\t<div class=\"accordion faq style1\" id=\"accordion_is-it-allowed-for-guys-to-come-alone\">\r\n    <div class=\"accordion-item\">\r\n        <h2 class=\"accordion-header\" id=\"heading_is-it-allowed-for-guys-to-come-alone\">\r\n            <button class=\"accordion-button   collapsed\"\r\n                type=\"button\"\r\n                data-bs-toggle=\"collapse\"\r\n                data-bs-target=\"#st-is-it-allowed-for-guys-to-come-alone\"\r\n                aria-expanded=\"false\"\r\n                aria-controls=\"is-it-allowed-for-guys-to-come-alone\"\r\n            >\r\n                \u00c8 consentito ai ragazzi venire da soli?            <\/button>\r\n        <\/h2>\r\n        <div id=\"st-is-it-allowed-for-guys-to-come-alone\" class=\"accordion-collapse collapse\"\r\n            aria-labelledby=\"heading_is-it-allowed-for-guys-to-come-alone\"\r\n            data-bs-parent=\"#accordion_is-it-allowed-for-guys-to-come-alone\"\r\n        >\r\n            <div class=\"accordion-body\">\r\n                Ci scusiamo, ma la nostra politica accoglie solo famiglie o gruppi di donne            <\/div>\r\n        <\/div>\r\n    <\/div>\r\n<\/div>\r\n\t\t\t\t<\/div>\n\t\t\t\t<\/div>\n\t\t\t\t\t<\/div>\n\t\t<\/div>\n\t\t\t\t\t<\/div>\n\t\t<\/section>\n\t\t\t\t<section class=\"elementor-section elementor-top-section elementor-element elementor-element-7989b718 elementor-section-boxed elementor-section-height-default elementor-section-height-default\" data-id=\"7989b718\" data-element_type=\"section\" data-e-type=\"section\">\n\t\t\t\t\t\t<div class=\"elementor-container elementor-column-gap-default\">\n\t\t\t\t\t<div class=\"elementor-column elementor-col-100 elementor-top-column elementor-element elementor-element-17508503\" data-id=\"17508503\" data-element_type=\"column\" data-e-type=\"column\">\n\t\t\t<div class=\"elementor-widget-wrap elementor-element-populated\">\n\t\t\t\t\t\t<section class=\"elementor-section elementor-inner-section elementor-element elementor-element-4b96573a elementor-section-boxed elementor-section-height-default elementor-section-height-default\" data-id=\"4b96573a\" data-element_type=\"section\" data-e-type=\"section\">\n\t\t\t\t\t\t<div class=\"elementor-container elementor-column-gap-default\">\n\t\t\t\t\t<div class=\"elementor-column elementor-col-50 elementor-inner-column elementor-element elementor-element-5536b8a9\" data-id=\"5536b8a9\" data-element_type=\"column\" data-e-type=\"column\">\n\t\t\t<div class=\"elementor-widget-wrap elementor-element-populated\">\n\t\t\t\t\t\t<div class=\"elementor-element elementor-element-50fbb6c elementor-widget elementor-widget-image\" data-id=\"50fbb6c\" data-element_type=\"widget\" data-e-type=\"widget\" data-widget_type=\"image.default\">\n\t\t\t\t<div class=\"elementor-widget-container\">\n\t\t\t\t\t\t\t\t\t\t\t\t\t\t\t<img fetchpriority=\"high\" decoding=\"async\" width=\"1600\" height=\"1200\" src=\"https:\/\/sindbadjo.com\/wp-content\/uploads\/2024\/09\/c007db92-56d8-4720-88cf-ccc8adb3617a-1.jpeg\" class=\"attachment-full size-full wp-image-15450\" alt=\"\" srcset=\"https:\/\/sindbadjo.com\/wp-content\/uploads\/2024\/09\/c007db92-56d8-4720-88cf-ccc8adb3617a-1.jpeg 1600w, https:\/\/sindbadjo.com\/wp-content\/uploads\/2024\/09\/c007db92-56d8-4720-88cf-ccc8adb3617a-1-768x576.jpeg 768w, https:\/\/sindbadjo.com\/wp-content\/uploads\/2024\/09\/c007db92-56d8-4720-88cf-ccc8adb3617a-1-600x450.jpeg 600w, https:\/\/sindbadjo.com\/wp-content\/uploads\/2024\/09\/c007db92-56d8-4720-88cf-ccc8adb3617a-1-360x270.jpeg 360w\" sizes=\"(max-width: 1600px) 100vw, 1600px\" \/>\t\t\t\t\t\t\t\t\t\t\t\t\t\t\t<\/div>\n\t\t\t\t<\/div>\n\t\t\t\t\t<\/div>\n\t\t<\/div>\n\t\t\t\t<div class=\"elementor-column elementor-col-50 elementor-inner-column elementor-element elementor-element-144eb720\" data-id=\"144eb720\" data-element_type=\"column\" data-e-type=\"column\" data-settings=\"{&quot;background_background&quot;:&quot;classic&quot;}\">\n\t\t\t<div class=\"elementor-widget-wrap elementor-element-populated\">\n\t\t\t\t\t\t<div class=\"elementor-element elementor-element-56fb05a5 elementor-widget elementor-widget-heading\" data-id=\"56fb05a5\" data-element_type=\"widget\" data-e-type=\"widget\" data-widget_type=\"heading.default\">\n\t\t\t\t<div class=\"elementor-widget-container\">\n\t\t\t\t\t<h2 class=\"elementor-heading-title elementor-size-default\">Ottieni offerte speciali e altro ancora se prenoti in anticipo<\/h2>\t\t\t\t<\/div>\n\t\t\t\t<\/div>\n\t\t\t\t<div class=\"elementor-element elementor-element-2e3ad502 elementor-widget elementor-widget-heading\" data-id=\"2e3ad502\" data-element_type=\"widget\" data-e-type=\"widget\" data-widget_type=\"heading.default\">\n\t\t\t\t<div class=\"elementor-widget-container\">\n\t\t\t\t\t<p class=\"elementor-heading-title elementor-size-default\">Iscriviti per ricevere le nostre ultime offerte e novit\u00e0!<\/p>\t\t\t\t<\/div>\n\t\t\t\t<\/div>\n\t\t\t\t<div class=\"elementor-element elementor-element-428f8000 elementor-widget elementor-widget-shortcode\" data-id=\"428f8000\" data-element_type=\"widget\" data-e-type=\"widget\" data-widget_type=\"shortcode.default\">\n\t\t\t\t<div class=\"elementor-widget-container\">\n\t\t\t\t\t\t\t<div class=\"elementor-shortcode\">[id_form_mc4wp=&quot;92&quot;]<\/div>\n\t\t\t\t\t\t<\/div>\n\t\t\t\t<\/div>\n\t\t\t\t\t<\/div>\n\t\t<\/div>\n\t\t\t\t\t<\/div>\n\t\t<\/section>\n\t\t\t\t\t<\/div>\n\t\t<\/div>\n\t\t\t\t\t<\/div>\n\t\t<\/section>\n\t\t\t\t<\/div>","protected":false},"excerpt":{"rendered":"<p>Frequently asked questions What are the operating hours of the beach club? Sun &#8211; Wed from 9:00 AM to 09:00 PM Sat &#8211; Thu from 9 Am to 10 PM Friday from: 9:00 AM to 11:00 PM Is there an entrance fee? Yes, there is an entrance fee. For current pricing, please visit our website [&hellip;]<\/p>","protected":false},"author":1,"featured_media":15450,"parent":0,"menu_order":0,"comment_status":"closed","ping_status":"closed","template":"template-blank.php","meta":{"footnotes":""},"class_list":["post-843","page","type-page","status-publish","has-post-thumbnail","hentry"],"_links":{"self":[{"href":"https:\/\/sindbadjo.com\/it\/wp-json\/wp\/v2\/pages\/843","targetHints":{"allow":["GET"]}}],"collection":[{"href":"https:\/\/sindbadjo.com\/it\/wp-json\/wp\/v2\/pages"}],"about":[{"href":"https:\/\/sindbadjo.com\/it\/wp-json\/wp\/v2\/types\/page"}],"author":[{"embeddable":true,"href":"https:\/\/sindbadjo.com\/it\/wp-json\/wp\/v2\/users\/1"}],"replies":[{"embeddable":true,"href":"https:\/\/sindbadjo.com\/it\/wp-json\/wp\/v2\/comments?post=843"}],"version-history":[{"count":36,"href":"https:\/\/sindbadjo.com\/it\/wp-json\/wp\/v2\/pages\/843\/revisions"}],"predecessor-version":[{"id":16301,"href":"https:\/\/sindbadjo.com\/it\/wp-json\/wp\/v2\/pages\/843\/revisions\/16301"}],"wp:featuredmedia":[{"embeddable":true,"href":"https:\/\/sindbadjo.com\/it\/wp-json\/wp\/v2\/media\/15450"}],"wp:attachment":[{"href":"https:\/\/sindbadjo.com\/it\/wp-json\/wp\/v2\/media?parent=843"}],"curies":[{"name":"wp","href":"https:\/\/api.w.org\/{rel}","templated":true}]}}