{"id":16265,"date":"2024-12-22T18:53:05","date_gmt":"2024-12-22T15:53:05","guid":{"rendered":"https:\/\/sindbadjo.com\/?page_id=16265"},"modified":"2024-12-26T15:54:19","modified_gmt":"2024-12-26T12:54:19","slug":"faq-water-sports-and-cruises","status":"publish","type":"page","link":"https:\/\/sindbadjo.com\/it\/faq-sport-acquatici-e-crociere\/","title":{"rendered":"FAQ \u2013 Sport acquatici e crociere"},"content":{"rendered":"<div data-elementor-type=\"wp-page\" data-elementor-id=\"16265\" class=\"elementor elementor-16265\" data-elementor-post-type=\"page\">\n\t\t\t\t<div class=\"elementor-element elementor-element-377373e e-flex e-con-boxed e-con e-parent\" data-id=\"377373e\" data-element_type=\"container\">\n\t\t\t\t\t<div class=\"e-con-inner\">\n\t\t<div class=\"elementor-element elementor-element-8820d98 e-con-full e-flex e-con e-child\" data-id=\"8820d98\" data-element_type=\"container\">\n\t\t\t\t<div class=\"elementor-element elementor-element-65746fd elementor-widget elementor-widget-st_faq\" data-id=\"65746fd\" data-element_type=\"widget\" data-widget_type=\"st_faq.default\">\n\t\t\t\t<div class=\"elementor-widget-container\">\n\t\t\t\t\t<div class=\"accordion faq style1\" id=\"accordion_what-types-of-water-sports-do-you-offer\">\r\n    <div class=\"accordion-item\">\r\n        <h2 class=\"accordion-header\" id=\"heading_what-types-of-water-sports-do-you-offer\">\r\n            <button class=\"accordion-button   collapsed\"\r\n                type=\"button\"\r\n                data-bs-toggle=\"collapse\"\r\n                data-bs-target=\"#st-what-types-of-water-sports-do-you-offer\"\r\n                aria-expanded=\"false\"\r\n                aria-controls=\"what-types-of-water-sports-do-you-offer\"\r\n            >\r\n                Che tipo di sport acquatici offrite?            <\/button>\r\n        <\/h2>\r\n        <div id=\"st-what-types-of-water-sports-do-you-offer\" class=\"accordion-collapse collapse\"\r\n            aria-labelledby=\"heading_what-types-of-water-sports-do-you-offer\"\r\n            data-bs-parent=\"#accordion_what-types-of-water-sports-do-you-offer\"\r\n        >\r\n            <div class=\"accordion-body\">\r\n                Offriamo attivit\u00e0 come jet ski, parasailing, kayak, paddleboarding, snorkeling, immersioni subacquee e giri in banana boat\n            <\/div>\r\n        <\/div>\r\n    <\/div>\r\n<\/div>\r\n\t\t\t\t<\/div>\n\t\t\t\t<\/div>\n\t\t\t\t<div class=\"elementor-element elementor-element-8815d3a elementor-widget elementor-widget-st_faq\" data-id=\"8815d3a\" data-element_type=\"widget\" data-widget_type=\"st_faq.default\">\n\t\t\t\t<div class=\"elementor-widget-container\">\n\t\t\t\t\t<div class=\"accordion faq style1\" id=\"accordion_are-the-water-sports-suitable-for-beginners\">\r\n    <div class=\"accordion-item\">\r\n        <h2 class=\"accordion-header\" id=\"heading_are-the-water-sports-suitable-for-beginners\">\r\n            <button class=\"accordion-button   collapsed\"\r\n                type=\"button\"\r\n                data-bs-toggle=\"collapse\"\r\n                data-bs-target=\"#st-are-the-water-sports-suitable-for-beginners\"\r\n                aria-expanded=\"false\"\r\n                aria-controls=\"are-the-water-sports-suitable-for-beginners\"\r\n            >\r\n                Gli sport acquatici sono adatti ai principianti?            <\/button>\r\n        <\/h2>\r\n        <div id=\"st-are-the-water-sports-suitable-for-beginners\" class=\"accordion-collapse collapse\"\r\n            aria-labelledby=\"heading_are-the-water-sports-suitable-for-beginners\"\r\n            data-bs-parent=\"#accordion_are-the-water-sports-suitable-for-beginners\"\r\n        >\r\n            <div class=\"accordion-body\">\r\n                S\u00ec, molti dei nostri sport acquatici sono adatti ai principianti e forniamo istruzioni dettagliate e briefing sulla sicurezza per garantire un&#039;esperienza confortevole e piacevole. Per attivit\u00e0 come le immersioni subacquee, \u00e8 richiesta una formazione di base, che forniamo professionalmente per garantire sicurezza e sicurezza            <\/div>\r\n        <\/div>\r\n    <\/div>\r\n<\/div>\r\n\t\t\t\t<\/div>\n\t\t\t\t<\/div>\n\t\t\t\t<div class=\"elementor-element elementor-element-d3aa287 elementor-widget elementor-widget-st_faq\" data-id=\"d3aa287\" data-element_type=\"widget\" data-widget_type=\"st_faq.default\">\n\t\t\t\t<div class=\"elementor-widget-container\">\n\t\t\t\t\t<div class=\"accordion faq style1\" id=\"accordion_do-i-need-to-know-how-to-swim-to-participate\">\r\n    <div class=\"accordion-item\">\r\n        <h2 class=\"accordion-header\" id=\"heading_do-i-need-to-know-how-to-swim-to-participate\">\r\n            <button class=\"accordion-button   collapsed\"\r\n                type=\"button\"\r\n                data-bs-toggle=\"collapse\"\r\n                data-bs-target=\"#st-do-i-need-to-know-how-to-swim-to-participate\"\r\n                aria-expanded=\"false\"\r\n                aria-controls=\"do-i-need-to-know-how-to-swim-to-participate\"\r\n            >\r\n                Per partecipare \u00e8 necessario saper nuotare?            <\/button>\r\n        <\/h2>\r\n        <div id=\"st-do-i-need-to-know-how-to-swim-to-participate\" class=\"accordion-collapse collapse\"\r\n            aria-labelledby=\"heading_do-i-need-to-know-how-to-swim-to-participate\"\r\n            data-bs-parent=\"#accordion_do-i-need-to-know-how-to-swim-to-participate\"\r\n        >\r\n            <div class=\"accordion-body\">\r\n                Sebbene le capacit\u00e0 natatorie siano utili, molte attivit\u00e0 (ad esempio, jet ski o parasailing) non richiedono il nuoto. I giubbotti di salvataggio sono forniti per tutti gli sport acquatici per garantire la tua sicurezza            <\/div>\r\n        <\/div>\r\n    <\/div>\r\n<\/div>\r\n\t\t\t\t<\/div>\n\t\t\t\t<\/div>\n\t\t\t\t<div class=\"elementor-element elementor-element-5f0711c elementor-widget elementor-widget-st_faq\" data-id=\"5f0711c\" data-element_type=\"widget\" data-widget_type=\"st_faq.default\">\n\t\t\t\t<div class=\"elementor-widget-container\">\n\t\t\t\t\t<div class=\"accordion faq style1\" id=\"accordion_are-there-any-age-or-health-restrictions\">\r\n    <div class=\"accordion-item\">\r\n        <h2 class=\"accordion-header\" id=\"heading_are-there-any-age-or-health-restrictions\">\r\n            <button class=\"accordion-button   collapsed\"\r\n                type=\"button\"\r\n                data-bs-toggle=\"collapse\"\r\n                data-bs-target=\"#st-are-there-any-age-or-health-restrictions\"\r\n                aria-expanded=\"false\"\r\n                aria-controls=\"are-there-any-age-or-health-restrictions\"\r\n            >\r\n                Ci sono restrizioni legate all&#039;et\u00e0 o alla salute?            <\/button>\r\n        <\/h2>\r\n        <div id=\"st-are-there-any-age-or-health-restrictions\" class=\"accordion-collapse collapse\"\r\n            aria-labelledby=\"heading_are-there-any-age-or-health-restrictions\"\r\n            data-bs-parent=\"#accordion_are-there-any-age-or-health-restrictions\"\r\n        >\r\n            <div class=\"accordion-body\">\r\n                Le limitazioni di et\u00e0 e salute variano a seconda dell&#039;attivit\u00e0. Alcuni sport ad alto tasso di adrenalina hanno requisiti di et\u00e0 e peso, mentre altri, come il kayak, sono aperti a tutte le et\u00e0. Vi preghiamo di informarci in anticipo di eventuali problemi di salute            <\/div>\r\n        <\/div>\r\n    <\/div>\r\n<\/div>\r\n\t\t\t\t<\/div>\n\t\t\t\t<\/div>\n\t\t\t\t<div class=\"elementor-element elementor-element-2b81a61 elementor-widget elementor-widget-st_faq\" data-id=\"2b81a61\" data-element_type=\"widget\" data-widget_type=\"st_faq.default\">\n\t\t\t\t<div class=\"elementor-widget-container\">\n\t\t\t\t\t<div class=\"accordion faq style1\" id=\"accordion_what-safety-measures-are-in-place\">\r\n    <div class=\"accordion-item\">\r\n        <h2 class=\"accordion-header\" id=\"heading_what-safety-measures-are-in-place\">\r\n            <button class=\"accordion-button   collapsed\"\r\n                type=\"button\"\r\n                data-bs-toggle=\"collapse\"\r\n                data-bs-target=\"#st-what-safety-measures-are-in-place\"\r\n                aria-expanded=\"false\"\r\n                aria-controls=\"what-safety-measures-are-in-place\"\r\n            >\r\n                Quali misure di sicurezza sono in atto?            <\/button>\r\n        <\/h2>\r\n        <div id=\"st-what-safety-measures-are-in-place\" class=\"accordion-collapse collapse\"\r\n            aria-labelledby=\"heading_what-safety-measures-are-in-place\"\r\n            data-bs-parent=\"#accordion_what-safety-measures-are-in-place\"\r\n        >\r\n            <div class=\"accordion-body\">\r\n                Diamo priorit\u00e0 alla sicurezza con personale qualificato, attrezzature di alta qualit\u00e0 e rispetto delle condizioni meteorologiche. Tutti i partecipanti ricevono briefing sulla sicurezza e devono seguire le istruzioni            <\/div>\r\n        <\/div>\r\n    <\/div>\r\n<\/div>\r\n\t\t\t\t<\/div>\n\t\t\t\t<\/div>\n\t\t\t\t<div class=\"elementor-element elementor-element-4638e55 elementor-widget elementor-widget-st_faq\" data-id=\"4638e55\" data-element_type=\"widget\" data-widget_type=\"st_faq.default\">\n\t\t\t\t<div class=\"elementor-widget-container\">\n\t\t\t\t\t<div class=\"accordion faq style1\" id=\"accordion_can-i-book-private-water-sports-sessions-or-a-private-cruise\">\r\n    <div class=\"accordion-item\">\r\n        <h2 class=\"accordion-header\" id=\"heading_can-i-book-private-water-sports-sessions-or-a-private-cruise\">\r\n            <button class=\"accordion-button   collapsed\"\r\n                type=\"button\"\r\n                data-bs-toggle=\"collapse\"\r\n                data-bs-target=\"#st-can-i-book-private-water-sports-sessions-or-a-private-cruise\"\r\n                aria-expanded=\"false\"\r\n                aria-controls=\"can-i-book-private-water-sports-sessions-or-a-private-cruise\"\r\n            >\r\n                Posso prenotare sessioni private di sport acquatici o una crociera privata?            <\/button>\r\n        <\/h2>\r\n        <div id=\"st-can-i-book-private-water-sports-sessions-or-a-private-cruise\" class=\"accordion-collapse collapse\"\r\n            aria-labelledby=\"heading_can-i-book-private-water-sports-sessions-or-a-private-cruise\"\r\n            data-bs-parent=\"#accordion_can-i-book-private-water-sports-sessions-or-a-private-cruise\"\r\n        >\r\n            <div class=\"accordion-body\">\r\n                S\u00ec, sono disponibili prenotazioni private per gruppi, coppie o eventi. Contattateci per pacchetti personalizzati            <\/div>\r\n        <\/div>\r\n    <\/div>\r\n<\/div>\r\n\t\t\t\t<\/div>\n\t\t\t\t<\/div>\n\t\t\t\t<div class=\"elementor-element elementor-element-5d44333 elementor-widget elementor-widget-st_faq\" data-id=\"5d44333\" data-element_type=\"widget\" data-widget_type=\"st_faq.default\">\n\t\t\t\t<div class=\"elementor-widget-container\">\n\t\t\t\t\t<div class=\"accordion faq style1\" id=\"accordion_are-there-options-for-non-swimmers-or-those-who-prefer-to-relax\">\r\n    <div class=\"accordion-item\">\r\n        <h2 class=\"accordion-header\" id=\"heading_are-there-options-for-non-swimmers-or-those-who-prefer-to-relax\">\r\n            <button class=\"accordion-button   collapsed\"\r\n                type=\"button\"\r\n                data-bs-toggle=\"collapse\"\r\n                data-bs-target=\"#st-are-there-options-for-non-swimmers-or-those-who-prefer-to-relax\"\r\n                aria-expanded=\"false\"\r\n                aria-controls=\"are-there-options-for-non-swimmers-or-those-who-prefer-to-relax\"\r\n            >\r\n                Ci sono opzioni per chi non sa nuotare o per chi preferisce rilassarsi?            <\/button>\r\n        <\/h2>\r\n        <div id=\"st-are-there-options-for-non-swimmers-or-those-who-prefer-to-relax\" class=\"accordion-collapse collapse\"\r\n            aria-labelledby=\"heading_are-there-options-for-non-swimmers-or-those-who-prefer-to-relax\"\r\n            data-bs-parent=\"#accordion_are-there-options-for-non-swimmers-or-those-who-prefer-to-relax\"\r\n        >\r\n            <div class=\"accordion-body\">\r\n                Assolutamente! Chi non sa nuotare pu\u00f2 godersi tour panoramici in barca, crociere al tramonto o rilassarsi sul ponte            <\/div>\r\n        <\/div>\r\n    <\/div>\r\n<\/div>\r\n\t\t\t\t<\/div>\n\t\t\t\t<\/div>\n\t\t\t\t<\/div>\n\t\t<div class=\"elementor-element elementor-element-b635201 e-con-full e-flex e-con e-child\" data-id=\"b635201\" data-element_type=\"container\">\n\t\t\t\t<div class=\"elementor-element elementor-element-6a4ebfb elementor-widget elementor-widget-st_faq\" data-id=\"6a4ebfb\" data-element_type=\"widget\" data-widget_type=\"st_faq.default\">\n\t\t\t\t<div class=\"elementor-widget-container\">\n\t\t\t\t\t<div class=\"accordion faq style1\" id=\"accordion_what-is-included-in-the-cruise-package\">\r\n    <div class=\"accordion-item\">\r\n        <h2 class=\"accordion-header\" id=\"heading_what-is-included-in-the-cruise-package\">\r\n            <button class=\"accordion-button   collapsed\"\r\n                type=\"button\"\r\n                data-bs-toggle=\"collapse\"\r\n                data-bs-target=\"#st-what-is-included-in-the-cruise-package\"\r\n                aria-expanded=\"false\"\r\n                aria-controls=\"what-is-included-in-the-cruise-package\"\r\n            >\r\n                Cosa \u00e8 incluso nel pacchetto crociera?            <\/button>\r\n        <\/h2>\r\n        <div id=\"st-what-is-included-in-the-cruise-package\" class=\"accordion-collapse collapse\"\r\n            aria-labelledby=\"heading_what-is-included-in-the-cruise-package\"\r\n            data-bs-parent=\"#accordion_what-is-included-in-the-cruise-package\"\r\n        >\r\n            <div class=\"accordion-body\">\r\n                I pacchetti crociera solitamente includono pasti a bordo, intrattenimento, musica e componenti aggiuntivi opzionali come snorkeling o immersioni. Le inclusioni specifiche variano in base al pacchetto scelto\n            <\/div>\r\n        <\/div>\r\n    <\/div>\r\n<\/div>\r\n\t\t\t\t<\/div>\n\t\t\t\t<\/div>\n\t\t\t\t<div class=\"elementor-element elementor-element-17511a7 elementor-widget elementor-widget-st_faq\" data-id=\"17511a7\" data-element_type=\"widget\" data-widget_type=\"st_faq.default\">\n\t\t\t\t<div class=\"elementor-widget-container\">\n\t\t\t\t\t<div class=\"accordion faq style1\" id=\"accordion_how-long-do-the-cruises-last\">\r\n    <div class=\"accordion-item\">\r\n        <h2 class=\"accordion-header\" id=\"heading_how-long-do-the-cruises-last\">\r\n            <button class=\"accordion-button   collapsed\"\r\n                type=\"button\"\r\n                data-bs-toggle=\"collapse\"\r\n                data-bs-target=\"#st-how-long-do-the-cruises-last\"\r\n                aria-expanded=\"false\"\r\n                aria-controls=\"how-long-do-the-cruises-last\"\r\n            >\r\n                Quanto durano le crociere?            <\/button>\r\n        <\/h2>\r\n        <div id=\"st-how-long-do-the-cruises-last\" class=\"accordion-collapse collapse\"\r\n            aria-labelledby=\"heading_how-long-do-the-cruises-last\"\r\n            data-bs-parent=\"#accordion_how-long-do-the-cruises-last\"\r\n        >\r\n            <div class=\"accordion-body\">\r\n                Le crociere variano da poche ore (ad esempio, crociere al tramonto o con cena) a gite di un giorno intero            <\/div>\r\n        <\/div>\r\n    <\/div>\r\n<\/div>\r\n\t\t\t\t<\/div>\n\t\t\t\t<\/div>\n\t\t\t\t<div class=\"elementor-element elementor-element-af9e47b elementor-widget elementor-widget-st_faq\" data-id=\"af9e47b\" data-element_type=\"widget\" data-widget_type=\"st_faq.default\">\n\t\t\t\t<div class=\"elementor-widget-container\">\n\t\t\t\t\t<div class=\"accordion faq style1\" id=\"accordion_what-should-i-wear-or-bring-for-water-sports\">\r\n    <div class=\"accordion-item\">\r\n        <h2 class=\"accordion-header\" id=\"heading_what-should-i-wear-or-bring-for-water-sports\">\r\n            <button class=\"accordion-button   collapsed\"\r\n                type=\"button\"\r\n                data-bs-toggle=\"collapse\"\r\n                data-bs-target=\"#st-what-should-i-wear-or-bring-for-water-sports\"\r\n                aria-expanded=\"false\"\r\n                aria-controls=\"what-should-i-wear-or-bring-for-water-sports\"\r\n            >\r\n                Cosa dovrei indossare o portare per praticare gli sport acquatici?            <\/button>\r\n        <\/h2>\r\n        <div id=\"st-what-should-i-wear-or-bring-for-water-sports\" class=\"accordion-collapse collapse\"\r\n            aria-labelledby=\"heading_what-should-i-wear-or-bring-for-water-sports\"\r\n            data-bs-parent=\"#accordion_what-should-i-wear-or-bring-for-water-sports\"\r\n        >\r\n            <div class=\"accordion-body\">\r\n                Indossate costumi da bagno comodi e portate la crema solare e borse impermeabili per i vostri effetti personali. Saranno forniti equipaggiamenti come giubbotti di salvataggio e attrezzi            <\/div>\r\n        <\/div>\r\n    <\/div>\r\n<\/div>\r\n\t\t\t\t<\/div>\n\t\t\t\t<\/div>\n\t\t\t\t<div class=\"elementor-element elementor-element-f780133 elementor-widget elementor-widget-st_faq\" data-id=\"f780133\" data-element_type=\"widget\" data-widget_type=\"st_faq.default\">\n\t\t\t\t<div class=\"elementor-widget-container\">\n\t\t\t\t\t<div class=\"accordion faq style1\" id=\"accordion_can-i-cancel-or-reschedule-my-booking\">\r\n    <div class=\"accordion-item\">\r\n        <h2 class=\"accordion-header\" id=\"heading_can-i-cancel-or-reschedule-my-booking\">\r\n            <button class=\"accordion-button   collapsed\"\r\n                type=\"button\"\r\n                data-bs-toggle=\"collapse\"\r\n                data-bs-target=\"#st-can-i-cancel-or-reschedule-my-booking\"\r\n                aria-expanded=\"false\"\r\n                aria-controls=\"can-i-cancel-or-reschedule-my-booking\"\r\n            >\r\n                Posso annullare o riprogrammare la mia prenotazione?            <\/button>\r\n        <\/h2>\r\n        <div id=\"st-can-i-cancel-or-reschedule-my-booking\" class=\"accordion-collapse collapse\"\r\n            aria-labelledby=\"heading_can-i-cancel-or-reschedule-my-booking\"\r\n            data-bs-parent=\"#accordion_can-i-cancel-or-reschedule-my-booking\"\r\n        >\r\n            <div class=\"accordion-body\">\r\n                S\u00ec, le politiche di cancellazione e riprogrammazione dipendono dal fornitore. Si prega di controllare i termini prima di prenotare            <\/div>\r\n        <\/div>\r\n    <\/div>\r\n<\/div>\r\n\t\t\t\t<\/div>\n\t\t\t\t<\/div>\n\t\t\t\t<div class=\"elementor-element elementor-element-66d935f elementor-widget elementor-widget-st_faq\" data-id=\"66d935f\" data-element_type=\"widget\" data-widget_type=\"st_faq.default\">\n\t\t\t\t<div class=\"elementor-widget-container\">\n\t\t\t\t\t<div class=\"accordion faq style1\" id=\"accordion_are-food-and-drinks-available-on-board-the-cruise\">\r\n    <div class=\"accordion-item\">\r\n        <h2 class=\"accordion-header\" id=\"heading_are-food-and-drinks-available-on-board-the-cruise\">\r\n            <button class=\"accordion-button   collapsed\"\r\n                type=\"button\"\r\n                data-bs-toggle=\"collapse\"\r\n                data-bs-target=\"#st-are-food-and-drinks-available-on-board-the-cruise\"\r\n                aria-expanded=\"false\"\r\n                aria-controls=\"are-food-and-drinks-available-on-board-the-cruise\"\r\n            >\r\n                Sono disponibili cibo e bevande a bordo della crociera?            <\/button>\r\n        <\/h2>\r\n        <div id=\"st-are-food-and-drinks-available-on-board-the-cruise\" class=\"accordion-collapse collapse\"\r\n            aria-labelledby=\"heading_are-food-and-drinks-available-on-board-the-cruise\"\r\n            data-bs-parent=\"#accordion_are-food-and-drinks-available-on-board-the-cruise\"\r\n        >\r\n            <div class=\"accordion-body\">\r\n                S\u00ec, cibo e bevande sono disponibili a bordo. Le crociere private includono pasti e bevande come parte dell&#039;esperienza, mentre le crociere non private offrono bevande gratuite. Inoltre, \u00e8 possibile acquistare una selezione di bevande            <\/div>\r\n        <\/div>\r\n    <\/div>\r\n<\/div>\r\n\t\t\t\t<\/div>\n\t\t\t\t<\/div>\n\t\t\t\t<div class=\"elementor-element elementor-element-6a7b5db elementor-widget elementor-widget-st_faq\" data-id=\"6a7b5db\" data-element_type=\"widget\" data-widget_type=\"st_faq.default\">\n\t\t\t\t<div class=\"elementor-widget-container\">\n\t\t\t\t\t<div class=\"accordion faq style1\" id=\"accordion_how-do-i-book-water-sports-or-a-cruise\">\r\n    <div class=\"accordion-item\">\r\n        <h2 class=\"accordion-header\" id=\"heading_how-do-i-book-water-sports-or-a-cruise\">\r\n            <button class=\"accordion-button   collapsed\"\r\n                type=\"button\"\r\n                data-bs-toggle=\"collapse\"\r\n                data-bs-target=\"#st-how-do-i-book-water-sports-or-a-cruise\"\r\n                aria-expanded=\"false\"\r\n                aria-controls=\"how-do-i-book-water-sports-or-a-cruise\"\r\n            >\r\n                Come posso prenotare sport acquatici o una crociera?            <\/button>\r\n        <\/h2>\r\n        <div id=\"st-how-do-i-book-water-sports-or-a-cruise\" class=\"accordion-collapse collapse\"\r\n            aria-labelledby=\"heading_how-do-i-book-water-sports-or-a-cruise\"\r\n            data-bs-parent=\"#accordion_how-do-i-book-water-sports-or-a-cruise\"\r\n        >\r\n            <div class=\"accordion-body\">\r\n                Puoi prenotare tramite il nostro sito web, chiamare il nostro sportello prenotazioni o recarti presso il nostro ufficio. Si consiglia di prenotare in anticipo, soprattutto durante l&#039;alta stagione.            <\/div>\r\n        <\/div>\r\n    <\/div>\r\n<\/div>\r\n\t\t\t\t<\/div>\n\t\t\t\t<\/div>\n\t\t\t\t<div class=\"elementor-element elementor-element-43604c9 elementor-widget elementor-widget-st_faq\" data-id=\"43604c9\" data-element_type=\"widget\" data-widget_type=\"st_faq.default\">\n\t\t\t\t<div class=\"elementor-widget-container\">\n\t\t\t\t\t<div class=\"accordion faq style1\" id=\"accordion_what-is-the-best-time-of-year-for-water-sports-and-cruises\">\r\n    <div class=\"accordion-item\">\r\n        <h2 class=\"accordion-header\" id=\"heading_what-is-the-best-time-of-year-for-water-sports-and-cruises\">\r\n            <button class=\"accordion-button   collapsed\"\r\n                type=\"button\"\r\n                data-bs-toggle=\"collapse\"\r\n                data-bs-target=\"#st-what-is-the-best-time-of-year-for-water-sports-and-cruises\"\r\n                aria-expanded=\"false\"\r\n                aria-controls=\"what-is-the-best-time-of-year-for-water-sports-and-cruises\"\r\n            >\r\n                Qual \u00e8 il periodo migliore dell&#039;anno per praticare sport acquatici e crociere?            <\/button>\r\n        <\/h2>\r\n        <div id=\"st-what-is-the-best-time-of-year-for-water-sports-and-cruises\" class=\"accordion-collapse collapse\"\r\n            aria-labelledby=\"heading_what-is-the-best-time-of-year-for-water-sports-and-cruises\"\r\n            data-bs-parent=\"#accordion_what-is-the-best-time-of-year-for-water-sports-and-cruises\"\r\n        >\r\n            <div class=\"accordion-body\">\r\n                Il clima di Aqaba \u00e8 ideale per gli sport acquatici e le crociere tutto l&#039;anno, offrendo condizioni piacevoli per la maggior parte dell&#039;anno. Tuttavia, ci sono periodi occasionali in cui il mare pu\u00f2 presentare onde violente. In tali casi, diamo priorit\u00e0 alla sicurezza degli ospiti e forniamo notifiche in anticipo per garantire un&#039;esperienza sicura e piacevole            <\/div>\r\n        <\/div>\r\n    <\/div>\r\n<\/div>\r\n\t\t\t\t<\/div>\n\t\t\t\t<\/div>\n\t\t\t\t<\/div>\n\t\t\t\t\t<\/div>\n\t\t\t\t<\/div>\n\t\t\t\t<\/div>","protected":false},"excerpt":{"rendered":"<p>What types of water sports do you offer? We offer activities such as jet skiing, parasailing, kayaking, paddleboarding, snorkeling, scuba diving, and banana boat rides Are the water sports suitable for beginners? Yes, many of our water sports are beginner-friendly, and we provide detailed instructions and safety briefings to ensure a comfortable and enjoyable experience. [&hellip;]<\/p>","protected":false},"author":2,"featured_media":16162,"parent":0,"menu_order":0,"comment_status":"closed","ping_status":"closed","template":"","meta":{"footnotes":""},"class_list":["post-16265","page","type-page","status-publish","has-post-thumbnail","hentry"],"_links":{"self":[{"href":"https:\/\/sindbadjo.com\/it\/wp-json\/wp\/v2\/pages\/16265","targetHints":{"allow":["GET"]}}],"collection":[{"href":"https:\/\/sindbadjo.com\/it\/wp-json\/wp\/v2\/pages"}],"about":[{"href":"https:\/\/sindbadjo.com\/it\/wp-json\/wp\/v2\/types\/page"}],"author":[{"embeddable":true,"href":"https:\/\/sindbadjo.com\/it\/wp-json\/wp\/v2\/users\/2"}],"replies":[{"embeddable":true,"href":"https:\/\/sindbadjo.com\/it\/wp-json\/wp\/v2\/comments?post=16265"}],"version-history":[{"count":7,"href":"https:\/\/sindbadjo.com\/it\/wp-json\/wp\/v2\/pages\/16265\/revisions"}],"predecessor-version":[{"id":16327,"href":"https:\/\/sindbadjo.com\/it\/wp-json\/wp\/v2\/pages\/16265\/revisions\/16327"}],"wp:featuredmedia":[{"embeddable":true,"href":"https:\/\/sindbadjo.com\/it\/wp-json\/wp\/v2\/media\/16162"}],"wp:attachment":[{"href":"https:\/\/sindbadjo.com\/it\/wp-json\/wp\/v2\/media?parent=16265"}],"curies":[{"name":"wp","href":"https:\/\/api.w.org\/{rel}","templated":true}]}}