{"id":16053,"date":"2024-11-27T11:08:28","date_gmt":"2024-11-27T08:08:28","guid":{"rendered":"https:\/\/sindbadjo.com\/?page_id=16053"},"modified":"2024-11-27T11:29:10","modified_gmt":"2024-11-27T08:29:10","slug":"diving-tc","status":"publish","type":"page","link":"https:\/\/sindbadjo.com\/it\/immersioni-tc\/","title":{"rendered":"Termini e condizioni per le immersioni"},"content":{"rendered":"<div data-elementor-type=\"wp-page\" data-elementor-id=\"16053\" class=\"elementor elementor-16053\" data-elementor-post-type=\"page\">\n\t\t\t\t<div class=\"elementor-element elementor-element-1f46506 e-flex e-con-boxed e-con e-parent\" data-id=\"1f46506\" data-element_type=\"container\">\n\t\t\t\t\t<div class=\"e-con-inner\">\n\t\t\t\t<div class=\"elementor-element elementor-element-5ea5b66 elementor-widget elementor-widget-heading\" data-id=\"5ea5b66\" data-element_type=\"widget\" data-widget_type=\"heading.default\">\n\t\t\t\t<div class=\"elementor-widget-container\">\n\t\t\t\t\t<h2 class=\"elementor-heading-title elementor-size-default\">AFFERMAZIONE E LIBERATORIA DI RESPONSABILIT\u00c0\n\n<\/h2>\t\t\t\t<\/div>\n\t\t\t\t<\/div>\n\t\t\t\t<div class=\"elementor-element elementor-element-dc330bd elementor-widget elementor-widget-text-editor\" data-id=\"dc330bd\" data-element_type=\"widget\" data-widget_type=\"text-editor.default\">\n\t\t\t\t<div class=\"elementor-widget-container\">\n\t\t\t\t\t\t\t\t\t<p>Con la presente affermo di essere stato ben informato e di essere stato informato approfonditamente sui pericoli inerenti sia alle immersioni in apnea che a quelle con autorespiratore. Inoltre, comprendo che le immersioni con aria compressa comportano determinati rischi e possono verificarsi lesioni che richiedono un trattamento in una camera iperbarica.<\/p><p>In qualit\u00e0 di subacqueo qualificato, studente subacqueo o snorkelista accetto quanto segue: \u2013<\/p>\t\t\t\t\t\t\t\t<\/div>\n\t\t\t\t<\/div>\n\t\t\t\t<div class=\"elementor-element elementor-element-68ac48e elementor-widget elementor-widget-heading\" data-id=\"68ac48e\" data-element_type=\"widget\" data-widget_type=\"heading.default\">\n\t\t\t\t<div class=\"elementor-widget-container\">\n\t\t\t\t\t<h2 class=\"elementor-heading-title elementor-size-default\">MEDICO<\/h2>\t\t\t\t<\/div>\n\t\t\t\t<\/div>\n\t\t\t\t<div class=\"elementor-element elementor-element-76209b8 elementor-widget elementor-widget-text-editor\" data-id=\"76209b8\" data-element_type=\"widget\" data-widget_type=\"text-editor.default\">\n\t\t\t\t<div class=\"elementor-widget-container\">\n\t\t\t\t\t\t\t\t\t<p>Dichiaro di non avere malattie o patologie attuali o passate che potrebbero causare lesioni a me stesso o a un altro subacqueo. Sono stato dichiarato &quot;idoneo alle immersioni&quot; da un medico autorizzato.<\/p>\t\t\t\t\t\t\t\t<\/div>\n\t\t\t\t<\/div>\n\t\t\t\t<div class=\"elementor-element elementor-element-6454c09 elementor-widget elementor-widget-heading\" data-id=\"6454c09\" data-element_type=\"widget\" data-widget_type=\"heading.default\">\n\t\t\t\t<div class=\"elementor-widget-container\">\n\t\t\t\t\t<h2 class=\"elementor-heading-title elementor-size-default\">ASSICURAZIONE \/ INFORTUNI<\/h2>\t\t\t\t<\/div>\n\t\t\t\t<\/div>\n\t\t\t\t<div class=\"elementor-element elementor-element-1d41f88 elementor-widget elementor-widget-text-editor\" data-id=\"1d41f88\" data-element_type=\"widget\" data-widget_type=\"text-editor.default\">\n\t\t\t\t<div class=\"elementor-widget-container\">\n\t\t\t\t\t\t\t\t\t<p>Confermo di avere un&#039;assicurazione adeguata per coprire le spese mediche in caso di incidente subacqueo o di essere disposto a sostenere personalmente i costi che potrebbero essere sostanziali. In caso di incidente, autorizzo <strong>Club di immersioni Sindbad<\/strong> per organizzare cure mediche per mio conto.<\/p><p>Nome dell&#039;assicuratore:<\/p>\t\t\t\t\t\t\t\t<\/div>\n\t\t\t\t<\/div>\n\t\t\t\t<div class=\"elementor-element elementor-element-3d74a0b elementor-widget elementor-widget-heading\" data-id=\"3d74a0b\" data-element_type=\"widget\" data-widget_type=\"heading.default\">\n\t\t\t\t<div class=\"elementor-widget-container\">\n\t\t\t\t\t<h2 class=\"elementor-heading-title elementor-size-default\">BARCHE<\/h2>\t\t\t\t<\/div>\n\t\t\t\t<\/div>\n\t\t\t\t<div class=\"elementor-element elementor-element-a04d939 elementor-widget elementor-widget-text-editor\" data-id=\"a04d939\" data-element_type=\"widget\" data-widget_type=\"text-editor.default\">\n\t\t\t\t<div class=\"elementor-widget-container\">\n\t\t\t\t\t\t\t\t\t<p>La maggior parte delle immersioni al Sindbad Dive Club saranno effettuate in barca. Sono consapevole che sulle barche sono presenti alcuni pericoli per quanto riguarda aree bagnate e scivolose, corde, ancore e altro. Far\u00f2 attenzione sulla barca per evitare questi pericoli e mi muover\u00f2 con cautela.<\/p>\t\t\t\t\t\t\t\t<\/div>\n\t\t\t\t<\/div>\n\t\t\t\t<div class=\"elementor-element elementor-element-210bedb elementor-widget elementor-widget-heading\" data-id=\"210bedb\" data-element_type=\"widget\" data-widget_type=\"heading.default\">\n\t\t\t\t<div class=\"elementor-widget-container\">\n\t\t\t\t\t<h2 class=\"elementor-heading-title elementor-size-default\">PROFONDIT\u00c0 MASSIMA \u2013 30 METRI <\/h2>\t\t\t\t<\/div>\n\t\t\t\t<\/div>\n\t\t\t\t<div class=\"elementor-element elementor-element-cfbc20b elementor-widget elementor-widget-text-editor\" data-id=\"cfbc20b\" data-element_type=\"widget\" data-widget_type=\"text-editor.default\">\n\t\t\t\t<div class=\"elementor-widget-container\">\n\t\t\t\t\t\t\t\t\t<p>Ho capito che la profondit\u00e0 massima consentita per le immersioni in questa zona \u00e8 di 30 metri, a meno che non si effettuino immersioni di addestramento secondo gli standard della mia agenzia di addestramento. Si raccomanda una sosta di sicurezza di 5 metri per 3 minuti alla fine di ogni immersione. Ho capito che devo attendere 24 ore prima di volare dopo le immersioni.<\/p>\t\t\t\t\t\t\t\t<\/div>\n\t\t\t\t<\/div>\n\t\t\t\t<div class=\"elementor-element elementor-element-cfc8425 elementor-widget elementor-widget-heading\" data-id=\"cfc8425\" data-element_type=\"widget\" data-widget_type=\"heading.default\">\n\t\t\t\t<div class=\"elementor-widget-container\">\n\t\t\t\t\t<h2 class=\"elementor-heading-title elementor-size-default\">IMMERSIONE CON ARIA ARRICCHITA<\/h2>\t\t\t\t<\/div>\n\t\t\t\t<\/div>\n\t\t\t\t<div class=\"elementor-element elementor-element-51867ac elementor-widget elementor-widget-text-editor\" data-id=\"51867ac\" data-element_type=\"widget\" data-widget_type=\"text-editor.default\">\n\t\t\t\t<div class=\"elementor-widget-container\">\n\t\t\t\t\t\t\t\t\t<p>Accetto di rispettare la profondit\u00e0 massima di esercizio e le procedure operative stabilite dalla mia organizzazione di formazione. Non superer\u00f2 la profondit\u00e0 massima di 30 m e analizzer\u00f2 personalmente i miei cilindri per l&#039;uso e completer\u00f2 il <strong>Club di immersioni Sindbad<\/strong> fogli di registro.<\/p>\t\t\t\t\t\t\t\t<\/div>\n\t\t\t\t<\/div>\n\t\t\t\t<div class=\"elementor-element elementor-element-3b48e99 elementor-widget elementor-widget-heading\" data-id=\"3b48e99\" data-element_type=\"widget\" data-widget_type=\"heading.default\">\n\t\t\t\t<div class=\"elementor-widget-container\">\n\t\t\t\t\t<h2 class=\"elementor-heading-title elementor-size-default\">PAGAMENTI AGGIUNTIVI<\/h2>\t\t\t\t<\/div>\n\t\t\t\t<\/div>\n\t\t\t\t<div class=\"elementor-element elementor-element-d0e5a3c elementor-widget elementor-widget-text-editor\" data-id=\"d0e5a3c\" data-element_type=\"widget\" data-widget_type=\"text-editor.default\">\n\t\t\t\t<div class=\"elementor-widget-container\">\n\t\t\t\t\t\t\t\t\t<p>Capisco che un pacchetto immersioni, prenotato in anticipo o in loco, include 2 bombole da 12 litri e pesi e 2 immersioni guidate al giorno. Bombole diverse da 12 litri saranno fornite a un costo aggiuntivo, ma non possono sempre essere garantite. L&#039;attrezzatura subacquea non \u00e8 inclusa in un pacchetto immersioni. Se fosse richiesta un&#039;immersione di controllo o una revisione subacquea, sar\u00e0 richiesto un pagamento aggiuntivo. I non subacquei sulla barca dovranno sostenere un costo aggiuntivo, indipendentemente dal fatto che entrino o meno in acqua. Le terze immersioni, le immersioni notturne, Pharaoh Island (tariffa del parco) comporteranno costi aggiuntivi. Capisco che \u00e8 mia responsabilit\u00e0 confermare il costo di queste spese con lo staff del centro immersioni prima di effettuare queste immersioni.<\/p>\t\t\t\t\t\t\t\t<\/div>\n\t\t\t\t<\/div>\n\t\t\t\t\t<\/div>\n\t\t\t\t<\/div>\n\t\t<div class=\"elementor-element elementor-element-e443136 e-flex e-con-boxed e-con e-parent\" data-id=\"e443136\" data-element_type=\"container\">\n\t\t\t\t\t<div class=\"e-con-inner\">\n\t\t\t\t<div class=\"elementor-element elementor-element-ff9e06a elementor-widget elementor-widget-heading\" data-id=\"ff9e06a\" data-element_type=\"widget\" data-widget_type=\"heading.default\">\n\t\t\t\t<div class=\"elementor-widget-container\">\n\t\t\t\t\t<h2 class=\"elementor-heading-title elementor-size-default\">COMMISSIONI DI ANNULLAMENTO PER LE PRENOTAZIONI IN RESORT <\/h2>\t\t\t\t<\/div>\n\t\t\t\t<\/div>\n\t\t\t\t<div class=\"elementor-element elementor-element-cf8f1ad elementor-widget elementor-widget-text-editor\" data-id=\"cf8f1ad\" data-element_type=\"widget\" data-widget_type=\"text-editor.default\">\n\t\t\t\t<div class=\"elementor-widget-container\">\n\t\t\t\t\t\t\t\t\t<p>Tutte le cancellazioni saranno soggette a una penale di 35 JOD per coprire i costi amministrativi e logistici.<\/p><p>Dichiaro inoltre di essere maggiorenne e legalmente competente a firmare questa affermazione e liberatoria, o di aver ottenuto il consenso scritto dei miei genitori o tutori; di aver compreso che i termini qui contenuti sono contrattuali e non una mera recita; e di aver firmato questo documento di mia spontanea volont\u00e0.<\/p><p>E&#039; intenzione di<u>\u00a0<\/u>con il presente strumento per esentare e liberare il DIVEMASTER e\u00a0<b>Club di immersioni Sindbad<\/b>\u00a0da qualsiasi responsabilit\u00e0 per lesioni personali, danni alla propriet\u00e0 o morte.\u00a0<\/p><p>MI SONO INFORMATO COMPLETAMENTE SUL CONTENUTO DI QUESTA AFFERMAZIONE E DI QUESTA ESONERO DI RESPONSABILIT\u00c0, LEGGENDOLA PRIMA DI FIRMARLA.\u00a0<\/p><p>(Firmato) \u00a0<\/p><p>(Data)<\/p>\t\t\t\t\t\t\t\t<\/div>\n\t\t\t\t<\/div>\n\t\t\t\t\t<\/div>\n\t\t\t\t<\/div>\n\t\t\t\t<\/div>","protected":false},"excerpt":{"rendered":"<p>AFFIRMATION AND LIABILITY RELEASE I hereby affirm that I have been well advised and thoroughly informed of the inherent dangers of both Skin and Scuba diving. Further, I understand that diving with compressed air involves certain risks, and injuries can occur that require treatment in a recompression chamber. As a qualified diver, student diver or [&hellip;]<\/p>","protected":false},"author":2,"featured_media":14560,"parent":0,"menu_order":0,"comment_status":"closed","ping_status":"closed","template":"","meta":{"footnotes":""},"class_list":["post-16053","page","type-page","status-publish","has-post-thumbnail","hentry"],"_links":{"self":[{"href":"https:\/\/sindbadjo.com\/it\/wp-json\/wp\/v2\/pages\/16053","targetHints":{"allow":["GET"]}}],"collection":[{"href":"https:\/\/sindbadjo.com\/it\/wp-json\/wp\/v2\/pages"}],"about":[{"href":"https:\/\/sindbadjo.com\/it\/wp-json\/wp\/v2\/types\/page"}],"author":[{"embeddable":true,"href":"https:\/\/sindbadjo.com\/it\/wp-json\/wp\/v2\/users\/2"}],"replies":[{"embeddable":true,"href":"https:\/\/sindbadjo.com\/it\/wp-json\/wp\/v2\/comments?post=16053"}],"version-history":[{"count":7,"href":"https:\/\/sindbadjo.com\/it\/wp-json\/wp\/v2\/pages\/16053\/revisions"}],"predecessor-version":[{"id":16064,"href":"https:\/\/sindbadjo.com\/it\/wp-json\/wp\/v2\/pages\/16053\/revisions\/16064"}],"wp:featuredmedia":[{"embeddable":true,"href":"https:\/\/sindbadjo.com\/it\/wp-json\/wp\/v2\/media\/14560"}],"wp:attachment":[{"href":"https:\/\/sindbadjo.com\/it\/wp-json\/wp\/v2\/media?parent=16053"}],"curies":[{"name":"wp","href":"https:\/\/api.w.org\/{rel}","templated":true}]}}