{"id":16796,"date":"2025-04-26T16:56:45","date_gmt":"2025-04-26T13:56:45","guid":{"rendered":"https:\/\/sindbadjo.com\/en\/product\/shore-dive-1-dive\/"},"modified":"2025-04-26T16:56:45","modified_gmt":"2025-04-26T13:56:45","slug":"plongee-a-partir-du-rivage-1-plongee","status":"publish","type":"product","link":"https:\/\/sindbadjo.com\/fr\/produit\/plongee-a-partir-du-rivage-1-plongee\/","title":{"rendered":"Plong\u00e9e \u00e0 partir du rivage (1 plong\u00e9e)"},"content":{"rendered":"","protected":false},"excerpt":{"rendered":"","protected":false},"featured_media":15197,"comment_status":"closed","ping_status":"closed","template":"","meta":[],"product_brand":[],"product_cat":[],"product_tag":[],"class_list":{"0":"post-16796","1":"product","2":"type-product","3":"status-publish","4":"has-post-thumbnail","7":"first","8":"instock","9":"sold-individually","10":"shipping-taxable","11":"purchasable","12":"product-type-variable"},"_links":{"self":[{"href":"https:\/\/sindbadjo.com\/fr\/wp-json\/wp\/v2\/product\/16796","targetHints":{"allow":["GET"]}}],"collection":[{"href":"https:\/\/sindbadjo.com\/fr\/wp-json\/wp\/v2\/product"}],"about":[{"href":"https:\/\/sindbadjo.com\/fr\/wp-json\/wp\/v2\/types\/product"}],"replies":[{"embeddable":true,"href":"https:\/\/sindbadjo.com\/fr\/wp-json\/wp\/v2\/comments?post=16796"}],"wp:featuredmedia":[{"embeddable":true,"href":"https:\/\/sindbadjo.com\/fr\/wp-json\/wp\/v2\/media\/15197"}],"wp:attachment":[{"href":"https:\/\/sindbadjo.com\/fr\/wp-json\/wp\/v2\/media?parent=16796"}],"wp:term":[{"taxonomy":"product_brand","embeddable":true,"href":"https:\/\/sindbadjo.com\/fr\/wp-json\/wp\/v2\/product_brand?post=16796"},{"taxonomy":"product_cat","embeddable":true,"href":"https:\/\/sindbadjo.com\/fr\/wp-json\/wp\/v2\/product_cat?post=16796"},{"taxonomy":"product_tag","embeddable":true,"href":"https:\/\/sindbadjo.com\/fr\/wp-json\/wp\/v2\/product_tag?post=16796"}],"curies":[{"name":"wp","href":"https:\/\/api.w.org\/{rel}","templated":true}]}}