{"id":843,"date":"2022-04-18T03:48:43","date_gmt":"2022-04-18T03:48:43","guid":{"rendered":"https:\/\/modmixmap.wpengine.com\/?page_id=843"},"modified":"2024-12-24T16:23:48","modified_gmt":"2024-12-24T13:23:48","slug":"faq","status":"publish","type":"page","link":"https:\/\/sindbadjo.com\/fr\/faq\/","title":{"rendered":"FAQ"},"content":{"rendered":"<div data-elementor-type=\"wp-page\" data-elementor-id=\"843\" class=\"elementor elementor-843\" data-elementor-post-type=\"page\">\n\t\t\t\t<div class=\"elementor-element elementor-element-8bb2173 e-flex e-con-boxed e-con e-parent\" data-id=\"8bb2173\" data-element_type=\"container\">\n\t\t\t\t\t<div class=\"e-con-inner\">\n\t\t\t\t<div class=\"elementor-element elementor-element-00fa535 elementor-widget elementor-widget-heading\" data-id=\"00fa535\" data-element_type=\"widget\" data-widget_type=\"heading.default\">\n\t\t\t\t<div class=\"elementor-widget-container\">\n\t\t\t\t\t<h2 class=\"elementor-heading-title elementor-size-default\">Questions fr\u00e9quemment pos\u00e9es<\/h2>\t\t\t\t<\/div>\n\t\t\t\t<\/div>\n\t\t\t\t\t<\/div>\n\t\t\t\t<\/div>\n\t\t\t\t<section class=\"elementor-section elementor-inner-section elementor-element elementor-element-16f68bb elementor-section-boxed elementor-section-height-default elementor-section-height-default\" data-id=\"16f68bb\" data-element_type=\"section\">\n\t\t\t\t\t\t<div class=\"elementor-container elementor-column-gap-default\">\n\t\t\t\t\t<div class=\"elementor-column elementor-col-50 elementor-inner-column elementor-element elementor-element-7ed3330b\" data-id=\"7ed3330b\" data-element_type=\"column\">\n\t\t\t<div class=\"elementor-widget-wrap elementor-element-populated\">\n\t\t\t\t\t\t<div class=\"elementor-element elementor-element-51814d95 elementor-widget elementor-widget-st_faq\" data-id=\"51814d95\" data-element_type=\"widget\" data-widget_type=\"st_faq.default\">\n\t\t\t\t<div class=\"elementor-widget-container\">\n\t\t\t\t\t<div class=\"accordion faq style1\" id=\"accordion_what-are-the-operating-hours-of-the-beach-club\">\r\n    <div class=\"accordion-item\">\r\n        <h2 class=\"accordion-header\" id=\"heading_what-are-the-operating-hours-of-the-beach-club\">\r\n            <button class=\"accordion-button   collapsed\"\r\n                type=\"button\"\r\n                data-bs-toggle=\"collapse\"\r\n                data-bs-target=\"#st-what-are-the-operating-hours-of-the-beach-club\"\r\n                aria-expanded=\"false\"\r\n                aria-controls=\"what-are-the-operating-hours-of-the-beach-club\"\r\n            >\r\n                Quels sont les horaires d&#039;ouverture du club de plage ?            <\/button>\r\n        <\/h2>\r\n        <div id=\"st-what-are-the-operating-hours-of-the-beach-club\" class=\"accordion-collapse collapse\"\r\n            aria-labelledby=\"heading_what-are-the-operating-hours-of-the-beach-club\"\r\n            data-bs-parent=\"#accordion_what-are-the-operating-hours-of-the-beach-club\"\r\n        >\r\n            <div class=\"accordion-body\">\r\n                Dim - Mer de 9h00 \u00e0 21h00 Sam - Jeu de 9h00 \u00e0 22h00 Vendredi de : 9h00 \u00e0 23h00            <\/div>\r\n        <\/div>\r\n    <\/div>\r\n<\/div>\r\n\t\t\t\t<\/div>\n\t\t\t\t<\/div>\n\t\t\t\t<div class=\"elementor-element elementor-element-2a30987b elementor-widget elementor-widget-st_faq\" data-id=\"2a30987b\" data-element_type=\"widget\" data-widget_type=\"st_faq.default\">\n\t\t\t\t<div class=\"elementor-widget-container\">\n\t\t\t\t\t<div class=\"accordion faq style1\" id=\"accordion_is-there-an-entrance-fee\">\r\n    <div class=\"accordion-item\">\r\n        <h2 class=\"accordion-header\" id=\"heading_is-there-an-entrance-fee\">\r\n            <button class=\"accordion-button   collapsed\"\r\n                type=\"button\"\r\n                data-bs-toggle=\"collapse\"\r\n                data-bs-target=\"#st-is-there-an-entrance-fee\"\r\n                aria-expanded=\"false\"\r\n                aria-controls=\"is-there-an-entrance-fee\"\r\n            >\r\n                Y a-t-il un droit d&#039;entr\u00e9e ?            <\/button>\r\n        <\/h2>\r\n        <div id=\"st-is-there-an-entrance-fee\" class=\"accordion-collapse collapse\"\r\n            aria-labelledby=\"heading_is-there-an-entrance-fee\"\r\n            data-bs-parent=\"#accordion_is-there-an-entrance-fee\"\r\n        >\r\n            <div class=\"accordion-body\">\r\n                Oui, l&#039;entr\u00e9e est payante. Pour conna\u00eetre les tarifs en vigueur, veuillez consulter notre site Web ou contacter notre service client\u00e8le.            <\/div>\r\n        <\/div>\r\n    <\/div>\r\n<\/div>\r\n\t\t\t\t<\/div>\n\t\t\t\t<\/div>\n\t\t\t\t<div class=\"elementor-element elementor-element-b672ac0 elementor-widget elementor-widget-st_faq\" data-id=\"b672ac0\" data-element_type=\"widget\" data-widget_type=\"st_faq.default\">\n\t\t\t\t<div class=\"elementor-widget-container\">\n\t\t\t\t\t<div class=\"accordion faq style1\" id=\"accordion_is-the-beach-club-suitable-for-families-with-children\">\r\n    <div class=\"accordion-item\">\r\n        <h2 class=\"accordion-header\" id=\"heading_is-the-beach-club-suitable-for-families-with-children\">\r\n            <button class=\"accordion-button   collapsed\"\r\n                type=\"button\"\r\n                data-bs-toggle=\"collapse\"\r\n                data-bs-target=\"#st-is-the-beach-club-suitable-for-families-with-children\"\r\n                aria-expanded=\"false\"\r\n                aria-controls=\"is-the-beach-club-suitable-for-families-with-children\"\r\n            >\r\n                Le club de plage est-il adapt\u00e9 aux familles avec enfants ?            <\/button>\r\n        <\/h2>\r\n        <div id=\"st-is-the-beach-club-suitable-for-families-with-children\" class=\"accordion-collapse collapse\"\r\n            aria-labelledby=\"heading_is-the-beach-club-suitable-for-families-with-children\"\r\n            data-bs-parent=\"#accordion_is-the-beach-club-suitable-for-families-with-children\"\r\n        >\r\n            <div class=\"accordion-body\">\r\n                Absolument ! Nous disposons d&#039;installations adapt\u00e9es aux familles, notamment une aire de jeux pour enfants et des zones de baignade peu profondes.            <\/div>\r\n        <\/div>\r\n    <\/div>\r\n<\/div>\r\n\t\t\t\t<\/div>\n\t\t\t\t<\/div>\n\t\t\t\t<div class=\"elementor-element elementor-element-76efa315 elementor-widget elementor-widget-st_faq\" data-id=\"76efa315\" data-element_type=\"widget\" data-widget_type=\"st_faq.default\">\n\t\t\t\t<div class=\"elementor-widget-container\">\n\t\t\t\t\t<div class=\"accordion faq style1\" id=\"accordion_can-i-rent-equipment-like-snorkeling-gear-or-kayaks\">\r\n    <div class=\"accordion-item\">\r\n        <h2 class=\"accordion-header\" id=\"heading_can-i-rent-equipment-like-snorkeling-gear-or-kayaks\">\r\n            <button class=\"accordion-button   collapsed\"\r\n                type=\"button\"\r\n                data-bs-toggle=\"collapse\"\r\n                data-bs-target=\"#st-can-i-rent-equipment-like-snorkeling-gear-or-kayaks\"\r\n                aria-expanded=\"false\"\r\n                aria-controls=\"can-i-rent-equipment-like-snorkeling-gear-or-kayaks\"\r\n            >\r\n                Puis-je louer du mat\u00e9riel comme du mat\u00e9riel de plong\u00e9e ou des kayaks ?            <\/button>\r\n        <\/h2>\r\n        <div id=\"st-can-i-rent-equipment-like-snorkeling-gear-or-kayaks\" class=\"accordion-collapse collapse\"\r\n            aria-labelledby=\"heading_can-i-rent-equipment-like-snorkeling-gear-or-kayaks\"\r\n            data-bs-parent=\"#accordion_can-i-rent-equipment-like-snorkeling-gear-or-kayaks\"\r\n        >\r\n            <div class=\"accordion-body\">\r\n                Oui, nous proposons la location d&#039;\u00e9quipements pour la plong\u00e9e avec tuba, le kayak et d&#039;autres activit\u00e9s nautiques. Veuillez vous renseigner \u00e0 la r\u00e9ception pour conna\u00eetre les disponibilit\u00e9s et les tarifs.            <\/div>\r\n        <\/div>\r\n    <\/div>\r\n<\/div>\r\n\t\t\t\t<\/div>\n\t\t\t\t<\/div>\n\t\t\t\t<div class=\"elementor-element elementor-element-9d8001b elementor-widget elementor-widget-st_faq\" data-id=\"9d8001b\" data-element_type=\"widget\" data-widget_type=\"st_faq.default\">\n\t\t\t\t<div class=\"elementor-widget-container\">\n\t\t\t\t\t<div class=\"accordion faq style1\" id=\"accordion_do-we-need-to-reserve-in-advance\">\r\n    <div class=\"accordion-item\">\r\n        <h2 class=\"accordion-header\" id=\"heading_do-we-need-to-reserve-in-advance\">\r\n            <button class=\"accordion-button   collapsed\"\r\n                type=\"button\"\r\n                data-bs-toggle=\"collapse\"\r\n                data-bs-target=\"#st-do-we-need-to-reserve-in-advance\"\r\n                aria-expanded=\"false\"\r\n                aria-controls=\"do-we-need-to-reserve-in-advance\"\r\n            >\r\n                Est-il n\u00e9cessaire de r\u00e9server \u00e0 l&#039;avance ?            <\/button>\r\n        <\/h2>\r\n        <div id=\"st-do-we-need-to-reserve-in-advance\" class=\"accordion-collapse collapse\"\r\n            aria-labelledby=\"heading_do-we-need-to-reserve-in-advance\"\r\n            data-bs-parent=\"#accordion_do-we-need-to-reserve-in-advance\"\r\n        >\r\n            <div class=\"accordion-body\">\r\n                Il n&#039;est pas obligatoire de r\u00e9server \u00e0 l&#039;avance, mais c&#039;est fortement recommand\u00e9, surtout pour les groupes. En effectuant une r\u00e9servation, nous vous garantissons que nous pourrons accueillir votre visite en tout confort.            <\/div>\r\n        <\/div>\r\n    <\/div>\r\n<\/div>\r\n\t\t\t\t<\/div>\n\t\t\t\t<\/div>\n\t\t\t\t<div class=\"elementor-element elementor-element-ed9572b elementor-widget elementor-widget-st_faq\" data-id=\"ed9572b\" data-element_type=\"widget\" data-widget_type=\"st_faq.default\">\n\t\t\t\t<div class=\"elementor-widget-container\">\n\t\t\t\t\t<div class=\"accordion faq style1\" id=\"accordion_is-shisha-allowed-can-we-bring-our-own-shisha\">\r\n    <div class=\"accordion-item\">\r\n        <h2 class=\"accordion-header\" id=\"heading_is-shisha-allowed-can-we-bring-our-own-shisha\">\r\n            <button class=\"accordion-button   collapsed\"\r\n                type=\"button\"\r\n                data-bs-toggle=\"collapse\"\r\n                data-bs-target=\"#st-is-shisha-allowed-can-we-bring-our-own-shisha\"\r\n                aria-expanded=\"false\"\r\n                aria-controls=\"is-shisha-allowed-can-we-bring-our-own-shisha\"\r\n            >\r\n                La chicha est-elle autoris\u00e9e ? Peut-on apporter sa propre chicha ?            <\/button>\r\n        <\/h2>\r\n        <div id=\"st-is-shisha-allowed-can-we-bring-our-own-shisha\" class=\"accordion-collapse collapse\"\r\n            aria-labelledby=\"heading_is-shisha-allowed-can-we-bring-our-own-shisha\"\r\n            data-bs-parent=\"#accordion_is-shisha-allowed-can-we-bring-our-own-shisha\"\r\n        >\r\n            <div class=\"accordion-body\">\r\n                Oui, la chicha est autoris\u00e9e, mais malheureusement, vous ne pouvez pas apporter votre propre chicha            <\/div>\r\n        <\/div>\r\n    <\/div>\r\n<\/div>\r\n\t\t\t\t<\/div>\n\t\t\t\t<\/div>\n\t\t\t\t\t<\/div>\n\t\t<\/div>\n\t\t\t\t<div class=\"elementor-column elementor-col-50 elementor-inner-column elementor-element elementor-element-6da7a48b\" data-id=\"6da7a48b\" data-element_type=\"column\">\n\t\t\t<div class=\"elementor-widget-wrap elementor-element-populated\">\n\t\t\t\t\t\t<div class=\"elementor-element elementor-element-3c081cee elementor-widget elementor-widget-st_faq\" data-id=\"3c081cee\" data-element_type=\"widget\" data-widget_type=\"st_faq.default\">\n\t\t\t\t<div class=\"elementor-widget-container\">\n\t\t\t\t\t<div class=\"accordion faq style1\" id=\"accordion_is-wi-fi-available-at-the-beach-club\">\r\n    <div class=\"accordion-item\">\r\n        <h2 class=\"accordion-header\" id=\"heading_is-wi-fi-available-at-the-beach-club\">\r\n            <button class=\"accordion-button   collapsed\"\r\n                type=\"button\"\r\n                data-bs-toggle=\"collapse\"\r\n                data-bs-target=\"#st-is-wi-fi-available-at-the-beach-club\"\r\n                aria-expanded=\"false\"\r\n                aria-controls=\"is-wi-fi-available-at-the-beach-club\"\r\n            >\r\n                Le Wi-Fi est-il disponible au club de plage ?            <\/button>\r\n        <\/h2>\r\n        <div id=\"st-is-wi-fi-available-at-the-beach-club\" class=\"accordion-collapse collapse\"\r\n            aria-labelledby=\"heading_is-wi-fi-available-at-the-beach-club\"\r\n            data-bs-parent=\"#accordion_is-wi-fi-available-at-the-beach-club\"\r\n        >\r\n            <div class=\"accordion-body\">\r\n                Oui, une connexion Wi-Fi gratuite est disponible dans tout le club de plage pour nos clients.            <\/div>\r\n        <\/div>\r\n    <\/div>\r\n<\/div>\r\n\t\t\t\t<\/div>\n\t\t\t\t<\/div>\n\t\t\t\t<div class=\"elementor-element elementor-element-404be9d3 elementor-widget elementor-widget-st_faq\" data-id=\"404be9d3\" data-element_type=\"widget\" data-widget_type=\"st_faq.default\">\n\t\t\t\t<div class=\"elementor-widget-container\">\n\t\t\t\t\t<div class=\"accordion faq style1\" id=\"accordion_what-is-your-policy-on-bringing-outside-food-and-drinks\">\r\n    <div class=\"accordion-item\">\r\n        <h2 class=\"accordion-header\" id=\"heading_what-is-your-policy-on-bringing-outside-food-and-drinks\">\r\n            <button class=\"accordion-button   collapsed\"\r\n                type=\"button\"\r\n                data-bs-toggle=\"collapse\"\r\n                data-bs-target=\"#st-what-is-your-policy-on-bringing-outside-food-and-drinks\"\r\n                aria-expanded=\"false\"\r\n                aria-controls=\"what-is-your-policy-on-bringing-outside-food-and-drinks\"\r\n            >\r\n                Quelle est votre politique concernant l\u2019apport de nourriture et de boissons de l\u2019ext\u00e9rieur ?            <\/button>\r\n        <\/h2>\r\n        <div id=\"st-what-is-your-policy-on-bringing-outside-food-and-drinks\" class=\"accordion-collapse collapse\"\r\n            aria-labelledby=\"heading_what-is-your-policy-on-bringing-outside-food-and-drinks\"\r\n            data-bs-parent=\"#accordion_what-is-your-policy-on-bringing-outside-food-and-drinks\"\r\n        >\r\n            <div class=\"accordion-body\">\r\n                La nourriture et les boissons provenant de l&#039;ext\u00e9rieur ne sont pas autoris\u00e9es. Cependant, nous proposons une vari\u00e9t\u00e9 d&#039;options de restauration et de boissons sur place.            <\/div>\r\n        <\/div>\r\n    <\/div>\r\n<\/div>\r\n\t\t\t\t<\/div>\n\t\t\t\t<\/div>\n\t\t\t\t<div class=\"elementor-element elementor-element-cfe8e5c elementor-widget elementor-widget-st_faq\" data-id=\"cfe8e5c\" data-element_type=\"widget\" data-widget_type=\"st_faq.default\">\n\t\t\t\t<div class=\"elementor-widget-container\">\n\t\t\t\t\t<div class=\"accordion faq style1\" id=\"accordion_do-you-offer-shuttle-services-to-and-from-the-beach-club\">\r\n    <div class=\"accordion-item\">\r\n        <h2 class=\"accordion-header\" id=\"heading_do-you-offer-shuttle-services-to-and-from-the-beach-club\">\r\n            <button class=\"accordion-button   collapsed\"\r\n                type=\"button\"\r\n                data-bs-toggle=\"collapse\"\r\n                data-bs-target=\"#st-do-you-offer-shuttle-services-to-and-from-the-beach-club\"\r\n                aria-expanded=\"false\"\r\n                aria-controls=\"do-you-offer-shuttle-services-to-and-from-the-beach-club\"\r\n            >\r\n                Offrez-vous des services de navette depuis et vers le club de plage ?            <\/button>\r\n        <\/h2>\r\n        <div id=\"st-do-you-offer-shuttle-services-to-and-from-the-beach-club\" class=\"accordion-collapse collapse\"\r\n            aria-labelledby=\"heading_do-you-offer-shuttle-services-to-and-from-the-beach-club\"\r\n            data-bs-parent=\"#accordion_do-you-offer-shuttle-services-to-and-from-the-beach-club\"\r\n        >\r\n            <div class=\"accordion-body\">\r\n                Oui, nous proposons des services de navette depuis diff\u00e9rents endroits \u00e0 Aqaba. Veuillez consulter ce lien pour plus d&#039;informations : https:\/\/shorturl.at\/94Uie ou contactez-nous au : +962791999182            <\/div>\r\n        <\/div>\r\n    <\/div>\r\n<\/div>\r\n\t\t\t\t<\/div>\n\t\t\t\t<\/div>\n\t\t\t\t<div class=\"elementor-element elementor-element-522e6867 elementor-widget elementor-widget-st_faq\" data-id=\"522e6867\" data-element_type=\"widget\" data-widget_type=\"st_faq.default\">\n\t\t\t\t<div class=\"elementor-widget-container\">\n\t\t\t\t\t<div class=\"accordion faq style1\" id=\"accordion_what-types-of-payment-do-you-accept\">\r\n    <div class=\"accordion-item\">\r\n        <h2 class=\"accordion-header\" id=\"heading_what-types-of-payment-do-you-accept\">\r\n            <button class=\"accordion-button   collapsed\"\r\n                type=\"button\"\r\n                data-bs-toggle=\"collapse\"\r\n                data-bs-target=\"#st-what-types-of-payment-do-you-accept\"\r\n                aria-expanded=\"false\"\r\n                aria-controls=\"what-types-of-payment-do-you-accept\"\r\n            >\r\n                Quels types de paiement acceptez-vous ?            <\/button>\r\n        <\/h2>\r\n        <div id=\"st-what-types-of-payment-do-you-accept\" class=\"accordion-collapse collapse\"\r\n            aria-labelledby=\"heading_what-types-of-payment-do-you-accept\"\r\n            data-bs-parent=\"#accordion_what-types-of-payment-do-you-accept\"\r\n        >\r\n            <div class=\"accordion-body\">\r\n                Nous acceptons diff\u00e9rents modes de paiement, notamment les esp\u00e8ces et les cartes de cr\u00e9dit\/d\u00e9bit.            <\/div>\r\n        <\/div>\r\n    <\/div>\r\n<\/div>\r\n\t\t\t\t<\/div>\n\t\t\t\t<\/div>\n\t\t\t\t<div class=\"elementor-element elementor-element-8af6709 elementor-widget elementor-widget-st_faq\" data-id=\"8af6709\" data-element_type=\"widget\" data-widget_type=\"st_faq.default\">\n\t\t\t\t<div class=\"elementor-widget-container\">\n\t\t\t\t\t<div class=\"accordion faq style1\" id=\"accordion_what-promotions-do-you-have-for-friday\">\r\n    <div class=\"accordion-item\">\r\n        <h2 class=\"accordion-header\" id=\"heading_what-promotions-do-you-have-for-friday\">\r\n            <button class=\"accordion-button   collapsed\"\r\n                type=\"button\"\r\n                data-bs-toggle=\"collapse\"\r\n                data-bs-target=\"#st-what-promotions-do-you-have-for-friday\"\r\n                aria-expanded=\"false\"\r\n                aria-controls=\"what-promotions-do-you-have-for-friday\"\r\n            >\r\n                Quelles promotions avez-vous pour vendredi ?            <\/button>\r\n        <\/h2>\r\n        <div id=\"st-what-promotions-do-you-have-for-friday\" class=\"accordion-collapse collapse\"\r\n            aria-labelledby=\"heading_what-promotions-do-you-have-for-friday\"\r\n            data-bs-parent=\"#accordion_what-promotions-do-you-have-for-friday\"\r\n        >\r\n            <div class=\"accordion-body\">\r\n                Oui, nous l&#039;avons fait ! Veuillez nous contacter au +962791999182            <\/div>\r\n        <\/div>\r\n    <\/div>\r\n<\/div>\r\n\t\t\t\t<\/div>\n\t\t\t\t<\/div>\n\t\t\t\t<div class=\"elementor-element elementor-element-8bce7e9 elementor-widget elementor-widget-st_faq\" data-id=\"8bce7e9\" data-element_type=\"widget\" data-widget_type=\"st_faq.default\">\n\t\t\t\t<div class=\"elementor-widget-container\">\n\t\t\t\t\t<div class=\"accordion faq style1\" id=\"accordion_is-it-allowed-for-guys-to-come-alone\">\r\n    <div class=\"accordion-item\">\r\n        <h2 class=\"accordion-header\" id=\"heading_is-it-allowed-for-guys-to-come-alone\">\r\n            <button class=\"accordion-button   collapsed\"\r\n                type=\"button\"\r\n                data-bs-toggle=\"collapse\"\r\n                data-bs-target=\"#st-is-it-allowed-for-guys-to-come-alone\"\r\n                aria-expanded=\"false\"\r\n                aria-controls=\"is-it-allowed-for-guys-to-come-alone\"\r\n            >\r\n                Est-il permis aux hommes de venir seuls ?            <\/button>\r\n        <\/h2>\r\n        <div id=\"st-is-it-allowed-for-guys-to-come-alone\" class=\"accordion-collapse collapse\"\r\n            aria-labelledby=\"heading_is-it-allowed-for-guys-to-come-alone\"\r\n            data-bs-parent=\"#accordion_is-it-allowed-for-guys-to-come-alone\"\r\n        >\r\n            <div class=\"accordion-body\">\r\n                Nous nous excusons, mais notre politique accueille uniquement les familles ou les groupes de femmes            <\/div>\r\n        <\/div>\r\n    <\/div>\r\n<\/div>\r\n\t\t\t\t<\/div>\n\t\t\t\t<\/div>\n\t\t\t\t\t<\/div>\n\t\t<\/div>\n\t\t\t\t\t<\/div>\n\t\t<\/section>\n\t\t\t\t<section class=\"elementor-section elementor-top-section elementor-element elementor-element-7989b718 elementor-section-boxed elementor-section-height-default elementor-section-height-default\" data-id=\"7989b718\" data-element_type=\"section\">\n\t\t\t\t\t\t<div class=\"elementor-container elementor-column-gap-default\">\n\t\t\t\t\t<div class=\"elementor-column elementor-col-100 elementor-top-column elementor-element elementor-element-17508503\" data-id=\"17508503\" data-element_type=\"column\">\n\t\t\t<div class=\"elementor-widget-wrap elementor-element-populated\">\n\t\t\t\t\t\t<section class=\"elementor-section elementor-inner-section elementor-element elementor-element-4b96573a elementor-section-boxed elementor-section-height-default elementor-section-height-default\" data-id=\"4b96573a\" data-element_type=\"section\">\n\t\t\t\t\t\t<div class=\"elementor-container elementor-column-gap-default\">\n\t\t\t\t\t<div class=\"elementor-column elementor-col-50 elementor-inner-column elementor-element elementor-element-5536b8a9\" data-id=\"5536b8a9\" data-element_type=\"column\">\n\t\t\t<div class=\"elementor-widget-wrap elementor-element-populated\">\n\t\t\t\t\t\t<div class=\"elementor-element elementor-element-50fbb6c elementor-widget elementor-widget-image\" data-id=\"50fbb6c\" data-element_type=\"widget\" data-widget_type=\"image.default\">\n\t\t\t\t<div class=\"elementor-widget-container\">\n\t\t\t\t\t\t\t\t\t\t\t\t\t\t\t<img fetchpriority=\"high\" decoding=\"async\" width=\"1600\" height=\"1200\" src=\"https:\/\/sindbadjo.com\/wp-content\/uploads\/2024\/09\/c007db92-56d8-4720-88cf-ccc8adb3617a-1.jpeg\" class=\"attachment-full size-full wp-image-15450\" alt=\"\" srcset=\"https:\/\/sindbadjo.com\/wp-content\/uploads\/2024\/09\/c007db92-56d8-4720-88cf-ccc8adb3617a-1.jpeg 1600w, https:\/\/sindbadjo.com\/wp-content\/uploads\/2024\/09\/c007db92-56d8-4720-88cf-ccc8adb3617a-1-768x576.jpeg 768w, https:\/\/sindbadjo.com\/wp-content\/uploads\/2024\/09\/c007db92-56d8-4720-88cf-ccc8adb3617a-1-600x450.jpeg 600w, https:\/\/sindbadjo.com\/wp-content\/uploads\/2024\/09\/c007db92-56d8-4720-88cf-ccc8adb3617a-1-360x270.jpeg 360w\" sizes=\"(max-width: 1600px) 100vw, 1600px\" \/>\t\t\t\t\t\t\t\t\t\t\t\t\t\t\t<\/div>\n\t\t\t\t<\/div>\n\t\t\t\t\t<\/div>\n\t\t<\/div>\n\t\t\t\t<div class=\"elementor-column elementor-col-50 elementor-inner-column elementor-element elementor-element-144eb720\" data-id=\"144eb720\" data-element_type=\"column\" data-settings=\"{&quot;background_background&quot;:&quot;classic&quot;}\">\n\t\t\t<div class=\"elementor-widget-wrap elementor-element-populated\">\n\t\t\t\t\t\t<div class=\"elementor-element elementor-element-56fb05a5 elementor-widget elementor-widget-heading\" data-id=\"56fb05a5\" data-element_type=\"widget\" data-widget_type=\"heading.default\">\n\t\t\t\t<div class=\"elementor-widget-container\">\n\t\t\t\t\t<h2 class=\"elementor-heading-title elementor-size-default\">B\u00e9n\u00e9ficiez d&#039;offres sp\u00e9ciales et bien plus encore si vous r\u00e9servez t\u00f4t<\/h2>\t\t\t\t<\/div>\n\t\t\t\t<\/div>\n\t\t\t\t<div class=\"elementor-element elementor-element-2e3ad502 elementor-widget elementor-widget-heading\" data-id=\"2e3ad502\" data-element_type=\"widget\" data-widget_type=\"heading.default\">\n\t\t\t\t<div class=\"elementor-widget-container\">\n\t\t\t\t\t<p class=\"elementor-heading-title elementor-size-default\">Abonnez-vous pour recevoir nos derni\u00e8res offres et actualit\u00e9s !<\/p>\t\t\t\t<\/div>\n\t\t\t\t<\/div>\n\t\t\t\t<div class=\"elementor-element elementor-element-428f8000 elementor-widget elementor-widget-shortcode\" data-id=\"428f8000\" data-element_type=\"widget\" data-widget_type=\"shortcode.default\">\n\t\t\t\t<div class=\"elementor-widget-container\">\n\t\t\t\t\t\t\t<div class=\"elementor-shortcode\">[mc4wp_form id=&quot;92&quot;]<\/div>\n\t\t\t\t\t\t<\/div>\n\t\t\t\t<\/div>\n\t\t\t\t\t<\/div>\n\t\t<\/div>\n\t\t\t\t\t<\/div>\n\t\t<\/section>\n\t\t\t\t\t<\/div>\n\t\t<\/div>\n\t\t\t\t\t<\/div>\n\t\t<\/section>\n\t\t\t\t<\/div>","protected":false},"excerpt":{"rendered":"<p>Frequently asked questions What are the operating hours of the beach club? Sun &#8211; Wed from 9:00 AM to 09:00 PM Sat &#8211; Thu from 9 Am to 10 PM Friday from: 9:00 AM to 11:00 PM Is there an entrance fee? Yes, there is an entrance fee. For current pricing, please visit our website [&hellip;]<\/p>","protected":false},"author":1,"featured_media":15450,"parent":0,"menu_order":0,"comment_status":"closed","ping_status":"closed","template":"template-blank.php","meta":{"footnotes":""},"class_list":["post-843","page","type-page","status-publish","has-post-thumbnail","hentry"],"_links":{"self":[{"href":"https:\/\/sindbadjo.com\/fr\/wp-json\/wp\/v2\/pages\/843","targetHints":{"allow":["GET"]}}],"collection":[{"href":"https:\/\/sindbadjo.com\/fr\/wp-json\/wp\/v2\/pages"}],"about":[{"href":"https:\/\/sindbadjo.com\/fr\/wp-json\/wp\/v2\/types\/page"}],"author":[{"embeddable":true,"href":"https:\/\/sindbadjo.com\/fr\/wp-json\/wp\/v2\/users\/1"}],"replies":[{"embeddable":true,"href":"https:\/\/sindbadjo.com\/fr\/wp-json\/wp\/v2\/comments?post=843"}],"version-history":[{"count":36,"href":"https:\/\/sindbadjo.com\/fr\/wp-json\/wp\/v2\/pages\/843\/revisions"}],"predecessor-version":[{"id":16301,"href":"https:\/\/sindbadjo.com\/fr\/wp-json\/wp\/v2\/pages\/843\/revisions\/16301"}],"wp:featuredmedia":[{"embeddable":true,"href":"https:\/\/sindbadjo.com\/fr\/wp-json\/wp\/v2\/media\/15450"}],"wp:attachment":[{"href":"https:\/\/sindbadjo.com\/fr\/wp-json\/wp\/v2\/media?parent=843"}],"curies":[{"name":"wp","href":"https:\/\/api.w.org\/{rel}","templated":true}]}}