{"id":16265,"date":"2024-12-22T18:53:05","date_gmt":"2024-12-22T15:53:05","guid":{"rendered":"https:\/\/sindbadjo.com\/?page_id=16265"},"modified":"2024-12-26T15:54:19","modified_gmt":"2024-12-26T12:54:19","slug":"faq-sports-nautiques-et-croisieres","status":"publish","type":"page","link":"https:\/\/sindbadjo.com\/fr\/faq-sports-nautiques-et-croisieres\/","title":{"rendered":"FAQ \u2013 Sports nautiques et croisi\u00e8res"},"content":{"rendered":"<div data-elementor-type=\"wp-page\" data-elementor-id=\"16265\" class=\"elementor elementor-16265\" data-elementor-post-type=\"page\">\n\t\t\t\t<div class=\"elementor-element elementor-element-377373e e-flex e-con-boxed e-con e-parent\" data-id=\"377373e\" data-element_type=\"container\" data-e-type=\"container\">\n\t\t\t\t\t<div class=\"e-con-inner\">\n\t\t<div class=\"elementor-element elementor-element-8820d98 e-con-full e-flex e-con e-child\" data-id=\"8820d98\" data-element_type=\"container\" data-e-type=\"container\">\n\t\t\t\t<div class=\"elementor-element elementor-element-65746fd elementor-widget elementor-widget-st_faq\" data-id=\"65746fd\" data-element_type=\"widget\" data-e-type=\"widget\" data-widget_type=\"st_faq.default\">\n\t\t\t\t<div class=\"elementor-widget-container\">\n\t\t\t\t\t<div class=\"accordion faq style1\" id=\"accordion_what-types-of-water-sports-do-you-offer\">\r\n    <div class=\"accordion-item\">\r\n        <h2 class=\"accordion-header\" id=\"heading_what-types-of-water-sports-do-you-offer\">\r\n            <button class=\"accordion-button   collapsed\"\r\n                type=\"button\"\r\n                data-bs-toggle=\"collapse\"\r\n                data-bs-target=\"#st-what-types-of-water-sports-do-you-offer\"\r\n                aria-expanded=\"false\"\r\n                aria-controls=\"what-types-of-water-sports-do-you-offer\"\r\n            >\r\n                Quels types de sports nautiques proposez-vous ?            <\/button>\r\n        <\/h2>\r\n        <div id=\"st-what-types-of-water-sports-do-you-offer\" class=\"accordion-collapse collapse\"\r\n            aria-labelledby=\"heading_what-types-of-water-sports-do-you-offer\"\r\n            data-bs-parent=\"#accordion_what-types-of-water-sports-do-you-offer\"\r\n        >\r\n            <div class=\"accordion-body\">\r\n                Nous proposons des activit\u00e9s telles que le jet ski, le parachute ascensionnel, le kayak, le paddleboard, la plong\u00e9e avec tuba, la plong\u00e9e sous-marine et des promenades en bateau banane\n            <\/div>\r\n        <\/div>\r\n    <\/div>\r\n<\/div>\r\n\t\t\t\t<\/div>\n\t\t\t\t<\/div>\n\t\t\t\t<div class=\"elementor-element elementor-element-8815d3a elementor-widget elementor-widget-st_faq\" data-id=\"8815d3a\" data-element_type=\"widget\" data-e-type=\"widget\" data-widget_type=\"st_faq.default\">\n\t\t\t\t<div class=\"elementor-widget-container\">\n\t\t\t\t\t<div class=\"accordion faq style1\" id=\"accordion_are-the-water-sports-suitable-for-beginners\">\r\n    <div class=\"accordion-item\">\r\n        <h2 class=\"accordion-header\" id=\"heading_are-the-water-sports-suitable-for-beginners\">\r\n            <button class=\"accordion-button   collapsed\"\r\n                type=\"button\"\r\n                data-bs-toggle=\"collapse\"\r\n                data-bs-target=\"#st-are-the-water-sports-suitable-for-beginners\"\r\n                aria-expanded=\"false\"\r\n                aria-controls=\"are-the-water-sports-suitable-for-beginners\"\r\n            >\r\n                Les sports nautiques sont-ils adapt\u00e9s aux d\u00e9butants ?            <\/button>\r\n        <\/h2>\r\n        <div id=\"st-are-the-water-sports-suitable-for-beginners\" class=\"accordion-collapse collapse\"\r\n            aria-labelledby=\"heading_are-the-water-sports-suitable-for-beginners\"\r\n            data-bs-parent=\"#accordion_are-the-water-sports-suitable-for-beginners\"\r\n        >\r\n            <div class=\"accordion-body\">\r\n                Oui, la plupart de nos sports nautiques sont adapt\u00e9s aux d\u00e9butants et nous fournissons des instructions d\u00e9taill\u00e9es et des consignes de s\u00e9curit\u00e9 pour garantir une exp\u00e9rience confortable et agr\u00e9able. Pour des activit\u00e9s telles que la plong\u00e9e sous-marine, une formation de base est requise, que nous dispensons de mani\u00e8re professionnelle pour garantir la s\u00e9curit\u00e9 et la confiance            <\/div>\r\n        <\/div>\r\n    <\/div>\r\n<\/div>\r\n\t\t\t\t<\/div>\n\t\t\t\t<\/div>\n\t\t\t\t<div class=\"elementor-element elementor-element-d3aa287 elementor-widget elementor-widget-st_faq\" data-id=\"d3aa287\" data-element_type=\"widget\" data-e-type=\"widget\" data-widget_type=\"st_faq.default\">\n\t\t\t\t<div class=\"elementor-widget-container\">\n\t\t\t\t\t<div class=\"accordion faq style1\" id=\"accordion_do-i-need-to-know-how-to-swim-to-participate\">\r\n    <div class=\"accordion-item\">\r\n        <h2 class=\"accordion-header\" id=\"heading_do-i-need-to-know-how-to-swim-to-participate\">\r\n            <button class=\"accordion-button   collapsed\"\r\n                type=\"button\"\r\n                data-bs-toggle=\"collapse\"\r\n                data-bs-target=\"#st-do-i-need-to-know-how-to-swim-to-participate\"\r\n                aria-expanded=\"false\"\r\n                aria-controls=\"do-i-need-to-know-how-to-swim-to-participate\"\r\n            >\r\n                Dois-je savoir nager pour participer ?            <\/button>\r\n        <\/h2>\r\n        <div id=\"st-do-i-need-to-know-how-to-swim-to-participate\" class=\"accordion-collapse collapse\"\r\n            aria-labelledby=\"heading_do-i-need-to-know-how-to-swim-to-participate\"\r\n            data-bs-parent=\"#accordion_do-i-need-to-know-how-to-swim-to-participate\"\r\n        >\r\n            <div class=\"accordion-body\">\r\n                Bien que la natation soit utile, de nombreuses activit\u00e9s (par exemple, le jet ski ou le parachute ascensionnel) ne n\u00e9cessitent pas de savoir nager. Des gilets de sauvetage sont fournis pour tous les sports nautiques afin d&#039;assurer votre s\u00e9curit\u00e9            <\/div>\r\n        <\/div>\r\n    <\/div>\r\n<\/div>\r\n\t\t\t\t<\/div>\n\t\t\t\t<\/div>\n\t\t\t\t<div class=\"elementor-element elementor-element-5f0711c elementor-widget elementor-widget-st_faq\" data-id=\"5f0711c\" data-element_type=\"widget\" data-e-type=\"widget\" data-widget_type=\"st_faq.default\">\n\t\t\t\t<div class=\"elementor-widget-container\">\n\t\t\t\t\t<div class=\"accordion faq style1\" id=\"accordion_are-there-any-age-or-health-restrictions\">\r\n    <div class=\"accordion-item\">\r\n        <h2 class=\"accordion-header\" id=\"heading_are-there-any-age-or-health-restrictions\">\r\n            <button class=\"accordion-button   collapsed\"\r\n                type=\"button\"\r\n                data-bs-toggle=\"collapse\"\r\n                data-bs-target=\"#st-are-there-any-age-or-health-restrictions\"\r\n                aria-expanded=\"false\"\r\n                aria-controls=\"are-there-any-age-or-health-restrictions\"\r\n            >\r\n                Existe-t-il des restrictions d\u2019\u00e2ge ou de sant\u00e9 ?            <\/button>\r\n        <\/h2>\r\n        <div id=\"st-are-there-any-age-or-health-restrictions\" class=\"accordion-collapse collapse\"\r\n            aria-labelledby=\"heading_are-there-any-age-or-health-restrictions\"\r\n            data-bs-parent=\"#accordion_are-there-any-age-or-health-restrictions\"\r\n        >\r\n            <div class=\"accordion-body\">\r\n                Les restrictions d&#039;\u00e2ge et de sant\u00e9 varient selon l&#039;activit\u00e9. Certains sports \u00e0 forte adr\u00e9naline ont des exigences d&#039;\u00e2ge et de poids, tandis que d&#039;autres, comme le kayak, sont ouverts \u00e0 tous. Veuillez nous informer \u00e0 l&#039;avance de tout probl\u00e8me de sant\u00e9            <\/div>\r\n        <\/div>\r\n    <\/div>\r\n<\/div>\r\n\t\t\t\t<\/div>\n\t\t\t\t<\/div>\n\t\t\t\t<div class=\"elementor-element elementor-element-2b81a61 elementor-widget elementor-widget-st_faq\" data-id=\"2b81a61\" data-element_type=\"widget\" data-e-type=\"widget\" data-widget_type=\"st_faq.default\">\n\t\t\t\t<div class=\"elementor-widget-container\">\n\t\t\t\t\t<div class=\"accordion faq style1\" id=\"accordion_what-safety-measures-are-in-place\">\r\n    <div class=\"accordion-item\">\r\n        <h2 class=\"accordion-header\" id=\"heading_what-safety-measures-are-in-place\">\r\n            <button class=\"accordion-button   collapsed\"\r\n                type=\"button\"\r\n                data-bs-toggle=\"collapse\"\r\n                data-bs-target=\"#st-what-safety-measures-are-in-place\"\r\n                aria-expanded=\"false\"\r\n                aria-controls=\"what-safety-measures-are-in-place\"\r\n            >\r\n                Quelles mesures de s\u00e9curit\u00e9 sont en place ?            <\/button>\r\n        <\/h2>\r\n        <div id=\"st-what-safety-measures-are-in-place\" class=\"accordion-collapse collapse\"\r\n            aria-labelledby=\"heading_what-safety-measures-are-in-place\"\r\n            data-bs-parent=\"#accordion_what-safety-measures-are-in-place\"\r\n        >\r\n            <div class=\"accordion-body\">\r\n                Nous accordons la priorit\u00e9 \u00e0 la s\u00e9curit\u00e9 avec un personnel form\u00e9, un \u00e9quipement de haute qualit\u00e9 et le respect des conditions m\u00e9t\u00e9orologiques. Tous les participants re\u00e7oivent des consignes de s\u00e9curit\u00e9 et doivent suivre les instructions            <\/div>\r\n        <\/div>\r\n    <\/div>\r\n<\/div>\r\n\t\t\t\t<\/div>\n\t\t\t\t<\/div>\n\t\t\t\t<div class=\"elementor-element elementor-element-4638e55 elementor-widget elementor-widget-st_faq\" data-id=\"4638e55\" data-element_type=\"widget\" data-e-type=\"widget\" data-widget_type=\"st_faq.default\">\n\t\t\t\t<div class=\"elementor-widget-container\">\n\t\t\t\t\t<div class=\"accordion faq style1\" id=\"accordion_can-i-book-private-water-sports-sessions-or-a-private-cruise\">\r\n    <div class=\"accordion-item\">\r\n        <h2 class=\"accordion-header\" id=\"heading_can-i-book-private-water-sports-sessions-or-a-private-cruise\">\r\n            <button class=\"accordion-button   collapsed\"\r\n                type=\"button\"\r\n                data-bs-toggle=\"collapse\"\r\n                data-bs-target=\"#st-can-i-book-private-water-sports-sessions-or-a-private-cruise\"\r\n                aria-expanded=\"false\"\r\n                aria-controls=\"can-i-book-private-water-sports-sessions-or-a-private-cruise\"\r\n            >\r\n                Puis-je r\u00e9server des s\u00e9ances de sports nautiques priv\u00e9es ou une croisi\u00e8re priv\u00e9e ?            <\/button>\r\n        <\/h2>\r\n        <div id=\"st-can-i-book-private-water-sports-sessions-or-a-private-cruise\" class=\"accordion-collapse collapse\"\r\n            aria-labelledby=\"heading_can-i-book-private-water-sports-sessions-or-a-private-cruise\"\r\n            data-bs-parent=\"#accordion_can-i-book-private-water-sports-sessions-or-a-private-cruise\"\r\n        >\r\n            <div class=\"accordion-body\">\r\n                Oui, des r\u00e9servations priv\u00e9es sont disponibles pour les groupes, les couples ou les \u00e9v\u00e9nements. Contactez-nous pour des forfaits personnalis\u00e9s            <\/div>\r\n        <\/div>\r\n    <\/div>\r\n<\/div>\r\n\t\t\t\t<\/div>\n\t\t\t\t<\/div>\n\t\t\t\t<div class=\"elementor-element elementor-element-5d44333 elementor-widget elementor-widget-st_faq\" data-id=\"5d44333\" data-element_type=\"widget\" data-e-type=\"widget\" data-widget_type=\"st_faq.default\">\n\t\t\t\t<div class=\"elementor-widget-container\">\n\t\t\t\t\t<div class=\"accordion faq style1\" id=\"accordion_are-there-options-for-non-swimmers-or-those-who-prefer-to-relax\">\r\n    <div class=\"accordion-item\">\r\n        <h2 class=\"accordion-header\" id=\"heading_are-there-options-for-non-swimmers-or-those-who-prefer-to-relax\">\r\n            <button class=\"accordion-button   collapsed\"\r\n                type=\"button\"\r\n                data-bs-toggle=\"collapse\"\r\n                data-bs-target=\"#st-are-there-options-for-non-swimmers-or-those-who-prefer-to-relax\"\r\n                aria-expanded=\"false\"\r\n                aria-controls=\"are-there-options-for-non-swimmers-or-those-who-prefer-to-relax\"\r\n            >\r\n                Existe-t-il des options pour les non-nageurs ou ceux qui pr\u00e9f\u00e8rent se d\u00e9tendre ?            <\/button>\r\n        <\/h2>\r\n        <div id=\"st-are-there-options-for-non-swimmers-or-those-who-prefer-to-relax\" class=\"accordion-collapse collapse\"\r\n            aria-labelledby=\"heading_are-there-options-for-non-swimmers-or-those-who-prefer-to-relax\"\r\n            data-bs-parent=\"#accordion_are-there-options-for-non-swimmers-or-those-who-prefer-to-relax\"\r\n        >\r\n            <div class=\"accordion-body\">\r\n                Absolument ! Les non-nageurs peuvent profiter de visites panoramiques en bateau, de croisi\u00e8res au coucher du soleil ou se d\u00e9tendre sur le pont            <\/div>\r\n        <\/div>\r\n    <\/div>\r\n<\/div>\r\n\t\t\t\t<\/div>\n\t\t\t\t<\/div>\n\t\t\t\t<\/div>\n\t\t<div class=\"elementor-element elementor-element-b635201 e-con-full e-flex e-con e-child\" data-id=\"b635201\" data-element_type=\"container\" data-e-type=\"container\">\n\t\t\t\t<div class=\"elementor-element elementor-element-6a4ebfb elementor-widget elementor-widget-st_faq\" data-id=\"6a4ebfb\" data-element_type=\"widget\" data-e-type=\"widget\" data-widget_type=\"st_faq.default\">\n\t\t\t\t<div class=\"elementor-widget-container\">\n\t\t\t\t\t<div class=\"accordion faq style1\" id=\"accordion_what-is-included-in-the-cruise-package\">\r\n    <div class=\"accordion-item\">\r\n        <h2 class=\"accordion-header\" id=\"heading_what-is-included-in-the-cruise-package\">\r\n            <button class=\"accordion-button   collapsed\"\r\n                type=\"button\"\r\n                data-bs-toggle=\"collapse\"\r\n                data-bs-target=\"#st-what-is-included-in-the-cruise-package\"\r\n                aria-expanded=\"false\"\r\n                aria-controls=\"what-is-included-in-the-cruise-package\"\r\n            >\r\n                Qu&#039;est-ce qui est inclus dans le forfait croisi\u00e8re ?            <\/button>\r\n        <\/h2>\r\n        <div id=\"st-what-is-included-in-the-cruise-package\" class=\"accordion-collapse collapse\"\r\n            aria-labelledby=\"heading_what-is-included-in-the-cruise-package\"\r\n            data-bs-parent=\"#accordion_what-is-included-in-the-cruise-package\"\r\n        >\r\n            <div class=\"accordion-body\">\r\n                Les forfaits de croisi\u00e8re comprennent g\u00e9n\u00e9ralement les repas \u00e0 bord, les divertissements, la musique et des options suppl\u00e9mentaires comme la plong\u00e9e avec tuba ou la plong\u00e9e sous-marine. Les inclusions sp\u00e9cifiques varient en fonction du forfait que vous choisissez\n            <\/div>\r\n        <\/div>\r\n    <\/div>\r\n<\/div>\r\n\t\t\t\t<\/div>\n\t\t\t\t<\/div>\n\t\t\t\t<div class=\"elementor-element elementor-element-17511a7 elementor-widget elementor-widget-st_faq\" data-id=\"17511a7\" data-element_type=\"widget\" data-e-type=\"widget\" data-widget_type=\"st_faq.default\">\n\t\t\t\t<div class=\"elementor-widget-container\">\n\t\t\t\t\t<div class=\"accordion faq style1\" id=\"accordion_how-long-do-the-cruises-last\">\r\n    <div class=\"accordion-item\">\r\n        <h2 class=\"accordion-header\" id=\"heading_how-long-do-the-cruises-last\">\r\n            <button class=\"accordion-button   collapsed\"\r\n                type=\"button\"\r\n                data-bs-toggle=\"collapse\"\r\n                data-bs-target=\"#st-how-long-do-the-cruises-last\"\r\n                aria-expanded=\"false\"\r\n                aria-controls=\"how-long-do-the-cruises-last\"\r\n            >\r\n                Combien de temps durent les croisi\u00e8res ?            <\/button>\r\n        <\/h2>\r\n        <div id=\"st-how-long-do-the-cruises-last\" class=\"accordion-collapse collapse\"\r\n            aria-labelledby=\"heading_how-long-do-the-cruises-last\"\r\n            data-bs-parent=\"#accordion_how-long-do-the-cruises-last\"\r\n        >\r\n            <div class=\"accordion-body\">\r\n                Les croisi\u00e8res durent de quelques heures (par exemple, des croisi\u00e8res au coucher du soleil ou des d\u00eeners-croisi\u00e8res) \u00e0 des excursions d&#039;une journ\u00e9e compl\u00e8te            <\/div>\r\n        <\/div>\r\n    <\/div>\r\n<\/div>\r\n\t\t\t\t<\/div>\n\t\t\t\t<\/div>\n\t\t\t\t<div class=\"elementor-element elementor-element-af9e47b elementor-widget elementor-widget-st_faq\" data-id=\"af9e47b\" data-element_type=\"widget\" data-e-type=\"widget\" data-widget_type=\"st_faq.default\">\n\t\t\t\t<div class=\"elementor-widget-container\">\n\t\t\t\t\t<div class=\"accordion faq style1\" id=\"accordion_what-should-i-wear-or-bring-for-water-sports\">\r\n    <div class=\"accordion-item\">\r\n        <h2 class=\"accordion-header\" id=\"heading_what-should-i-wear-or-bring-for-water-sports\">\r\n            <button class=\"accordion-button   collapsed\"\r\n                type=\"button\"\r\n                data-bs-toggle=\"collapse\"\r\n                data-bs-target=\"#st-what-should-i-wear-or-bring-for-water-sports\"\r\n                aria-expanded=\"false\"\r\n                aria-controls=\"what-should-i-wear-or-bring-for-water-sports\"\r\n            >\r\n                Que dois-je porter ou apporter pour les sports nautiques ?            <\/button>\r\n        <\/h2>\r\n        <div id=\"st-what-should-i-wear-or-bring-for-water-sports\" class=\"accordion-collapse collapse\"\r\n            aria-labelledby=\"heading_what-should-i-wear-or-bring-for-water-sports\"\r\n            data-bs-parent=\"#accordion_what-should-i-wear-or-bring-for-water-sports\"\r\n        >\r\n            <div class=\"accordion-body\">\r\n                Portez des maillots de bain confortables et apportez de la cr\u00e8me solaire ainsi que des sacs \u00e9tanches pour vos effets personnels. Des \u00e9quipements tels que des gilets de sauvetage et du mat\u00e9riel seront fournis.            <\/div>\r\n        <\/div>\r\n    <\/div>\r\n<\/div>\r\n\t\t\t\t<\/div>\n\t\t\t\t<\/div>\n\t\t\t\t<div class=\"elementor-element elementor-element-f780133 elementor-widget elementor-widget-st_faq\" data-id=\"f780133\" data-element_type=\"widget\" data-e-type=\"widget\" data-widget_type=\"st_faq.default\">\n\t\t\t\t<div class=\"elementor-widget-container\">\n\t\t\t\t\t<div class=\"accordion faq style1\" id=\"accordion_can-i-cancel-or-reschedule-my-booking\">\r\n    <div class=\"accordion-item\">\r\n        <h2 class=\"accordion-header\" id=\"heading_can-i-cancel-or-reschedule-my-booking\">\r\n            <button class=\"accordion-button   collapsed\"\r\n                type=\"button\"\r\n                data-bs-toggle=\"collapse\"\r\n                data-bs-target=\"#st-can-i-cancel-or-reschedule-my-booking\"\r\n                aria-expanded=\"false\"\r\n                aria-controls=\"can-i-cancel-or-reschedule-my-booking\"\r\n            >\r\n                Puis-je annuler ou reporter ma r\u00e9servation ?            <\/button>\r\n        <\/h2>\r\n        <div id=\"st-can-i-cancel-or-reschedule-my-booking\" class=\"accordion-collapse collapse\"\r\n            aria-labelledby=\"heading_can-i-cancel-or-reschedule-my-booking\"\r\n            data-bs-parent=\"#accordion_can-i-cancel-or-reschedule-my-booking\"\r\n        >\r\n            <div class=\"accordion-body\">\r\n                Oui, les conditions d&#039;annulation et de report d\u00e9pendent du fournisseur. Veuillez v\u00e9rifier les conditions avant de r\u00e9server            <\/div>\r\n        <\/div>\r\n    <\/div>\r\n<\/div>\r\n\t\t\t\t<\/div>\n\t\t\t\t<\/div>\n\t\t\t\t<div class=\"elementor-element elementor-element-66d935f elementor-widget elementor-widget-st_faq\" data-id=\"66d935f\" data-element_type=\"widget\" data-e-type=\"widget\" data-widget_type=\"st_faq.default\">\n\t\t\t\t<div class=\"elementor-widget-container\">\n\t\t\t\t\t<div class=\"accordion faq style1\" id=\"accordion_are-food-and-drinks-available-on-board-the-cruise\">\r\n    <div class=\"accordion-item\">\r\n        <h2 class=\"accordion-header\" id=\"heading_are-food-and-drinks-available-on-board-the-cruise\">\r\n            <button class=\"accordion-button   collapsed\"\r\n                type=\"button\"\r\n                data-bs-toggle=\"collapse\"\r\n                data-bs-target=\"#st-are-food-and-drinks-available-on-board-the-cruise\"\r\n                aria-expanded=\"false\"\r\n                aria-controls=\"are-food-and-drinks-available-on-board-the-cruise\"\r\n            >\r\n                Est-ce que de la nourriture et des boissons sont disponibles \u00e0 bord de la croisi\u00e8re ?            <\/button>\r\n        <\/h2>\r\n        <div id=\"st-are-food-and-drinks-available-on-board-the-cruise\" class=\"accordion-collapse collapse\"\r\n            aria-labelledby=\"heading_are-food-and-drinks-available-on-board-the-cruise\"\r\n            data-bs-parent=\"#accordion_are-food-and-drinks-available-on-board-the-cruise\"\r\n        >\r\n            <div class=\"accordion-body\">\r\n                Oui, de la nourriture et des boissons sont disponibles \u00e0 bord. Les croisi\u00e8res priv\u00e9es incluent les repas et les boissons dans le cadre de l&#039;exp\u00e9rience, tandis que les croisi\u00e8res non priv\u00e9es offrent des boissons gratuites. De plus, une s\u00e9lection de boissons est disponible \u00e0 l&#039;achat            <\/div>\r\n        <\/div>\r\n    <\/div>\r\n<\/div>\r\n\t\t\t\t<\/div>\n\t\t\t\t<\/div>\n\t\t\t\t<div class=\"elementor-element elementor-element-6a7b5db elementor-widget elementor-widget-st_faq\" data-id=\"6a7b5db\" data-element_type=\"widget\" data-e-type=\"widget\" data-widget_type=\"st_faq.default\">\n\t\t\t\t<div class=\"elementor-widget-container\">\n\t\t\t\t\t<div class=\"accordion faq style1\" id=\"accordion_how-do-i-book-water-sports-or-a-cruise\">\r\n    <div class=\"accordion-item\">\r\n        <h2 class=\"accordion-header\" id=\"heading_how-do-i-book-water-sports-or-a-cruise\">\r\n            <button class=\"accordion-button   collapsed\"\r\n                type=\"button\"\r\n                data-bs-toggle=\"collapse\"\r\n                data-bs-target=\"#st-how-do-i-book-water-sports-or-a-cruise\"\r\n                aria-expanded=\"false\"\r\n                aria-controls=\"how-do-i-book-water-sports-or-a-cruise\"\r\n            >\r\n                Comment r\u00e9server des sports nautiques ou une croisi\u00e8re ?            <\/button>\r\n        <\/h2>\r\n        <div id=\"st-how-do-i-book-water-sports-or-a-cruise\" class=\"accordion-collapse collapse\"\r\n            aria-labelledby=\"heading_how-do-i-book-water-sports-or-a-cruise\"\r\n            data-bs-parent=\"#accordion_how-do-i-book-water-sports-or-a-cruise\"\r\n        >\r\n            <div class=\"accordion-body\">\r\n                Vous pouvez r\u00e9server via notre site Internet, appeler notre bureau de r\u00e9servation ou vous rendre \u00e0 notre bureau. Il est recommand\u00e9 de r\u00e9server \u00e0 l&#039;avance, surtout pendant les p\u00e9riodes de pointe.            <\/div>\r\n        <\/div>\r\n    <\/div>\r\n<\/div>\r\n\t\t\t\t<\/div>\n\t\t\t\t<\/div>\n\t\t\t\t<div class=\"elementor-element elementor-element-43604c9 elementor-widget elementor-widget-st_faq\" data-id=\"43604c9\" data-element_type=\"widget\" data-e-type=\"widget\" data-widget_type=\"st_faq.default\">\n\t\t\t\t<div class=\"elementor-widget-container\">\n\t\t\t\t\t<div class=\"accordion faq style1\" id=\"accordion_what-is-the-best-time-of-year-for-water-sports-and-cruises\">\r\n    <div class=\"accordion-item\">\r\n        <h2 class=\"accordion-header\" id=\"heading_what-is-the-best-time-of-year-for-water-sports-and-cruises\">\r\n            <button class=\"accordion-button   collapsed\"\r\n                type=\"button\"\r\n                data-bs-toggle=\"collapse\"\r\n                data-bs-target=\"#st-what-is-the-best-time-of-year-for-water-sports-and-cruises\"\r\n                aria-expanded=\"false\"\r\n                aria-controls=\"what-is-the-best-time-of-year-for-water-sports-and-cruises\"\r\n            >\r\n                Quelle est la meilleure p\u00e9riode de l\u2019ann\u00e9e pour les sports nautiques et les croisi\u00e8res ?            <\/button>\r\n        <\/h2>\r\n        <div id=\"st-what-is-the-best-time-of-year-for-water-sports-and-cruises\" class=\"accordion-collapse collapse\"\r\n            aria-labelledby=\"heading_what-is-the-best-time-of-year-for-water-sports-and-cruises\"\r\n            data-bs-parent=\"#accordion_what-is-the-best-time-of-year-for-water-sports-and-cruises\"\r\n        >\r\n            <div class=\"accordion-body\">\r\n                Le climat d&#039;Aqaba est id\u00e9al pour les sports nautiques et les croisi\u00e8res toute l&#039;ann\u00e9e, offrant des conditions agr\u00e9ables pendant la majeure partie de l&#039;ann\u00e9e. Cependant, il existe des p\u00e9riodes occasionnelles o\u00f9 la mer peut conna\u00eetre des vagues violentes. Dans de tels cas, nous accordons la priorit\u00e9 \u00e0 la s\u00e9curit\u00e9 des clients et fournissons des notifications \u00e0 l&#039;avance pour garantir une exp\u00e9rience s\u00fbre et agr\u00e9able            <\/div>\r\n        <\/div>\r\n    <\/div>\r\n<\/div>\r\n\t\t\t\t<\/div>\n\t\t\t\t<\/div>\n\t\t\t\t<\/div>\n\t\t\t\t\t<\/div>\n\t\t\t\t<\/div>\n\t\t\t\t<\/div>","protected":false},"excerpt":{"rendered":"<p>What types of water sports do you offer? We offer activities such as jet skiing, parasailing, kayaking, paddleboarding, snorkeling, scuba diving, and banana boat rides Are the water sports suitable for beginners? Yes, many of our water sports are beginner-friendly, and we provide detailed instructions and safety briefings to ensure a comfortable and enjoyable experience. [&hellip;]<\/p>\n","protected":false},"author":2,"featured_media":16162,"parent":0,"menu_order":0,"comment_status":"closed","ping_status":"closed","template":"","meta":{"footnotes":""},"class_list":["post-16265","page","type-page","status-publish","has-post-thumbnail","hentry"],"_links":{"self":[{"href":"https:\/\/sindbadjo.com\/fr\/wp-json\/wp\/v2\/pages\/16265","targetHints":{"allow":["GET"]}}],"collection":[{"href":"https:\/\/sindbadjo.com\/fr\/wp-json\/wp\/v2\/pages"}],"about":[{"href":"https:\/\/sindbadjo.com\/fr\/wp-json\/wp\/v2\/types\/page"}],"author":[{"embeddable":true,"href":"https:\/\/sindbadjo.com\/fr\/wp-json\/wp\/v2\/users\/2"}],"replies":[{"embeddable":true,"href":"https:\/\/sindbadjo.com\/fr\/wp-json\/wp\/v2\/comments?post=16265"}],"version-history":[{"count":7,"href":"https:\/\/sindbadjo.com\/fr\/wp-json\/wp\/v2\/pages\/16265\/revisions"}],"predecessor-version":[{"id":16327,"href":"https:\/\/sindbadjo.com\/fr\/wp-json\/wp\/v2\/pages\/16265\/revisions\/16327"}],"wp:featuredmedia":[{"embeddable":true,"href":"https:\/\/sindbadjo.com\/fr\/wp-json\/wp\/v2\/media\/16162"}],"wp:attachment":[{"href":"https:\/\/sindbadjo.com\/fr\/wp-json\/wp\/v2\/media?parent=16265"}],"curies":[{"name":"wp","href":"https:\/\/api.w.org\/{rel}","templated":true}]}}