{"id":16265,"date":"2024-12-22T18:53:05","date_gmt":"2024-12-22T15:53:05","guid":{"rendered":"https:\/\/sindbadjo.com\/?page_id=16265"},"modified":"2024-12-26T15:54:19","modified_gmt":"2024-12-26T12:54:19","slug":"faq-water-sports-and-cruises","status":"publish","type":"page","link":"https:\/\/sindbadjo.com\/es\/preguntas-frecuentes-sobre-deportes-acuaticos-y-cruceros\/","title":{"rendered":"Preguntas frecuentes \u2013 Deportes acu\u00e1ticos y cruceros"},"content":{"rendered":"<div data-elementor-type=\"wp-page\" data-elementor-id=\"16265\" class=\"elementor elementor-16265\" data-elementor-post-type=\"page\">\n\t\t\t\t<div class=\"elementor-element elementor-element-377373e e-flex e-con-boxed e-con e-parent\" data-id=\"377373e\" data-element_type=\"container\">\n\t\t\t\t\t<div class=\"e-con-inner\">\n\t\t<div class=\"elementor-element elementor-element-8820d98 e-con-full e-flex e-con e-child\" data-id=\"8820d98\" data-element_type=\"container\">\n\t\t\t\t<div class=\"elementor-element elementor-element-65746fd elementor-widget elementor-widget-st_faq\" data-id=\"65746fd\" data-element_type=\"widget\" data-widget_type=\"st_faq.default\">\n\t\t\t\t<div class=\"elementor-widget-container\">\n\t\t\t\t\t<div class=\"accordion faq style1\" id=\"accordion_what-types-of-water-sports-do-you-offer\">\r\n    <div class=\"accordion-item\">\r\n        <h2 class=\"accordion-header\" id=\"heading_what-types-of-water-sports-do-you-offer\">\r\n            <button class=\"accordion-button   collapsed\"\r\n                type=\"button\"\r\n                data-bs-toggle=\"collapse\"\r\n                data-bs-target=\"#st-what-types-of-water-sports-do-you-offer\"\r\n                aria-expanded=\"false\"\r\n                aria-controls=\"what-types-of-water-sports-do-you-offer\"\r\n            >\r\n                \u00bfQu\u00e9 tipos de deportes acu\u00e1ticos ofrec\u00e9is?            <\/button>\r\n        <\/h2>\r\n        <div id=\"st-what-types-of-water-sports-do-you-offer\" class=\"accordion-collapse collapse\"\r\n            aria-labelledby=\"heading_what-types-of-water-sports-do-you-offer\"\r\n            data-bs-parent=\"#accordion_what-types-of-water-sports-do-you-offer\"\r\n        >\r\n            <div class=\"accordion-body\">\r\n                Ofrecemos actividades como moto acu\u00e1tica, parasailing, kayak, paddleboard, snorkel, buceo y paseos en banana boat.\n            <\/div>\r\n        <\/div>\r\n    <\/div>\r\n<\/div>\r\n\t\t\t\t<\/div>\n\t\t\t\t<\/div>\n\t\t\t\t<div class=\"elementor-element elementor-element-8815d3a elementor-widget elementor-widget-st_faq\" data-id=\"8815d3a\" data-element_type=\"widget\" data-widget_type=\"st_faq.default\">\n\t\t\t\t<div class=\"elementor-widget-container\">\n\t\t\t\t\t<div class=\"accordion faq style1\" id=\"accordion_are-the-water-sports-suitable-for-beginners\">\r\n    <div class=\"accordion-item\">\r\n        <h2 class=\"accordion-header\" id=\"heading_are-the-water-sports-suitable-for-beginners\">\r\n            <button class=\"accordion-button   collapsed\"\r\n                type=\"button\"\r\n                data-bs-toggle=\"collapse\"\r\n                data-bs-target=\"#st-are-the-water-sports-suitable-for-beginners\"\r\n                aria-expanded=\"false\"\r\n                aria-controls=\"are-the-water-sports-suitable-for-beginners\"\r\n            >\r\n                \u00bfLos deportes acu\u00e1ticos son adecuados para principiantes?            <\/button>\r\n        <\/h2>\r\n        <div id=\"st-are-the-water-sports-suitable-for-beginners\" class=\"accordion-collapse collapse\"\r\n            aria-labelledby=\"heading_are-the-water-sports-suitable-for-beginners\"\r\n            data-bs-parent=\"#accordion_are-the-water-sports-suitable-for-beginners\"\r\n        >\r\n            <div class=\"accordion-body\">\r\n                S\u00ed, muchos de nuestros deportes acu\u00e1ticos son aptos para principiantes y ofrecemos instrucciones detalladas y charlas de seguridad para garantizar una experiencia c\u00f3moda y agradable. Para actividades como el buceo, se requiere una formaci\u00f3n b\u00e1sica, que impartimos de forma profesional para garantizar la seguridad y la confianza.            <\/div>\r\n        <\/div>\r\n    <\/div>\r\n<\/div>\r\n\t\t\t\t<\/div>\n\t\t\t\t<\/div>\n\t\t\t\t<div class=\"elementor-element elementor-element-d3aa287 elementor-widget elementor-widget-st_faq\" data-id=\"d3aa287\" data-element_type=\"widget\" data-widget_type=\"st_faq.default\">\n\t\t\t\t<div class=\"elementor-widget-container\">\n\t\t\t\t\t<div class=\"accordion faq style1\" id=\"accordion_do-i-need-to-know-how-to-swim-to-participate\">\r\n    <div class=\"accordion-item\">\r\n        <h2 class=\"accordion-header\" id=\"heading_do-i-need-to-know-how-to-swim-to-participate\">\r\n            <button class=\"accordion-button   collapsed\"\r\n                type=\"button\"\r\n                data-bs-toggle=\"collapse\"\r\n                data-bs-target=\"#st-do-i-need-to-know-how-to-swim-to-participate\"\r\n                aria-expanded=\"false\"\r\n                aria-controls=\"do-i-need-to-know-how-to-swim-to-participate\"\r\n            >\r\n                \u00bfNecesito saber nadar para participar?            <\/button>\r\n        <\/h2>\r\n        <div id=\"st-do-i-need-to-know-how-to-swim-to-participate\" class=\"accordion-collapse collapse\"\r\n            aria-labelledby=\"heading_do-i-need-to-know-how-to-swim-to-participate\"\r\n            data-bs-parent=\"#accordion_do-i-need-to-know-how-to-swim-to-participate\"\r\n        >\r\n            <div class=\"accordion-body\">\r\n                Si bien las habilidades para nadar son \u00fatiles, muchas actividades (por ejemplo, moto acu\u00e1tica o parasailing) no requieren nataci\u00f3n. Se proporcionan chalecos salvavidas para todos los deportes acu\u00e1ticos para garantizar su seguridad.            <\/div>\r\n        <\/div>\r\n    <\/div>\r\n<\/div>\r\n\t\t\t\t<\/div>\n\t\t\t\t<\/div>\n\t\t\t\t<div class=\"elementor-element elementor-element-5f0711c elementor-widget elementor-widget-st_faq\" data-id=\"5f0711c\" data-element_type=\"widget\" data-widget_type=\"st_faq.default\">\n\t\t\t\t<div class=\"elementor-widget-container\">\n\t\t\t\t\t<div class=\"accordion faq style1\" id=\"accordion_are-there-any-age-or-health-restrictions\">\r\n    <div class=\"accordion-item\">\r\n        <h2 class=\"accordion-header\" id=\"heading_are-there-any-age-or-health-restrictions\">\r\n            <button class=\"accordion-button   collapsed\"\r\n                type=\"button\"\r\n                data-bs-toggle=\"collapse\"\r\n                data-bs-target=\"#st-are-there-any-age-or-health-restrictions\"\r\n                aria-expanded=\"false\"\r\n                aria-controls=\"are-there-any-age-or-health-restrictions\"\r\n            >\r\n                \u00bfExisten restricciones de edad o de salud?            <\/button>\r\n        <\/h2>\r\n        <div id=\"st-are-there-any-age-or-health-restrictions\" class=\"accordion-collapse collapse\"\r\n            aria-labelledby=\"heading_are-there-any-age-or-health-restrictions\"\r\n            data-bs-parent=\"#accordion_are-there-any-age-or-health-restrictions\"\r\n        >\r\n            <div class=\"accordion-body\">\r\n                Las restricciones de edad y salud var\u00edan seg\u00fan la actividad. Algunos deportes que requieren mucha adrenalina tienen requisitos de edad y peso, mientras que otros, como el kayak, est\u00e1n abiertos a todas las edades. Inf\u00f3rmenos de antemano sobre cualquier problema de salud.            <\/div>\r\n        <\/div>\r\n    <\/div>\r\n<\/div>\r\n\t\t\t\t<\/div>\n\t\t\t\t<\/div>\n\t\t\t\t<div class=\"elementor-element elementor-element-2b81a61 elementor-widget elementor-widget-st_faq\" data-id=\"2b81a61\" data-element_type=\"widget\" data-widget_type=\"st_faq.default\">\n\t\t\t\t<div class=\"elementor-widget-container\">\n\t\t\t\t\t<div class=\"accordion faq style1\" id=\"accordion_what-safety-measures-are-in-place\">\r\n    <div class=\"accordion-item\">\r\n        <h2 class=\"accordion-header\" id=\"heading_what-safety-measures-are-in-place\">\r\n            <button class=\"accordion-button   collapsed\"\r\n                type=\"button\"\r\n                data-bs-toggle=\"collapse\"\r\n                data-bs-target=\"#st-what-safety-measures-are-in-place\"\r\n                aria-expanded=\"false\"\r\n                aria-controls=\"what-safety-measures-are-in-place\"\r\n            >\r\n                \u00bfQu\u00e9 medidas de seguridad existen?            <\/button>\r\n        <\/h2>\r\n        <div id=\"st-what-safety-measures-are-in-place\" class=\"accordion-collapse collapse\"\r\n            aria-labelledby=\"heading_what-safety-measures-are-in-place\"\r\n            data-bs-parent=\"#accordion_what-safety-measures-are-in-place\"\r\n        >\r\n            <div class=\"accordion-body\">\r\n                Priorizamos la seguridad con personal capacitado, equipo de alta calidad y cumplimiento de las condiciones clim\u00e1ticas. Todos los participantes reciben instrucciones de seguridad y deben seguirlas.            <\/div>\r\n        <\/div>\r\n    <\/div>\r\n<\/div>\r\n\t\t\t\t<\/div>\n\t\t\t\t<\/div>\n\t\t\t\t<div class=\"elementor-element elementor-element-4638e55 elementor-widget elementor-widget-st_faq\" data-id=\"4638e55\" data-element_type=\"widget\" data-widget_type=\"st_faq.default\">\n\t\t\t\t<div class=\"elementor-widget-container\">\n\t\t\t\t\t<div class=\"accordion faq style1\" id=\"accordion_can-i-book-private-water-sports-sessions-or-a-private-cruise\">\r\n    <div class=\"accordion-item\">\r\n        <h2 class=\"accordion-header\" id=\"heading_can-i-book-private-water-sports-sessions-or-a-private-cruise\">\r\n            <button class=\"accordion-button   collapsed\"\r\n                type=\"button\"\r\n                data-bs-toggle=\"collapse\"\r\n                data-bs-target=\"#st-can-i-book-private-water-sports-sessions-or-a-private-cruise\"\r\n                aria-expanded=\"false\"\r\n                aria-controls=\"can-i-book-private-water-sports-sessions-or-a-private-cruise\"\r\n            >\r\n                \u00bfPuedo reservar sesiones privadas de deportes acu\u00e1ticos o un crucero privado?            <\/button>\r\n        <\/h2>\r\n        <div id=\"st-can-i-book-private-water-sports-sessions-or-a-private-cruise\" class=\"accordion-collapse collapse\"\r\n            aria-labelledby=\"heading_can-i-book-private-water-sports-sessions-or-a-private-cruise\"\r\n            data-bs-parent=\"#accordion_can-i-book-private-water-sports-sessions-or-a-private-cruise\"\r\n        >\r\n            <div class=\"accordion-body\">\r\n                S\u00ed, se pueden hacer reservas privadas para grupos, parejas o eventos. Cont\u00e1ctenos para paquetes personalizados            <\/div>\r\n        <\/div>\r\n    <\/div>\r\n<\/div>\r\n\t\t\t\t<\/div>\n\t\t\t\t<\/div>\n\t\t\t\t<div class=\"elementor-element elementor-element-5d44333 elementor-widget elementor-widget-st_faq\" data-id=\"5d44333\" data-element_type=\"widget\" data-widget_type=\"st_faq.default\">\n\t\t\t\t<div class=\"elementor-widget-container\">\n\t\t\t\t\t<div class=\"accordion faq style1\" id=\"accordion_are-there-options-for-non-swimmers-or-those-who-prefer-to-relax\">\r\n    <div class=\"accordion-item\">\r\n        <h2 class=\"accordion-header\" id=\"heading_are-there-options-for-non-swimmers-or-those-who-prefer-to-relax\">\r\n            <button class=\"accordion-button   collapsed\"\r\n                type=\"button\"\r\n                data-bs-toggle=\"collapse\"\r\n                data-bs-target=\"#st-are-there-options-for-non-swimmers-or-those-who-prefer-to-relax\"\r\n                aria-expanded=\"false\"\r\n                aria-controls=\"are-there-options-for-non-swimmers-or-those-who-prefer-to-relax\"\r\n            >\r\n                \u00bfHay opciones para quienes no saben nadar o prefieren relajarse?            <\/button>\r\n        <\/h2>\r\n        <div id=\"st-are-there-options-for-non-swimmers-or-those-who-prefer-to-relax\" class=\"accordion-collapse collapse\"\r\n            aria-labelledby=\"heading_are-there-options-for-non-swimmers-or-those-who-prefer-to-relax\"\r\n            data-bs-parent=\"#accordion_are-there-options-for-non-swimmers-or-those-who-prefer-to-relax\"\r\n        >\r\n            <div class=\"accordion-body\">\r\n                \u00a1Por supuesto! Quienes no sepan nadar pueden disfrutar de paseos panor\u00e1micos en barco, cruceros al atardecer o relajarse en la cubierta.            <\/div>\r\n        <\/div>\r\n    <\/div>\r\n<\/div>\r\n\t\t\t\t<\/div>\n\t\t\t\t<\/div>\n\t\t\t\t<\/div>\n\t\t<div class=\"elementor-element elementor-element-b635201 e-con-full e-flex e-con e-child\" data-id=\"b635201\" data-element_type=\"container\">\n\t\t\t\t<div class=\"elementor-element elementor-element-6a4ebfb elementor-widget elementor-widget-st_faq\" data-id=\"6a4ebfb\" data-element_type=\"widget\" data-widget_type=\"st_faq.default\">\n\t\t\t\t<div class=\"elementor-widget-container\">\n\t\t\t\t\t<div class=\"accordion faq style1\" id=\"accordion_what-is-included-in-the-cruise-package\">\r\n    <div class=\"accordion-item\">\r\n        <h2 class=\"accordion-header\" id=\"heading_what-is-included-in-the-cruise-package\">\r\n            <button class=\"accordion-button   collapsed\"\r\n                type=\"button\"\r\n                data-bs-toggle=\"collapse\"\r\n                data-bs-target=\"#st-what-is-included-in-the-cruise-package\"\r\n                aria-expanded=\"false\"\r\n                aria-controls=\"what-is-included-in-the-cruise-package\"\r\n            >\r\n                \u00bfQu\u00e9 incluye el paquete de crucero?            <\/button>\r\n        <\/h2>\r\n        <div id=\"st-what-is-included-in-the-cruise-package\" class=\"accordion-collapse collapse\"\r\n            aria-labelledby=\"heading_what-is-included-in-the-cruise-package\"\r\n            data-bs-parent=\"#accordion_what-is-included-in-the-cruise-package\"\r\n        >\r\n            <div class=\"accordion-body\">\r\n                Los paquetes de cruceros suelen incluir comidas a bordo, entretenimiento, m\u00fasica y complementos opcionales como esn\u00f3rquel o buceo. Las inclusiones espec\u00edficas var\u00edan seg\u00fan el paquete que elijas.\n            <\/div>\r\n        <\/div>\r\n    <\/div>\r\n<\/div>\r\n\t\t\t\t<\/div>\n\t\t\t\t<\/div>\n\t\t\t\t<div class=\"elementor-element elementor-element-17511a7 elementor-widget elementor-widget-st_faq\" data-id=\"17511a7\" data-element_type=\"widget\" data-widget_type=\"st_faq.default\">\n\t\t\t\t<div class=\"elementor-widget-container\">\n\t\t\t\t\t<div class=\"accordion faq style1\" id=\"accordion_how-long-do-the-cruises-last\">\r\n    <div class=\"accordion-item\">\r\n        <h2 class=\"accordion-header\" id=\"heading_how-long-do-the-cruises-last\">\r\n            <button class=\"accordion-button   collapsed\"\r\n                type=\"button\"\r\n                data-bs-toggle=\"collapse\"\r\n                data-bs-target=\"#st-how-long-do-the-cruises-last\"\r\n                aria-expanded=\"false\"\r\n                aria-controls=\"how-long-do-the-cruises-last\"\r\n            >\r\n                \u00bfCuanto duran los cruceros?            <\/button>\r\n        <\/h2>\r\n        <div id=\"st-how-long-do-the-cruises-last\" class=\"accordion-collapse collapse\"\r\n            aria-labelledby=\"heading_how-long-do-the-cruises-last\"\r\n            data-bs-parent=\"#accordion_how-long-do-the-cruises-last\"\r\n        >\r\n            <div class=\"accordion-body\">\r\n                Los cruceros var\u00edan desde unas pocas horas (por ejemplo, cruceros al atardecer o con cena) hasta viajes de un d\u00eda completo.            <\/div>\r\n        <\/div>\r\n    <\/div>\r\n<\/div>\r\n\t\t\t\t<\/div>\n\t\t\t\t<\/div>\n\t\t\t\t<div class=\"elementor-element elementor-element-af9e47b elementor-widget elementor-widget-st_faq\" data-id=\"af9e47b\" data-element_type=\"widget\" data-widget_type=\"st_faq.default\">\n\t\t\t\t<div class=\"elementor-widget-container\">\n\t\t\t\t\t<div class=\"accordion faq style1\" id=\"accordion_what-should-i-wear-or-bring-for-water-sports\">\r\n    <div class=\"accordion-item\">\r\n        <h2 class=\"accordion-header\" id=\"heading_what-should-i-wear-or-bring-for-water-sports\">\r\n            <button class=\"accordion-button   collapsed\"\r\n                type=\"button\"\r\n                data-bs-toggle=\"collapse\"\r\n                data-bs-target=\"#st-what-should-i-wear-or-bring-for-water-sports\"\r\n                aria-expanded=\"false\"\r\n                aria-controls=\"what-should-i-wear-or-bring-for-water-sports\"\r\n            >\r\n                \u00bfQu\u00e9 debo vestir o llevar para practicar deportes acu\u00e1ticos?            <\/button>\r\n        <\/h2>\r\n        <div id=\"st-what-should-i-wear-or-bring-for-water-sports\" class=\"accordion-collapse collapse\"\r\n            aria-labelledby=\"heading_what-should-i-wear-or-bring-for-water-sports\"\r\n            data-bs-parent=\"#accordion_what-should-i-wear-or-bring-for-water-sports\"\r\n        >\r\n            <div class=\"accordion-body\">\r\n                Use ropa de ba\u00f1o c\u00f3moda y traiga protector solar, as\u00ed como bolsas impermeables para sus pertenencias. Se le proporcionar\u00e1 equipo como chalecos salvavidas y otros accesorios.            <\/div>\r\n        <\/div>\r\n    <\/div>\r\n<\/div>\r\n\t\t\t\t<\/div>\n\t\t\t\t<\/div>\n\t\t\t\t<div class=\"elementor-element elementor-element-f780133 elementor-widget elementor-widget-st_faq\" data-id=\"f780133\" data-element_type=\"widget\" data-widget_type=\"st_faq.default\">\n\t\t\t\t<div class=\"elementor-widget-container\">\n\t\t\t\t\t<div class=\"accordion faq style1\" id=\"accordion_can-i-cancel-or-reschedule-my-booking\">\r\n    <div class=\"accordion-item\">\r\n        <h2 class=\"accordion-header\" id=\"heading_can-i-cancel-or-reschedule-my-booking\">\r\n            <button class=\"accordion-button   collapsed\"\r\n                type=\"button\"\r\n                data-bs-toggle=\"collapse\"\r\n                data-bs-target=\"#st-can-i-cancel-or-reschedule-my-booking\"\r\n                aria-expanded=\"false\"\r\n                aria-controls=\"can-i-cancel-or-reschedule-my-booking\"\r\n            >\r\n                \u00bfPuedo cancelar o reprogramar mi reserva?            <\/button>\r\n        <\/h2>\r\n        <div id=\"st-can-i-cancel-or-reschedule-my-booking\" class=\"accordion-collapse collapse\"\r\n            aria-labelledby=\"heading_can-i-cancel-or-reschedule-my-booking\"\r\n            data-bs-parent=\"#accordion_can-i-cancel-or-reschedule-my-booking\"\r\n        >\r\n            <div class=\"accordion-body\">\r\n                S\u00ed, las pol\u00edticas de cancelaci\u00f3n y reprogramaci\u00f3n dependen del proveedor. Por favor, consulte las condiciones antes de reservar.            <\/div>\r\n        <\/div>\r\n    <\/div>\r\n<\/div>\r\n\t\t\t\t<\/div>\n\t\t\t\t<\/div>\n\t\t\t\t<div class=\"elementor-element elementor-element-66d935f elementor-widget elementor-widget-st_faq\" data-id=\"66d935f\" data-element_type=\"widget\" data-widget_type=\"st_faq.default\">\n\t\t\t\t<div class=\"elementor-widget-container\">\n\t\t\t\t\t<div class=\"accordion faq style1\" id=\"accordion_are-food-and-drinks-available-on-board-the-cruise\">\r\n    <div class=\"accordion-item\">\r\n        <h2 class=\"accordion-header\" id=\"heading_are-food-and-drinks-available-on-board-the-cruise\">\r\n            <button class=\"accordion-button   collapsed\"\r\n                type=\"button\"\r\n                data-bs-toggle=\"collapse\"\r\n                data-bs-target=\"#st-are-food-and-drinks-available-on-board-the-cruise\"\r\n                aria-expanded=\"false\"\r\n                aria-controls=\"are-food-and-drinks-available-on-board-the-cruise\"\r\n            >\r\n                \u00bfHay comida y bebidas disponibles a bordo del crucero?            <\/button>\r\n        <\/h2>\r\n        <div id=\"st-are-food-and-drinks-available-on-board-the-cruise\" class=\"accordion-collapse collapse\"\r\n            aria-labelledby=\"heading_are-food-and-drinks-available-on-board-the-cruise\"\r\n            data-bs-parent=\"#accordion_are-food-and-drinks-available-on-board-the-cruise\"\r\n        >\r\n            <div class=\"accordion-body\">\r\n                S\u00ed, hay comida y bebidas disponibles a bordo. Los cruceros privados incluyen comidas y bebidas como parte de la experiencia, mientras que los cruceros no privados ofrecen bebidas de cortes\u00eda. Adem\u00e1s, se puede comprar una selecci\u00f3n de bebidas.            <\/div>\r\n        <\/div>\r\n    <\/div>\r\n<\/div>\r\n\t\t\t\t<\/div>\n\t\t\t\t<\/div>\n\t\t\t\t<div class=\"elementor-element elementor-element-6a7b5db elementor-widget elementor-widget-st_faq\" data-id=\"6a7b5db\" data-element_type=\"widget\" data-widget_type=\"st_faq.default\">\n\t\t\t\t<div class=\"elementor-widget-container\">\n\t\t\t\t\t<div class=\"accordion faq style1\" id=\"accordion_how-do-i-book-water-sports-or-a-cruise\">\r\n    <div class=\"accordion-item\">\r\n        <h2 class=\"accordion-header\" id=\"heading_how-do-i-book-water-sports-or-a-cruise\">\r\n            <button class=\"accordion-button   collapsed\"\r\n                type=\"button\"\r\n                data-bs-toggle=\"collapse\"\r\n                data-bs-target=\"#st-how-do-i-book-water-sports-or-a-cruise\"\r\n                aria-expanded=\"false\"\r\n                aria-controls=\"how-do-i-book-water-sports-or-a-cruise\"\r\n            >\r\n                \u00bfC\u00f3mo reservo deportes acu\u00e1ticos o un crucero?            <\/button>\r\n        <\/h2>\r\n        <div id=\"st-how-do-i-book-water-sports-or-a-cruise\" class=\"accordion-collapse collapse\"\r\n            aria-labelledby=\"heading_how-do-i-book-water-sports-or-a-cruise\"\r\n            data-bs-parent=\"#accordion_how-do-i-book-water-sports-or-a-cruise\"\r\n        >\r\n            <div class=\"accordion-body\">\r\n                Puede reservar a trav\u00e9s de nuestro sitio web, llamar a nuestro mostrador de reservas o visitar nuestra oficina. Se recomienda reservar con antelaci\u00f3n, especialmente durante la temporada alta.            <\/div>\r\n        <\/div>\r\n    <\/div>\r\n<\/div>\r\n\t\t\t\t<\/div>\n\t\t\t\t<\/div>\n\t\t\t\t<div class=\"elementor-element elementor-element-43604c9 elementor-widget elementor-widget-st_faq\" data-id=\"43604c9\" data-element_type=\"widget\" data-widget_type=\"st_faq.default\">\n\t\t\t\t<div class=\"elementor-widget-container\">\n\t\t\t\t\t<div class=\"accordion faq style1\" id=\"accordion_what-is-the-best-time-of-year-for-water-sports-and-cruises\">\r\n    <div class=\"accordion-item\">\r\n        <h2 class=\"accordion-header\" id=\"heading_what-is-the-best-time-of-year-for-water-sports-and-cruises\">\r\n            <button class=\"accordion-button   collapsed\"\r\n                type=\"button\"\r\n                data-bs-toggle=\"collapse\"\r\n                data-bs-target=\"#st-what-is-the-best-time-of-year-for-water-sports-and-cruises\"\r\n                aria-expanded=\"false\"\r\n                aria-controls=\"what-is-the-best-time-of-year-for-water-sports-and-cruises\"\r\n            >\r\n                \u00bfCu\u00e1l es la mejor \u00e9poca del a\u00f1o para practicar deportes acu\u00e1ticos y cruceros?            <\/button>\r\n        <\/h2>\r\n        <div id=\"st-what-is-the-best-time-of-year-for-water-sports-and-cruises\" class=\"accordion-collapse collapse\"\r\n            aria-labelledby=\"heading_what-is-the-best-time-of-year-for-water-sports-and-cruises\"\r\n            data-bs-parent=\"#accordion_what-is-the-best-time-of-year-for-water-sports-and-cruises\"\r\n        >\r\n            <div class=\"accordion-body\">\r\n                El clima de \u00c1qaba es ideal para practicar deportes acu\u00e1ticos y realizar cruceros durante todo el a\u00f1o, ya que ofrece condiciones agradables durante la mayor parte del a\u00f1o. Sin embargo, hay per\u00edodos ocasionales en los que el mar puede experimentar fuertes olas. En esos casos, priorizamos la seguridad de los hu\u00e9spedes y proporcionamos notificaciones anticipadas para garantizar una experiencia segura y agradable.            <\/div>\r\n        <\/div>\r\n    <\/div>\r\n<\/div>\r\n\t\t\t\t<\/div>\n\t\t\t\t<\/div>\n\t\t\t\t<\/div>\n\t\t\t\t\t<\/div>\n\t\t\t\t<\/div>\n\t\t\t\t<\/div>","protected":false},"excerpt":{"rendered":"<p>What types of water sports do you offer? We offer activities such as jet skiing, parasailing, kayaking, paddleboarding, snorkeling, scuba diving, and banana boat rides Are the water sports suitable for beginners? Yes, many of our water sports are beginner-friendly, and we provide detailed instructions and safety briefings to ensure a comfortable and enjoyable experience. [&hellip;]<\/p>","protected":false},"author":2,"featured_media":16162,"parent":0,"menu_order":0,"comment_status":"closed","ping_status":"closed","template":"","meta":{"footnotes":""},"class_list":["post-16265","page","type-page","status-publish","has-post-thumbnail","hentry"],"_links":{"self":[{"href":"https:\/\/sindbadjo.com\/es\/wp-json\/wp\/v2\/pages\/16265","targetHints":{"allow":["GET"]}}],"collection":[{"href":"https:\/\/sindbadjo.com\/es\/wp-json\/wp\/v2\/pages"}],"about":[{"href":"https:\/\/sindbadjo.com\/es\/wp-json\/wp\/v2\/types\/page"}],"author":[{"embeddable":true,"href":"https:\/\/sindbadjo.com\/es\/wp-json\/wp\/v2\/users\/2"}],"replies":[{"embeddable":true,"href":"https:\/\/sindbadjo.com\/es\/wp-json\/wp\/v2\/comments?post=16265"}],"version-history":[{"count":7,"href":"https:\/\/sindbadjo.com\/es\/wp-json\/wp\/v2\/pages\/16265\/revisions"}],"predecessor-version":[{"id":16327,"href":"https:\/\/sindbadjo.com\/es\/wp-json\/wp\/v2\/pages\/16265\/revisions\/16327"}],"wp:featuredmedia":[{"embeddable":true,"href":"https:\/\/sindbadjo.com\/es\/wp-json\/wp\/v2\/media\/16162"}],"wp:attachment":[{"href":"https:\/\/sindbadjo.com\/es\/wp-json\/wp\/v2\/media?parent=16265"}],"curies":[{"name":"wp","href":"https:\/\/api.w.org\/{rel}","templated":true}]}}