{"id":15535,"date":"2024-09-19T15:02:40","date_gmt":"2024-09-19T12:02:40","guid":{"rendered":"https:\/\/sindbadjo.com\/?page_id=15535"},"modified":"2024-10-06T16:04:07","modified_gmt":"2024-10-06T13:04:07","slug":"condiciones-de-servicio-del-grupo-sindbad","status":"publish","type":"page","link":"https:\/\/sindbadjo.com\/es\/condiciones-de-servicio-del-grupo-sindbad\/","title":{"rendered":"Condiciones de servicio de Sindbad Group"},"content":{"rendered":"<p><strong>1. Aceptaci\u00f3n de los T\u00e9rminos<\/strong> Al acceder o utilizar el sitio web del Grupo Sindbad (el \u00abSitio\u00bb) y nuestros servicios, usted acepta cumplir y estar sujeto a estos T\u00e9rminos de Servicio. Si no est\u00e1 de acuerdo con alguna parte de estos t\u00e9rminos, le rogamos que no utilice nuestro Sitio.<\/p>\n\n\n\n<p><strong>2. Servicios prestados<\/strong> El Grupo Sindbad ofrece servicios de reserva en l\u00ednea para transporte, paquetes de deportes acu\u00e1ticos e instalaciones de playa. Estos servicios est\u00e1n sujetos a disponibilidad y pueden cambiar sin previo aviso.<\/p>\n\n\n\n<p><strong>3. Cuentas de usuario<\/strong> Para acceder a ciertas funciones del Sitio, es posible que se le solicite crear una cuenta. Usted se compromete a proporcionar informaci\u00f3n precisa y completa durante el registro y a actualizar la informaci\u00f3n de su cuenta seg\u00fan sea necesario. Usted es responsable de mantener la confidencialidad de su cuenta y contrase\u00f1a, as\u00ed como de todas las actividades que se realicen en ella.<\/p>\n\n\n\n<p><strong>4. Reservas y pagos<\/strong><\/p>\n\n\n\n<ul class=\"wp-block-list\">\n<li>Todas las reservas realizadas a trav\u00e9s del Sitio est\u00e1n sujetas a confirmaci\u00f3n. Nos reservamos el derecho de cancelar o modificar las reservas de acuerdo con nuestras pol\u00edticas.<\/li>\n\n\n\n<li>El pago debe realizarse al momento de la reserva. Usted acepta proporcionar informaci\u00f3n de pago precisa y nos autoriza a cargar el importe total de su pedido a su m\u00e9todo de pago.<\/li>\n\n\n\n<li>Se requiere un dep\u00f3sito de 50% al confirmar su reserva. El resto de 50% debe abonarse 4 d\u00edas antes de la fecha del evento.<\/li>\n\n\n\n<li>Las cancelaciones y reembolsos est\u00e1n sujetos a nuestra pol\u00edtica de cancelaci\u00f3n, que se proporcionar\u00e1 durante el proceso de reserva.<\/li>\n<\/ul>\n\n\n\n<p><strong>5. Conducta del usuario<\/strong> Usted se compromete a no utilizar el Sitio con fines il\u00edcitos ni de ninguna manera que pueda da\u00f1ar, interrumpir o interferir con el Sitio o sus servicios. Las actividades prohibidas incluyen, entre otras:<\/p>\n\n\n\n<ul class=\"wp-block-list\">\n<li>Publicar o transmitir cualquier contenido ilegal, amenazante, difamatorio u obsceno.<\/li>\n\n\n\n<li>Intentar obtener acceso no autorizado a cualquier parte del Sitio o sus servidores.<\/li>\n<\/ul>\n\n\n\n<p><strong>6. Propiedad intelectual<\/strong> Todo el contenido del Sitio, incluyendo textos, gr\u00e1ficos, logotipos y software, es propiedad de Sindbad Group o sus licenciantes y est\u00e1 protegido por derechos de autor, marcas registradas y otras leyes de propiedad intelectual. No se permite reproducir, distribuir ni crear obras derivadas sin consentimiento previo por escrito.<\/p>\n\n\n\n<p><strong>7. Cambios en los T\u00e9rminos<\/strong> Nos reservamos el derecho de modificar estos T\u00e9rminos de Servicio en cualquier momento. Cualquier cambio entrar\u00e1 en vigor inmediatamente despu\u00e9s de su publicaci\u00f3n en el Sitio. Su uso continuado del Sitio despu\u00e9s de la implementaci\u00f3n de los cambios constituye su aceptaci\u00f3n de los nuevos t\u00e9rminos.<\/p>\n\n\n\n<p><strong>8. Cont\u00e1ctenos<\/strong> Si tiene alguna pregunta o inquietud con respecto a estos T\u00e9rminos de Servicio, comun\u00edquese con nosotros a:<\/p>\n\n\n\n<p><\/p>","protected":false},"excerpt":{"rendered":"<p>1. Acceptance of Terms By accessing or using the Sindbad Group website (the &#8220;Site&#8221;) and our services, you agree to comply with and be bound by these Terms of Service. If you do not agree with any part of these terms, please do not use our Site. 2. Services Provided Sindbad Group offers online booking [&hellip;]<\/p>\n","protected":false},"author":2,"featured_media":15444,"parent":0,"menu_order":0,"comment_status":"closed","ping_status":"closed","template":"","meta":{"footnotes":""},"class_list":["post-15535","page","type-page","status-publish","has-post-thumbnail","hentry"],"_links":{"self":[{"href":"https:\/\/sindbadjo.com\/es\/wp-json\/wp\/v2\/pages\/15535","targetHints":{"allow":["GET"]}}],"collection":[{"href":"https:\/\/sindbadjo.com\/es\/wp-json\/wp\/v2\/pages"}],"about":[{"href":"https:\/\/sindbadjo.com\/es\/wp-json\/wp\/v2\/types\/page"}],"author":[{"embeddable":true,"href":"https:\/\/sindbadjo.com\/es\/wp-json\/wp\/v2\/users\/2"}],"replies":[{"embeddable":true,"href":"https:\/\/sindbadjo.com\/es\/wp-json\/wp\/v2\/comments?post=15535"}],"version-history":[{"count":2,"href":"https:\/\/sindbadjo.com\/es\/wp-json\/wp\/v2\/pages\/15535\/revisions"}],"predecessor-version":[{"id":15706,"href":"https:\/\/sindbadjo.com\/es\/wp-json\/wp\/v2\/pages\/15535\/revisions\/15706"}],"wp:featuredmedia":[{"embeddable":true,"href":"https:\/\/sindbadjo.com\/es\/wp-json\/wp\/v2\/media\/15444"}],"wp:attachment":[{"href":"https:\/\/sindbadjo.com\/es\/wp-json\/wp\/v2\/media?parent=15535"}],"curies":[{"name":"wp","href":"https:\/\/api.w.org\/{rel}","templated":true}]}}