{"id":843,"date":"2022-04-18T03:48:43","date_gmt":"2022-04-18T03:48:43","guid":{"rendered":"https:\/\/modmixmap.wpengine.com\/?page_id=843"},"modified":"2024-12-24T16:23:48","modified_gmt":"2024-12-24T13:23:48","slug":"faq","status":"publish","type":"page","link":"https:\/\/sindbadjo.com\/de\/haufig-gestellte-fragen\/","title":{"rendered":"H\u00e4ufig gestellte Fragen"},"content":{"rendered":"<div data-elementor-type=\"wp-page\" data-elementor-id=\"843\" class=\"elementor elementor-843\" data-elementor-post-type=\"page\">\n\t\t\t\t<div class=\"elementor-element elementor-element-8bb2173 e-flex e-con-boxed e-con e-parent\" data-id=\"8bb2173\" data-element_type=\"container\">\n\t\t\t\t\t<div class=\"e-con-inner\">\n\t\t\t\t<div class=\"elementor-element elementor-element-00fa535 elementor-widget elementor-widget-heading\" data-id=\"00fa535\" data-element_type=\"widget\" data-widget_type=\"heading.default\">\n\t\t\t\t<div class=\"elementor-widget-container\">\n\t\t\t\t\t<h2 class=\"elementor-heading-title elementor-size-default\">H\u00e4ufig gestellte Fragen<\/h2>\t\t\t\t<\/div>\n\t\t\t\t<\/div>\n\t\t\t\t\t<\/div>\n\t\t\t\t<\/div>\n\t\t\t\t<section class=\"elementor-section elementor-inner-section elementor-element elementor-element-16f68bb elementor-section-boxed elementor-section-height-default elementor-section-height-default\" data-id=\"16f68bb\" data-element_type=\"section\">\n\t\t\t\t\t\t<div class=\"elementor-container elementor-column-gap-default\">\n\t\t\t\t\t<div class=\"elementor-column elementor-col-50 elementor-inner-column elementor-element elementor-element-7ed3330b\" data-id=\"7ed3330b\" data-element_type=\"column\">\n\t\t\t<div class=\"elementor-widget-wrap elementor-element-populated\">\n\t\t\t\t\t\t<div class=\"elementor-element elementor-element-51814d95 elementor-widget elementor-widget-st_faq\" data-id=\"51814d95\" data-element_type=\"widget\" data-widget_type=\"st_faq.default\">\n\t\t\t\t<div class=\"elementor-widget-container\">\n\t\t\t\t\t<div class=\"accordion faq style1\" id=\"accordion_what-are-the-operating-hours-of-the-beach-club\">\r\n    <div class=\"accordion-item\">\r\n        <h2 class=\"accordion-header\" id=\"heading_what-are-the-operating-hours-of-the-beach-club\">\r\n            <button class=\"accordion-button   collapsed\"\r\n                type=\"button\"\r\n                data-bs-toggle=\"collapse\"\r\n                data-bs-target=\"#st-what-are-the-operating-hours-of-the-beach-club\"\r\n                aria-expanded=\"false\"\r\n                aria-controls=\"what-are-the-operating-hours-of-the-beach-club\"\r\n            >\r\n                Wie sind die \u00d6ffnungszeiten des Beachclubs?            <\/button>\r\n        <\/h2>\r\n        <div id=\"st-what-are-the-operating-hours-of-the-beach-club\" class=\"accordion-collapse collapse\"\r\n            aria-labelledby=\"heading_what-are-the-operating-hours-of-the-beach-club\"\r\n            data-bs-parent=\"#accordion_what-are-the-operating-hours-of-the-beach-club\"\r\n        >\r\n            <div class=\"accordion-body\">\r\n                So - Mi von 9:00 bis 21:00 Uhr Sa - Do von 9:00 bis 22:00 Uhr Freitag von: 9:00 bis 23:00 Uhr            <\/div>\r\n        <\/div>\r\n    <\/div>\r\n<\/div>\r\n\t\t\t\t<\/div>\n\t\t\t\t<\/div>\n\t\t\t\t<div class=\"elementor-element elementor-element-2a30987b elementor-widget elementor-widget-st_faq\" data-id=\"2a30987b\" data-element_type=\"widget\" data-widget_type=\"st_faq.default\">\n\t\t\t\t<div class=\"elementor-widget-container\">\n\t\t\t\t\t<div class=\"accordion faq style1\" id=\"accordion_is-there-an-entrance-fee\">\r\n    <div class=\"accordion-item\">\r\n        <h2 class=\"accordion-header\" id=\"heading_is-there-an-entrance-fee\">\r\n            <button class=\"accordion-button   collapsed\"\r\n                type=\"button\"\r\n                data-bs-toggle=\"collapse\"\r\n                data-bs-target=\"#st-is-there-an-entrance-fee\"\r\n                aria-expanded=\"false\"\r\n                aria-controls=\"is-there-an-entrance-fee\"\r\n            >\r\n                Gibt es einen Eintrittspreis?            <\/button>\r\n        <\/h2>\r\n        <div id=\"st-is-there-an-entrance-fee\" class=\"accordion-collapse collapse\"\r\n            aria-labelledby=\"heading_is-there-an-entrance-fee\"\r\n            data-bs-parent=\"#accordion_is-there-an-entrance-fee\"\r\n        >\r\n            <div class=\"accordion-body\">\r\n                Ja, es wird eine Eintrittsgeb\u00fchr erhoben. Aktuelle Preise erfahren Sie auf unserer Website oder bei unserem Kundenservice.            <\/div>\r\n        <\/div>\r\n    <\/div>\r\n<\/div>\r\n\t\t\t\t<\/div>\n\t\t\t\t<\/div>\n\t\t\t\t<div class=\"elementor-element elementor-element-b672ac0 elementor-widget elementor-widget-st_faq\" data-id=\"b672ac0\" data-element_type=\"widget\" data-widget_type=\"st_faq.default\">\n\t\t\t\t<div class=\"elementor-widget-container\">\n\t\t\t\t\t<div class=\"accordion faq style1\" id=\"accordion_is-the-beach-club-suitable-for-families-with-children\">\r\n    <div class=\"accordion-item\">\r\n        <h2 class=\"accordion-header\" id=\"heading_is-the-beach-club-suitable-for-families-with-children\">\r\n            <button class=\"accordion-button   collapsed\"\r\n                type=\"button\"\r\n                data-bs-toggle=\"collapse\"\r\n                data-bs-target=\"#st-is-the-beach-club-suitable-for-families-with-children\"\r\n                aria-expanded=\"false\"\r\n                aria-controls=\"is-the-beach-club-suitable-for-families-with-children\"\r\n            >\r\n                Ist der Beachclub f\u00fcr Familien mit Kindern geeignet?            <\/button>\r\n        <\/h2>\r\n        <div id=\"st-is-the-beach-club-suitable-for-families-with-children\" class=\"accordion-collapse collapse\"\r\n            aria-labelledby=\"heading_is-the-beach-club-suitable-for-families-with-children\"\r\n            data-bs-parent=\"#accordion_is-the-beach-club-suitable-for-families-with-children\"\r\n        >\r\n            <div class=\"accordion-body\">\r\n                Auf jeden Fall! Wir verf\u00fcgen \u00fcber familienfreundliche Einrichtungen, darunter einen Kinderspielplatz und flache Schwimmbereiche.            <\/div>\r\n        <\/div>\r\n    <\/div>\r\n<\/div>\r\n\t\t\t\t<\/div>\n\t\t\t\t<\/div>\n\t\t\t\t<div class=\"elementor-element elementor-element-76efa315 elementor-widget elementor-widget-st_faq\" data-id=\"76efa315\" data-element_type=\"widget\" data-widget_type=\"st_faq.default\">\n\t\t\t\t<div class=\"elementor-widget-container\">\n\t\t\t\t\t<div class=\"accordion faq style1\" id=\"accordion_can-i-rent-equipment-like-snorkeling-gear-or-kayaks\">\r\n    <div class=\"accordion-item\">\r\n        <h2 class=\"accordion-header\" id=\"heading_can-i-rent-equipment-like-snorkeling-gear-or-kayaks\">\r\n            <button class=\"accordion-button   collapsed\"\r\n                type=\"button\"\r\n                data-bs-toggle=\"collapse\"\r\n                data-bs-target=\"#st-can-i-rent-equipment-like-snorkeling-gear-or-kayaks\"\r\n                aria-expanded=\"false\"\r\n                aria-controls=\"can-i-rent-equipment-like-snorkeling-gear-or-kayaks\"\r\n            >\r\n                Kann ich Ausr\u00fcstung wie Schnorchelausr\u00fcstung oder Kajaks mieten?            <\/button>\r\n        <\/h2>\r\n        <div id=\"st-can-i-rent-equipment-like-snorkeling-gear-or-kayaks\" class=\"accordion-collapse collapse\"\r\n            aria-labelledby=\"heading_can-i-rent-equipment-like-snorkeling-gear-or-kayaks\"\r\n            data-bs-parent=\"#accordion_can-i-rent-equipment-like-snorkeling-gear-or-kayaks\"\r\n        >\r\n            <div class=\"accordion-body\">\r\n                Ja, wir bieten die Vermietung von Ausr\u00fcstung zum Schnorcheln, Kajakfahren und f\u00fcr andere Wassersportarten an. Bitte erkundigen Sie sich an der Rezeption nach Verf\u00fcgbarkeit und Preisen.            <\/div>\r\n        <\/div>\r\n    <\/div>\r\n<\/div>\r\n\t\t\t\t<\/div>\n\t\t\t\t<\/div>\n\t\t\t\t<div class=\"elementor-element elementor-element-9d8001b elementor-widget elementor-widget-st_faq\" data-id=\"9d8001b\" data-element_type=\"widget\" data-widget_type=\"st_faq.default\">\n\t\t\t\t<div class=\"elementor-widget-container\">\n\t\t\t\t\t<div class=\"accordion faq style1\" id=\"accordion_do-we-need-to-reserve-in-advance\">\r\n    <div class=\"accordion-item\">\r\n        <h2 class=\"accordion-header\" id=\"heading_do-we-need-to-reserve-in-advance\">\r\n            <button class=\"accordion-button   collapsed\"\r\n                type=\"button\"\r\n                data-bs-toggle=\"collapse\"\r\n                data-bs-target=\"#st-do-we-need-to-reserve-in-advance\"\r\n                aria-expanded=\"false\"\r\n                aria-controls=\"do-we-need-to-reserve-in-advance\"\r\n            >\r\n                M\u00fcssen wir im Voraus reservieren?            <\/button>\r\n        <\/h2>\r\n        <div id=\"st-do-we-need-to-reserve-in-advance\" class=\"accordion-collapse collapse\"\r\n            aria-labelledby=\"heading_do-we-need-to-reserve-in-advance\"\r\n            data-bs-parent=\"#accordion_do-we-need-to-reserve-in-advance\"\r\n        >\r\n            <div class=\"accordion-body\">\r\n                Eine Reservierung im Voraus ist nicht zwingend erforderlich, wird jedoch dringend empfohlen, insbesondere f\u00fcr Gruppen. Eine Reservierung stellt sicher, dass wir Ihren Besuch bequem organisieren k\u00f6nnen.            <\/div>\r\n        <\/div>\r\n    <\/div>\r\n<\/div>\r\n\t\t\t\t<\/div>\n\t\t\t\t<\/div>\n\t\t\t\t<div class=\"elementor-element elementor-element-ed9572b elementor-widget elementor-widget-st_faq\" data-id=\"ed9572b\" data-element_type=\"widget\" data-widget_type=\"st_faq.default\">\n\t\t\t\t<div class=\"elementor-widget-container\">\n\t\t\t\t\t<div class=\"accordion faq style1\" id=\"accordion_is-shisha-allowed-can-we-bring-our-own-shisha\">\r\n    <div class=\"accordion-item\">\r\n        <h2 class=\"accordion-header\" id=\"heading_is-shisha-allowed-can-we-bring-our-own-shisha\">\r\n            <button class=\"accordion-button   collapsed\"\r\n                type=\"button\"\r\n                data-bs-toggle=\"collapse\"\r\n                data-bs-target=\"#st-is-shisha-allowed-can-we-bring-our-own-shisha\"\r\n                aria-expanded=\"false\"\r\n                aria-controls=\"is-shisha-allowed-can-we-bring-our-own-shisha\"\r\n            >\r\n                Ist Shisha erlaubt? K\u00f6nnen wir unsere eigene Shisha mitbringen?            <\/button>\r\n        <\/h2>\r\n        <div id=\"st-is-shisha-allowed-can-we-bring-our-own-shisha\" class=\"accordion-collapse collapse\"\r\n            aria-labelledby=\"heading_is-shisha-allowed-can-we-bring-our-own-shisha\"\r\n            data-bs-parent=\"#accordion_is-shisha-allowed-can-we-bring-our-own-shisha\"\r\n        >\r\n            <div class=\"accordion-body\">\r\n                Ja, Shisha ist erlaubt, aber leider k\u00f6nnen Sie keine eigene Shisha mitbringen            <\/div>\r\n        <\/div>\r\n    <\/div>\r\n<\/div>\r\n\t\t\t\t<\/div>\n\t\t\t\t<\/div>\n\t\t\t\t\t<\/div>\n\t\t<\/div>\n\t\t\t\t<div class=\"elementor-column elementor-col-50 elementor-inner-column elementor-element elementor-element-6da7a48b\" data-id=\"6da7a48b\" data-element_type=\"column\">\n\t\t\t<div class=\"elementor-widget-wrap elementor-element-populated\">\n\t\t\t\t\t\t<div class=\"elementor-element elementor-element-3c081cee elementor-widget elementor-widget-st_faq\" data-id=\"3c081cee\" data-element_type=\"widget\" data-widget_type=\"st_faq.default\">\n\t\t\t\t<div class=\"elementor-widget-container\">\n\t\t\t\t\t<div class=\"accordion faq style1\" id=\"accordion_is-wi-fi-available-at-the-beach-club\">\r\n    <div class=\"accordion-item\">\r\n        <h2 class=\"accordion-header\" id=\"heading_is-wi-fi-available-at-the-beach-club\">\r\n            <button class=\"accordion-button   collapsed\"\r\n                type=\"button\"\r\n                data-bs-toggle=\"collapse\"\r\n                data-bs-target=\"#st-is-wi-fi-available-at-the-beach-club\"\r\n                aria-expanded=\"false\"\r\n                aria-controls=\"is-wi-fi-available-at-the-beach-club\"\r\n            >\r\n                Ist im Strandclub WLAN verf\u00fcgbar?            <\/button>\r\n        <\/h2>\r\n        <div id=\"st-is-wi-fi-available-at-the-beach-club\" class=\"accordion-collapse collapse\"\r\n            aria-labelledby=\"heading_is-wi-fi-available-at-the-beach-club\"\r\n            data-bs-parent=\"#accordion_is-wi-fi-available-at-the-beach-club\"\r\n        >\r\n            <div class=\"accordion-body\">\r\n                Ja, im gesamten Beach Club steht unseren G\u00e4sten kostenloses WLAN zur Verf\u00fcgung.            <\/div>\r\n        <\/div>\r\n    <\/div>\r\n<\/div>\r\n\t\t\t\t<\/div>\n\t\t\t\t<\/div>\n\t\t\t\t<div class=\"elementor-element elementor-element-404be9d3 elementor-widget elementor-widget-st_faq\" data-id=\"404be9d3\" data-element_type=\"widget\" data-widget_type=\"st_faq.default\">\n\t\t\t\t<div class=\"elementor-widget-container\">\n\t\t\t\t\t<div class=\"accordion faq style1\" id=\"accordion_what-is-your-policy-on-bringing-outside-food-and-drinks\">\r\n    <div class=\"accordion-item\">\r\n        <h2 class=\"accordion-header\" id=\"heading_what-is-your-policy-on-bringing-outside-food-and-drinks\">\r\n            <button class=\"accordion-button   collapsed\"\r\n                type=\"button\"\r\n                data-bs-toggle=\"collapse\"\r\n                data-bs-target=\"#st-what-is-your-policy-on-bringing-outside-food-and-drinks\"\r\n                aria-expanded=\"false\"\r\n                aria-controls=\"what-is-your-policy-on-bringing-outside-food-and-drinks\"\r\n            >\r\n                Welche Richtlinien gelten f\u00fcr das Mitbringen von Speisen und Getr\u00e4nken von au\u00dferhalb?            <\/button>\r\n        <\/h2>\r\n        <div id=\"st-what-is-your-policy-on-bringing-outside-food-and-drinks\" class=\"accordion-collapse collapse\"\r\n            aria-labelledby=\"heading_what-is-your-policy-on-bringing-outside-food-and-drinks\"\r\n            data-bs-parent=\"#accordion_what-is-your-policy-on-bringing-outside-food-and-drinks\"\r\n        >\r\n            <div class=\"accordion-body\">\r\n                Speisen und Getr\u00e4nke von au\u00dferhalb sind nicht gestattet. Vor Ort haben wir jedoch eine Auswahl an Speisen und Getr\u00e4nken im Angebot.            <\/div>\r\n        <\/div>\r\n    <\/div>\r\n<\/div>\r\n\t\t\t\t<\/div>\n\t\t\t\t<\/div>\n\t\t\t\t<div class=\"elementor-element elementor-element-cfe8e5c elementor-widget elementor-widget-st_faq\" data-id=\"cfe8e5c\" data-element_type=\"widget\" data-widget_type=\"st_faq.default\">\n\t\t\t\t<div class=\"elementor-widget-container\">\n\t\t\t\t\t<div class=\"accordion faq style1\" id=\"accordion_do-you-offer-shuttle-services-to-and-from-the-beach-club\">\r\n    <div class=\"accordion-item\">\r\n        <h2 class=\"accordion-header\" id=\"heading_do-you-offer-shuttle-services-to-and-from-the-beach-club\">\r\n            <button class=\"accordion-button   collapsed\"\r\n                type=\"button\"\r\n                data-bs-toggle=\"collapse\"\r\n                data-bs-target=\"#st-do-you-offer-shuttle-services-to-and-from-the-beach-club\"\r\n                aria-expanded=\"false\"\r\n                aria-controls=\"do-you-offer-shuttle-services-to-and-from-the-beach-club\"\r\n            >\r\n                Bieten Sie einen Shuttleservice zum und vom Strandclub an?            <\/button>\r\n        <\/h2>\r\n        <div id=\"st-do-you-offer-shuttle-services-to-and-from-the-beach-club\" class=\"accordion-collapse collapse\"\r\n            aria-labelledby=\"heading_do-you-offer-shuttle-services-to-and-from-the-beach-club\"\r\n            data-bs-parent=\"#accordion_do-you-offer-shuttle-services-to-and-from-the-beach-club\"\r\n        >\r\n            <div class=\"accordion-body\">\r\n                Ja, wir bieten Shuttle-Dienste von verschiedenen Standorten in Aqaba an. Weitere Informationen finden Sie unter diesem Link: https:\/\/shorturl.at\/94Uie oder kontaktieren Sie uns unter: +962791999182            <\/div>\r\n        <\/div>\r\n    <\/div>\r\n<\/div>\r\n\t\t\t\t<\/div>\n\t\t\t\t<\/div>\n\t\t\t\t<div class=\"elementor-element elementor-element-522e6867 elementor-widget elementor-widget-st_faq\" data-id=\"522e6867\" data-element_type=\"widget\" data-widget_type=\"st_faq.default\">\n\t\t\t\t<div class=\"elementor-widget-container\">\n\t\t\t\t\t<div class=\"accordion faq style1\" id=\"accordion_what-types-of-payment-do-you-accept\">\r\n    <div class=\"accordion-item\">\r\n        <h2 class=\"accordion-header\" id=\"heading_what-types-of-payment-do-you-accept\">\r\n            <button class=\"accordion-button   collapsed\"\r\n                type=\"button\"\r\n                data-bs-toggle=\"collapse\"\r\n                data-bs-target=\"#st-what-types-of-payment-do-you-accept\"\r\n                aria-expanded=\"false\"\r\n                aria-controls=\"what-types-of-payment-do-you-accept\"\r\n            >\r\n                Welche Zahlungsarten akzeptieren Sie?            <\/button>\r\n        <\/h2>\r\n        <div id=\"st-what-types-of-payment-do-you-accept\" class=\"accordion-collapse collapse\"\r\n            aria-labelledby=\"heading_what-types-of-payment-do-you-accept\"\r\n            data-bs-parent=\"#accordion_what-types-of-payment-do-you-accept\"\r\n        >\r\n            <div class=\"accordion-body\">\r\n                Wir akzeptieren verschiedene Zahlungsmethoden, darunter Bargeld und Kredit-\/Debitkarten.            <\/div>\r\n        <\/div>\r\n    <\/div>\r\n<\/div>\r\n\t\t\t\t<\/div>\n\t\t\t\t<\/div>\n\t\t\t\t<div class=\"elementor-element elementor-element-8af6709 elementor-widget elementor-widget-st_faq\" data-id=\"8af6709\" data-element_type=\"widget\" data-widget_type=\"st_faq.default\">\n\t\t\t\t<div class=\"elementor-widget-container\">\n\t\t\t\t\t<div class=\"accordion faq style1\" id=\"accordion_what-promotions-do-you-have-for-friday\">\r\n    <div class=\"accordion-item\">\r\n        <h2 class=\"accordion-header\" id=\"heading_what-promotions-do-you-have-for-friday\">\r\n            <button class=\"accordion-button   collapsed\"\r\n                type=\"button\"\r\n                data-bs-toggle=\"collapse\"\r\n                data-bs-target=\"#st-what-promotions-do-you-have-for-friday\"\r\n                aria-expanded=\"false\"\r\n                aria-controls=\"what-promotions-do-you-have-for-friday\"\r\n            >\r\n                Welche Aktionen gibt es bei euch am Freitag?            <\/button>\r\n        <\/h2>\r\n        <div id=\"st-what-promotions-do-you-have-for-friday\" class=\"accordion-collapse collapse\"\r\n            aria-labelledby=\"heading_what-promotions-do-you-have-for-friday\"\r\n            data-bs-parent=\"#accordion_what-promotions-do-you-have-for-friday\"\r\n        >\r\n            <div class=\"accordion-body\">\r\n                Ja, das haben wir! Bitte kontaktieren Sie uns unter +962791999182            <\/div>\r\n        <\/div>\r\n    <\/div>\r\n<\/div>\r\n\t\t\t\t<\/div>\n\t\t\t\t<\/div>\n\t\t\t\t<div class=\"elementor-element elementor-element-8bce7e9 elementor-widget elementor-widget-st_faq\" data-id=\"8bce7e9\" data-element_type=\"widget\" data-widget_type=\"st_faq.default\">\n\t\t\t\t<div class=\"elementor-widget-container\">\n\t\t\t\t\t<div class=\"accordion faq style1\" id=\"accordion_is-it-allowed-for-guys-to-come-alone\">\r\n    <div class=\"accordion-item\">\r\n        <h2 class=\"accordion-header\" id=\"heading_is-it-allowed-for-guys-to-come-alone\">\r\n            <button class=\"accordion-button   collapsed\"\r\n                type=\"button\"\r\n                data-bs-toggle=\"collapse\"\r\n                data-bs-target=\"#st-is-it-allowed-for-guys-to-come-alone\"\r\n                aria-expanded=\"false\"\r\n                aria-controls=\"is-it-allowed-for-guys-to-come-alone\"\r\n            >\r\n                D\u00fcrfen Jungs alleine kommen?            <\/button>\r\n        <\/h2>\r\n        <div id=\"st-is-it-allowed-for-guys-to-come-alone\" class=\"accordion-collapse collapse\"\r\n            aria-labelledby=\"heading_is-it-allowed-for-guys-to-come-alone\"\r\n            data-bs-parent=\"#accordion_is-it-allowed-for-guys-to-come-alone\"\r\n        >\r\n            <div class=\"accordion-body\">\r\n                Wir entschuldigen uns, aber unsere Politik begr\u00fc\u00dft nur Familien oder Gruppen von Frauen            <\/div>\r\n        <\/div>\r\n    <\/div>\r\n<\/div>\r\n\t\t\t\t<\/div>\n\t\t\t\t<\/div>\n\t\t\t\t\t<\/div>\n\t\t<\/div>\n\t\t\t\t\t<\/div>\n\t\t<\/section>\n\t\t\t\t<section class=\"elementor-section elementor-top-section elementor-element elementor-element-7989b718 elementor-section-boxed elementor-section-height-default elementor-section-height-default\" data-id=\"7989b718\" data-element_type=\"section\">\n\t\t\t\t\t\t<div class=\"elementor-container elementor-column-gap-default\">\n\t\t\t\t\t<div class=\"elementor-column elementor-col-100 elementor-top-column elementor-element elementor-element-17508503\" data-id=\"17508503\" data-element_type=\"column\">\n\t\t\t<div class=\"elementor-widget-wrap elementor-element-populated\">\n\t\t\t\t\t\t<section class=\"elementor-section elementor-inner-section elementor-element elementor-element-4b96573a elementor-section-boxed elementor-section-height-default elementor-section-height-default\" data-id=\"4b96573a\" data-element_type=\"section\">\n\t\t\t\t\t\t<div class=\"elementor-container elementor-column-gap-default\">\n\t\t\t\t\t<div class=\"elementor-column elementor-col-50 elementor-inner-column elementor-element elementor-element-5536b8a9\" data-id=\"5536b8a9\" data-element_type=\"column\">\n\t\t\t<div class=\"elementor-widget-wrap elementor-element-populated\">\n\t\t\t\t\t\t<div class=\"elementor-element elementor-element-50fbb6c elementor-widget elementor-widget-image\" data-id=\"50fbb6c\" data-element_type=\"widget\" data-widget_type=\"image.default\">\n\t\t\t\t<div class=\"elementor-widget-container\">\n\t\t\t\t\t\t\t\t\t\t\t\t\t\t\t<img fetchpriority=\"high\" decoding=\"async\" width=\"1600\" height=\"1200\" src=\"https:\/\/sindbadjo.com\/wp-content\/uploads\/2024\/09\/c007db92-56d8-4720-88cf-ccc8adb3617a-1.jpeg\" class=\"attachment-full size-full wp-image-15450\" alt=\"\" srcset=\"https:\/\/sindbadjo.com\/wp-content\/uploads\/2024\/09\/c007db92-56d8-4720-88cf-ccc8adb3617a-1.jpeg 1600w, https:\/\/sindbadjo.com\/wp-content\/uploads\/2024\/09\/c007db92-56d8-4720-88cf-ccc8adb3617a-1-768x576.jpeg 768w, https:\/\/sindbadjo.com\/wp-content\/uploads\/2024\/09\/c007db92-56d8-4720-88cf-ccc8adb3617a-1-600x450.jpeg 600w, https:\/\/sindbadjo.com\/wp-content\/uploads\/2024\/09\/c007db92-56d8-4720-88cf-ccc8adb3617a-1-360x270.jpeg 360w\" sizes=\"(max-width: 1600px) 100vw, 1600px\" \/>\t\t\t\t\t\t\t\t\t\t\t\t\t\t\t<\/div>\n\t\t\t\t<\/div>\n\t\t\t\t\t<\/div>\n\t\t<\/div>\n\t\t\t\t<div class=\"elementor-column elementor-col-50 elementor-inner-column elementor-element elementor-element-144eb720\" data-id=\"144eb720\" data-element_type=\"column\" data-settings=\"{&quot;background_background&quot;:&quot;classic&quot;}\">\n\t\t\t<div class=\"elementor-widget-wrap elementor-element-populated\">\n\t\t\t\t\t\t<div class=\"elementor-element elementor-element-56fb05a5 elementor-widget elementor-widget-heading\" data-id=\"56fb05a5\" data-element_type=\"widget\" data-widget_type=\"heading.default\">\n\t\t\t\t<div class=\"elementor-widget-container\">\n\t\t\t\t\t<h2 class=\"elementor-heading-title elementor-size-default\">Erhalten Sie Sonderangebote und mehr, wenn Sie fr\u00fchzeitig buchen<\/h2>\t\t\t\t<\/div>\n\t\t\t\t<\/div>\n\t\t\t\t<div class=\"elementor-element elementor-element-2e3ad502 elementor-widget elementor-widget-heading\" data-id=\"2e3ad502\" data-element_type=\"widget\" data-widget_type=\"heading.default\">\n\t\t\t\t<div class=\"elementor-widget-container\">\n\t\t\t\t\t<p class=\"elementor-heading-title elementor-size-default\">Abonnieren Sie, um unsere neuesten Angebote und Neuigkeiten zu erhalten!<\/p>\t\t\t\t<\/div>\n\t\t\t\t<\/div>\n\t\t\t\t<div class=\"elementor-element elementor-element-428f8000 elementor-widget elementor-widget-shortcode\" data-id=\"428f8000\" data-element_type=\"widget\" data-widget_type=\"shortcode.default\">\n\t\t\t\t<div class=\"elementor-widget-container\">\n\t\t\t\t\t\t\t<div class=\"elementor-shortcode\">[mc4wp_form id=&quot;92&quot;]<\/div>\n\t\t\t\t\t\t<\/div>\n\t\t\t\t<\/div>\n\t\t\t\t\t<\/div>\n\t\t<\/div>\n\t\t\t\t\t<\/div>\n\t\t<\/section>\n\t\t\t\t\t<\/div>\n\t\t<\/div>\n\t\t\t\t\t<\/div>\n\t\t<\/section>\n\t\t\t\t<\/div>","protected":false},"excerpt":{"rendered":"<p>Frequently asked questions What are the operating hours of the beach club? Sun &#8211; Wed from 9:00 AM to 09:00 PM Sat &#8211; Thu from 9 Am to 10 PM Friday from: 9:00 AM to 11:00 PM Is there an entrance fee? Yes, there is an entrance fee. For current pricing, please visit our website [&hellip;]<\/p>","protected":false},"author":1,"featured_media":15450,"parent":0,"menu_order":0,"comment_status":"closed","ping_status":"closed","template":"template-blank.php","meta":{"footnotes":""},"class_list":["post-843","page","type-page","status-publish","has-post-thumbnail","hentry"],"_links":{"self":[{"href":"https:\/\/sindbadjo.com\/de\/wp-json\/wp\/v2\/pages\/843","targetHints":{"allow":["GET"]}}],"collection":[{"href":"https:\/\/sindbadjo.com\/de\/wp-json\/wp\/v2\/pages"}],"about":[{"href":"https:\/\/sindbadjo.com\/de\/wp-json\/wp\/v2\/types\/page"}],"author":[{"embeddable":true,"href":"https:\/\/sindbadjo.com\/de\/wp-json\/wp\/v2\/users\/1"}],"replies":[{"embeddable":true,"href":"https:\/\/sindbadjo.com\/de\/wp-json\/wp\/v2\/comments?post=843"}],"version-history":[{"count":36,"href":"https:\/\/sindbadjo.com\/de\/wp-json\/wp\/v2\/pages\/843\/revisions"}],"predecessor-version":[{"id":16301,"href":"https:\/\/sindbadjo.com\/de\/wp-json\/wp\/v2\/pages\/843\/revisions\/16301"}],"wp:featuredmedia":[{"embeddable":true,"href":"https:\/\/sindbadjo.com\/de\/wp-json\/wp\/v2\/media\/15450"}],"wp:attachment":[{"href":"https:\/\/sindbadjo.com\/de\/wp-json\/wp\/v2\/media?parent=843"}],"curies":[{"name":"wp","href":"https:\/\/api.w.org\/{rel}","templated":true}]}}