{"id":807,"date":"2022-04-16T23:51:28","date_gmt":"2022-04-16T23:51:28","guid":{"rendered":"https:\/\/modmixmap.wpengine.com\/?page_id=807"},"modified":"2024-08-27T19:49:55","modified_gmt":"2024-08-27T16:49:55","slug":"about","status":"publish","type":"page","link":"https:\/\/sindbadjo.com\/de\/um\/","title":{"rendered":"Um"},"content":{"rendered":"<div data-elementor-type=\"wp-page\" data-elementor-id=\"807\" class=\"elementor elementor-807\" data-elementor-post-type=\"page\">\n\t\t\t\t\t\t<section class=\"elementor-section elementor-top-section elementor-element elementor-element-6eb11fd1 elementor-section-boxed elementor-section-height-default elementor-section-height-default\" data-id=\"6eb11fd1\" data-element_type=\"section\">\n\t\t\t\t\t\t<div class=\"elementor-container elementor-column-gap-default\">\n\t\t\t\t\t<div class=\"elementor-column elementor-col-100 elementor-top-column elementor-element elementor-element-4732643c\" data-id=\"4732643c\" data-element_type=\"column\">\n\t\t\t<div class=\"elementor-widget-wrap elementor-element-populated\">\n\t\t\t\t\t\t<section class=\"elementor-section elementor-inner-section elementor-element elementor-element-2947a700 elementor-section-boxed elementor-section-height-default elementor-section-height-default\" data-id=\"2947a700\" data-element_type=\"section\" data-settings=\"{&quot;background_background&quot;:&quot;classic&quot;}\">\n\t\t\t\t\t\t<div class=\"elementor-container elementor-column-gap-default\">\n\t\t\t\t\t<div class=\"elementor-column elementor-col-100 elementor-inner-column elementor-element elementor-element-42bead8c\" data-id=\"42bead8c\" data-element_type=\"column\">\n\t\t\t<div class=\"elementor-widget-wrap elementor-element-populated\">\n\t\t\t\t\t\t<div class=\"elementor-element elementor-element-393256ee elementor-widget__width-auto elementor-widget elementor-widget-st_button_video_popup\" data-id=\"393256ee\" data-element_type=\"widget\" data-settings=\"{&quot;youtube_url&quot;:&quot;https:\\\/\\\/www.youtube.com\\\/watch?v=XuNRH82GHLY&quot;,&quot;start&quot;:0,&quot;video_type&quot;:&quot;youtube&quot;,&quot;yt_privacy&quot;:1,&quot;mute&quot;:1,&quot;loop&quot;:0}\" data-widget_type=\"st_button_video_popup.default\">\n\t\t\t\t<div class=\"elementor-widget-container\">\n\t\t\t\t\t<div class=\"st-button-popup-video style2\">\r\n    <button class=\"elementor-custom-embed-image-overlay\" data-elementor-open-lightbox=\"yes\" data-elementor-lightbox=\"{&quot;type&quot;:&quot;video&quot;,&quot;videoType&quot;:&quot;youtube&quot;,&quot;url&quot;:&quot;https:\\\/\\\/www.youtube-nocookie.com\\\/embed\\\/XuNRH82GHLY?feature=oembed&amp;start=0&amp;end&amp;wmode=opaque&amp;loop=0&amp;mute=1&quot;,&quot;modalOptions&quot;:{&quot;id&quot;:&quot;elementor-lightbox-393256ee&quot;,&quot;videoAspectRatio&quot;:&quot;169&quot;}}\"><span class=\"stt-icon-play\"><\/span><\/button>\r\n<\/div>\t\t\t\t<\/div>\n\t\t\t\t<\/div>\n\t\t\t\t\t<\/div>\n\t\t<\/div>\n\t\t\t\t\t<\/div>\n\t\t<\/section>\n\t\t\t\t\t<\/div>\n\t\t<\/div>\n\t\t\t\t\t<\/div>\n\t\t<\/section>\n\t\t\t\t<section class=\"elementor-section elementor-top-section elementor-element elementor-element-1e2f5304 elementor-section-boxed elementor-section-height-default elementor-section-height-default\" data-id=\"1e2f5304\" data-element_type=\"section\">\n\t\t\t\t\t\t<div class=\"elementor-container elementor-column-gap-default\">\n\t\t\t\t\t<div class=\"elementor-column elementor-col-100 elementor-top-column elementor-element elementor-element-6aae9b20\" data-id=\"6aae9b20\" data-element_type=\"column\">\n\t\t\t<div class=\"elementor-widget-wrap elementor-element-populated\">\n\t\t\t\t\t\t<div class=\"elementor-element elementor-element-4bbaade elementor-widget elementor-widget-heading\" data-id=\"4bbaade\" data-element_type=\"widget\" data-widget_type=\"heading.default\">\n\t\t\t\t<div class=\"elementor-widget-container\">\n\t\t\t\t\t<h2 class=\"elementor-heading-title elementor-size-default\">Die erste Wahl<\/h2>\t\t\t\t<\/div>\n\t\t\t\t<\/div>\n\t\t\t\t<div class=\"elementor-element elementor-element-ffd2d07 elementor-widget-divider--separator-type-pattern elementor-widget-divider--view-line elementor-widget elementor-widget-divider\" data-id=\"ffd2d07\" data-element_type=\"widget\" data-widget_type=\"divider.default\">\n\t\t\t\t<div class=\"elementor-widget-container\">\n\t\t\t\t\t\t\t<div class=\"elementor-divider\" style=\"--divider-pattern-url: url(&quot;data:image\/svg+xml,%3Csvg xmlns=&#039;http:\/\/www.w3.org\/2000\/svg&#039; preserveAspectRatio=&#039;none&#039; overflow=&#039;visible&#039; height=&#039;100%&#039; viewBox=&#039;0 0 24 24&#039; fill=&#039;none&#039; stroke=&#039;black&#039; stroke-width=&#039;2.1&#039; stroke-linecap=&#039;square&#039; stroke-miterlimit=&#039;10&#039;%3E%3Cpath d=&#039;M0,6c6,0,6,13,12,13S18,6,24,6&#039;\/%3E%3C\/svg%3E&quot;);\">\n\t\t\t<span class=\"elementor-divider-separator\">\n\t\t\t\t\t\t<\/span>\n\t\t<\/div>\n\t\t\t\t\t\t<\/div>\n\t\t\t\t<\/div>\n\t\t\t\t<div class=\"elementor-element elementor-element-2eecd387 elementor-widget elementor-widget-heading\" data-id=\"2eecd387\" data-element_type=\"widget\" data-widget_type=\"heading.default\">\n\t\t\t\t<div class=\"elementor-widget-container\">\n\t\t\t\t\t<h2 class=\"elementor-heading-title elementor-size-default\">Erleben Sie die Legende der sieben Meere, wie sie Sindbad selbst erlebt hat. Mit \u00fcber 20 Jahren Dienst am Golf von Akaba ist Sindbad Marine Transportation die erste Wahl f\u00fcr Wassersport und Yachtaktivit\u00e4ten in Jordanien. Wir sind strategisch g\u00fcnstig in ganz Akaba verteilt und bieten die umfassendsten Seefahrtsdienste in der Region.<\/h2>\t\t\t\t<\/div>\n\t\t\t\t<\/div>\n\t\t\t\t\t<\/div>\n\t\t<\/div>\n\t\t\t\t\t<\/div>\n\t\t<\/section>\n\t\t\t\t<section class=\"elementor-section elementor-top-section elementor-element elementor-element-6a5a94e3 elementor-section-boxed elementor-section-height-default elementor-section-height-default\" data-id=\"6a5a94e3\" data-element_type=\"section\">\n\t\t\t\t\t\t<div class=\"elementor-container elementor-column-gap-default\">\n\t\t\t\t\t<div class=\"elementor-column elementor-col-50 elementor-top-column elementor-element elementor-element-52410987\" data-id=\"52410987\" data-element_type=\"column\">\n\t\t\t<div class=\"elementor-widget-wrap elementor-element-populated\">\n\t\t\t\t\t\t<div class=\"elementor-element elementor-element-363cb770 elementor-widget elementor-widget-heading\" data-id=\"363cb770\" data-element_type=\"widget\" data-widget_type=\"heading.default\">\n\t\t\t\t<div class=\"elementor-widget-container\">\n\t\t\t\t\t<h2 class=\"elementor-heading-title elementor-size-default\">Wir bieten touristische Charterdienste zwischen Jordanien und \u00c4gypten an und verf\u00fcgen \u00fcber eine beeindruckende Flotte von Hochgeschwindigkeitskatamaranen. In Zusammenarbeit mit jordanischen und \u00e4gyptischen Reiseb\u00fcros mit mehreren verf\u00fcgbaren internationalen Paketen k\u00f6nnen Sie alle Ihre Reservierungen \u00fcber Sindbad Marine Transportation sichern. Wir halten uns an die strengsten internationalen Standards f\u00fcr grenz\u00fcberschreitende Reisen und stellen sicher, dass unsere Crew professionell und bestens ausgebildet ist, um sicherzustellen, dass alle Anforderungen vor internationalen Reisen erf\u00fcllt sind.\n<\/h2>\t\t\t\t<\/div>\n\t\t\t\t<\/div>\n\t\t\t\t\t<\/div>\n\t\t<\/div>\n\t\t\t\t<div class=\"elementor-column elementor-col-50 elementor-top-column elementor-element elementor-element-3acbe6d7\" data-id=\"3acbe6d7\" data-element_type=\"column\">\n\t\t\t<div class=\"elementor-widget-wrap elementor-element-populated\">\n\t\t\t\t\t\t<div class=\"elementor-element elementor-element-8ba4a4c elementor-widget elementor-widget-heading\" data-id=\"8ba4a4c\" data-element_type=\"widget\" data-widget_type=\"heading.default\">\n\t\t\t\t<div class=\"elementor-widget-container\">\n\t\t\t\t\t<h2 class=\"elementor-heading-title elementor-size-default\">Sindbad Dive Center ist eine Tochtergesellschaft von Sindbad Marine Transportation, operiert autonom und h\u00e4lt sich an die h\u00f6chsten Standards in der Tauchwelt. Sindbad Dive Center ist ein 5-Sterne-PADI-Taucher- und Tauchlehrer-Ausbildungsresort.<\/h2>\t\t\t\t<\/div>\n\t\t\t\t<\/div>\n\t\t\t\t\t<\/div>\n\t\t<\/div>\n\t\t\t\t\t<\/div>\n\t\t<\/section>\n\t\t<div class=\"elementor-element elementor-element-74c75de e-con-full e-flex e-con e-parent\" data-id=\"74c75de\" data-element_type=\"container\" data-settings=\"{&quot;background_background&quot;:&quot;classic&quot;,&quot;background_motion_fx_motion_fx_scrolling&quot;:&quot;yes&quot;,&quot;background_motion_fx_translateY_effect&quot;:&quot;yes&quot;,&quot;background_motion_fx_translateY_speed&quot;:{&quot;unit&quot;:&quot;px&quot;,&quot;size&quot;:10,&quot;sizes&quot;:[]},&quot;background_motion_fx_translateY_affectedRange&quot;:{&quot;unit&quot;:&quot;%&quot;,&quot;size&quot;:&quot;&quot;,&quot;sizes&quot;:{&quot;start&quot;:31,&quot;end&quot;:69}},&quot;background_motion_fx_range&quot;:&quot;page&quot;,&quot;motion_fx_motion_fx_scrolling&quot;:&quot;yes&quot;,&quot;motion_fx_translateY_effect&quot;:&quot;yes&quot;,&quot;motion_fx_translateY_speed&quot;:{&quot;unit&quot;:&quot;px&quot;,&quot;size&quot;:2.5,&quot;sizes&quot;:[]},&quot;motion_fx_translateY_affectedRange&quot;:{&quot;unit&quot;:&quot;%&quot;,&quot;size&quot;:&quot;&quot;,&quot;sizes&quot;:{&quot;start&quot;:0,&quot;end&quot;:96}},&quot;motion_fx_range&quot;:&quot;viewport&quot;,&quot;animation&quot;:&quot;none&quot;,&quot;background_motion_fx_devices&quot;:[&quot;widescreen&quot;,&quot;desktop&quot;,&quot;laptop&quot;,&quot;tablet_extra&quot;,&quot;tablet&quot;,&quot;mobile&quot;],&quot;motion_fx_devices&quot;:[&quot;widescreen&quot;,&quot;desktop&quot;,&quot;laptop&quot;,&quot;tablet_extra&quot;,&quot;tablet&quot;,&quot;mobile&quot;]}\">\n\t\t\t\t<div class=\"elementor-element elementor-element-c08528a elementor-widget elementor-widget-heading\" data-id=\"c08528a\" data-element_type=\"widget\" data-widget_type=\"heading.default\">\n\t\t\t\t<div class=\"elementor-widget-container\">\n\t\t\t\t\t<h2 class=\"elementor-heading-title elementor-size-default\">Sindbad ist Jordaniens Preistr\u00e4ger des Unternehmerpreises 2014, der in Monte Carlo, Monaco verliehen wird.\n<\/h2>\t\t\t\t<\/div>\n\t\t\t\t<\/div>\n\t\t\t\t<div class=\"elementor-element elementor-element-a320d55 elementor-widget-divider--separator-type-pattern elementor-widget-divider--view-line elementor-widget elementor-widget-divider\" data-id=\"a320d55\" data-element_type=\"widget\" data-widget_type=\"divider.default\">\n\t\t\t\t<div class=\"elementor-widget-container\">\n\t\t\t\t\t\t\t<div class=\"elementor-divider\" style=\"--divider-pattern-url: url(&quot;data:image\/svg+xml,%3Csvg xmlns=&#039;http:\/\/www.w3.org\/2000\/svg&#039; preserveAspectRatio=&#039;none&#039; overflow=&#039;visible&#039; height=&#039;100%&#039; viewBox=&#039;0 0 24 24&#039; fill=&#039;none&#039; stroke=&#039;black&#039; stroke-width=&#039;2.5&#039; stroke-linecap=&#039;square&#039; stroke-miterlimit=&#039;10&#039;%3E%3Cpath d=&#039;M0,6c6,0,6,13,12,13S18,6,24,6&#039;\/%3E%3C\/svg%3E&quot;);\">\n\t\t\t<span class=\"elementor-divider-separator\">\n\t\t\t\t\t\t<\/span>\n\t\t<\/div>\n\t\t\t\t\t\t<\/div>\n\t\t\t\t<\/div>\n\t\t\t\t<\/div>\n\t\t<div class=\"elementor-element elementor-element-9dfd68a e-flex e-con-boxed e-con e-parent\" data-id=\"9dfd68a\" data-element_type=\"container\">\n\t\t\t\t\t<div class=\"e-con-inner\">\n\t\t<div class=\"elementor-element elementor-element-3d315f0 e-con-full e-flex e-con e-child\" data-id=\"3d315f0\" data-element_type=\"container\">\n\t\t\t\t<div class=\"elementor-element elementor-element-83d2079 elementor-view-default elementor-position-top elementor-mobile-position-top elementor-vertical-align-top elementor-widget elementor-widget-icon-box\" data-id=\"83d2079\" data-element_type=\"widget\" data-widget_type=\"icon-box.default\">\n\t\t\t\t<div class=\"elementor-widget-container\">\n\t\t\t\t\t            <div class=\"elementor-icon-box-wrapper\">\r\n                                                        <div class=\"elementor-icon-box-icon\">\r\n                        <span class=\"elementor-icon elementor-animation-\" >\r\n                        <svg aria-hidden=\"true\" class=\"e-font-icon-svg e-far-eye\" viewbox=\"0 0 576 512\" xmlns=\"http:\/\/www.w3.org\/2000\/svg\"><path d=\"M288 144a110.94 110.94 0 0 0-31.24 5 55.4 55.4 0 0 1 7.24 27 56 56 0 0 1-56 56 55.4 55.4 0 0 1-27-7.24A111.71 111.71 0 1 0 288 144zm284.52 97.4C518.29 135.59 410.93 64 288 64S57.68 135.64 3.48 241.41a32.35 32.35 0 0 0 0 29.19C57.71 376.41 165.07 448 288 448s230.32-71.64 284.52-177.41a32.35 32.35 0 0 0 0-29.19zM288 400c-98.65 0-189.09-55-237.93-144C98.91 167 189.34 112 288 112s189.09 55 237.93 144C477.1 345 386.66 400 288 400z\"><\/path><\/svg>                        <\/span>\r\n                    <\/div>\r\n                                                    <div class=\"elementor-icon-box-content\">\r\n\t\t\t\t\t                    <h3 class=\"elementor-icon-box-title\">\r\n                        <span   style=\"display:block;\">\r\n\r\n                         Unsere Vision                        <\/span>\r\n                    <\/h3>\r\n\r\n                                            <p class=\"elementor-icon-box-description\">\r\n                            Umfassende Dienstleistungen f\u00fcr maritime Aktivit\u00e4ten in Jordanien anzubieten                        <\/p>\r\n                                    <\/div>\r\n            <\/div>\r\n            \t\t\t\t<\/div>\n\t\t\t\t<\/div>\n\t\t\t\t<div class=\"elementor-element elementor-element-dcca364 elementor-widget elementor-widget-spacer\" data-id=\"dcca364\" data-element_type=\"widget\" data-widget_type=\"spacer.default\">\n\t\t\t\t<div class=\"elementor-widget-container\">\n\t\t\t\t\t\t\t<div class=\"elementor-spacer\">\n\t\t\t<div class=\"elementor-spacer-inner\"><\/div>\n\t\t<\/div>\n\t\t\t\t\t\t<\/div>\n\t\t\t\t<\/div>\n\t\t\t\t<div class=\"elementor-element elementor-element-9faa239 elementor-widget-divider--separator-type-pattern elementor-widget-divider--view-line elementor-widget elementor-widget-divider\" data-id=\"9faa239\" data-element_type=\"widget\" data-widget_type=\"divider.default\">\n\t\t\t\t<div class=\"elementor-widget-container\">\n\t\t\t\t\t\t\t<div class=\"elementor-divider\" style=\"--divider-pattern-url: url(&quot;data:image\/svg+xml,%3Csvg xmlns=&#039;http:\/\/www.w3.org\/2000\/svg&#039; preserveAspectRatio=&#039;none&#039; overflow=&#039;visible&#039; height=&#039;100%&#039; viewBox=&#039;0 0 24 24&#039; fill=&#039;none&#039; stroke=&#039;black&#039; stroke-width=&#039;2.1&#039; stroke-linecap=&#039;square&#039; stroke-miterlimit=&#039;10&#039;%3E%3Cpath d=&#039;M0,6c6,0,6,13,12,13S18,6,24,6&#039;\/%3E%3C\/svg%3E&quot;);\">\n\t\t\t<span class=\"elementor-divider-separator\">\n\t\t\t\t\t\t<\/span>\n\t\t<\/div>\n\t\t\t\t\t\t<\/div>\n\t\t\t\t<\/div>\n\t\t\t\t<\/div>\n\t\t<div class=\"elementor-element elementor-element-b3d3122 e-con-full e-flex e-con e-child\" data-id=\"b3d3122\" data-element_type=\"container\">\n\t\t\t\t<div class=\"elementor-element elementor-element-10cc8ba elementor-view-default elementor-position-top elementor-mobile-position-top elementor-vertical-align-top elementor-widget elementor-widget-icon-box\" data-id=\"10cc8ba\" data-element_type=\"widget\" data-widget_type=\"icon-box.default\">\n\t\t\t\t<div class=\"elementor-widget-container\">\n\t\t\t\t\t            <div class=\"elementor-icon-box-wrapper\">\r\n                                                        <div class=\"elementor-icon-box-icon\">\r\n                        <span class=\"elementor-icon elementor-animation-\" >\r\n                        <svg xmlns=\"http:\/\/www.w3.org\/2000\/svg\" xmlns:xlink=\"http:\/\/www.w3.org\/1999\/xlink\" width=\"1080\" viewbox=\"0 0 810 809.999993\" height=\"1080\" preserveaspectratio=\"xMidYMid meet\"><rect x=\"-81\" width=\"972\" fill=\"#ffffff\" y=\"-80.999999\" height=\"971.999992\" fill-opacity=\"1\"><\/rect><rect x=\"-81\" width=\"972\" fill=\"#ffffff\" y=\"-80.999999\" height=\"971.999992\" fill-opacity=\"1\"><\/rect><path fill=\"#68655b\" d=\"M 749.226562 112.113281 L 697.8125 112.113281 C 697.792969 107.953125 696.203125 103.796875 693.027344 100.621094 C 689.953125 97.554688 685.964844 95.996094 681.941406 95.878906 L 681.941406 44.835938 C 681.941406 41.539062 679.960938 38.558594 676.910156 37.289062 C 673.894531 36.027344 670.355469 36.699219 668.015625 39.019531 L 612.53125 93.929688 C 610.976562 95.472656 610.097656 97.574219 610.105469 99.765625 L 610.238281 160.296875 L 584.910156 185.628906 C 528.292969 134.757812 453.5 103.742188 371.574219 103.742188 C 195.371094 103.742188 52.015625 247.09375 52.015625 423.304688 C 52.015625 599.515625 195.371094 742.863281 371.574219 742.863281 C 547.777344 742.863281 691.132812 599.511719 691.132812 423.304688 C 691.132812 340.765625 659.675781 265.4375 608.125 208.671875 L 633.4375 183.351562 L 693.921875 183.226562 C 696.070312 183.222656 698.128906 182.371094 699.65625 180.863281 L 754.976562 126.109375 C 757.332031 123.773438 758.050781 120.25 756.789062 117.183594 C 755.53125 114.113281 752.542969 112.113281 749.226562 112.113281 Z M 633.886719 423.304688 C 633.886719 567.945312 516.214844 685.621094 371.574219 685.621094 C 226.929688 685.621094 109.261719 567.945312 109.261719 423.304688 C 109.261719 278.664062 226.933594 160.988281 371.574219 160.988281 C 437.71875 160.988281 498.171875 185.648438 544.363281 226.1875 L 495.125 275.433594 C 461.640625 247.410156 418.550781 230.5 371.574219 230.5 C 265.265625 230.5 178.773438 316.992188 178.773438 423.300781 C 178.773438 529.609375 265.265625 616.097656 371.574219 616.097656 C 477.882812 616.097656 564.375 529.609375 564.375 423.300781 C 564.375 375.71875 547.011719 332.140625 518.339844 298.476562 L 567.578125 249.226562 C 608.789062 295.578125 633.886719 356.550781 633.886719 423.304688 Z M 371.574219 497.515625 C 412.496094 497.515625 445.792969 464.226562 445.792969 423.304688 C 445.792969 408.453125 441.359375 394.636719 433.816406 383.019531 L 483.492188 333.335938 C 503.347656 357.988281 515.304688 389.261719 515.304688 423.304688 C 515.304688 502.558594 450.832031 567.03125 371.574219 567.03125 C 292.316406 567.03125 227.84375 502.558594 227.84375 423.304688 C 227.84375 344.050781 292.316406 279.574219 371.574219 279.574219 C 405.015625 279.574219 435.75 291.148438 460.195312 310.375 L 410.40625 360.175781 C 399.09375 353.191406 385.820312 349.085938 371.578125 349.085938 C 330.652344 349.085938 297.359375 382.382812 297.359375 423.304688 C 297.359375 464.226562 330.652344 497.515625 371.574219 497.515625 Z M 371.574219 497.515625 \" fill-opacity=\"1\" fill-rule=\"nonzero\"><\/path><\/svg>                        <\/span>\r\n                    <\/div>\r\n                                                    <div class=\"elementor-icon-box-content\">\r\n\t\t\t\t\t                    <h3 class=\"elementor-icon-box-title\">\r\n                        <span   style=\"display:block;\">\r\n\r\n                         Unsere Mission                        <\/span>\r\n                    <\/h3>\r\n\r\n                                            <p class=\"elementor-icon-box-description\">\r\n                            Wir wollen die erste Wahl f\u00fcr Wassersportaktivit\u00e4ten an allen Standorten sein, mit h\u00f6chsten Sicherheitsstandards und geschulten Crews, die internationale Standards einhalten und \u00fcber aktuelle Ausr\u00fcstung verf\u00fcgen.                        <\/p>\r\n                                    <\/div>\r\n            <\/div>\r\n            \t\t\t\t<\/div>\n\t\t\t\t<\/div>\n\t\t\t\t<div class=\"elementor-element elementor-element-8daf348 elementor-widget-divider--separator-type-pattern elementor-widget-divider--view-line elementor-widget elementor-widget-divider\" data-id=\"8daf348\" data-element_type=\"widget\" data-widget_type=\"divider.default\">\n\t\t\t\t<div class=\"elementor-widget-container\">\n\t\t\t\t\t\t\t<div class=\"elementor-divider\" style=\"--divider-pattern-url: url(&quot;data:image\/svg+xml,%3Csvg xmlns=&#039;http:\/\/www.w3.org\/2000\/svg&#039; preserveAspectRatio=&#039;none&#039; overflow=&#039;visible&#039; height=&#039;100%&#039; viewBox=&#039;0 0 24 24&#039; fill=&#039;none&#039; stroke=&#039;black&#039; stroke-width=&#039;2.1&#039; stroke-linecap=&#039;square&#039; stroke-miterlimit=&#039;10&#039;%3E%3Cpath d=&#039;M0,6c6,0,6,13,12,13S18,6,24,6&#039;\/%3E%3C\/svg%3E&quot;);\">\n\t\t\t<span class=\"elementor-divider-separator\">\n\t\t\t\t\t\t<\/span>\n\t\t<\/div>\n\t\t\t\t\t\t<\/div>\n\t\t\t\t<\/div>\n\t\t\t\t<\/div>\n\t\t\t\t\t<\/div>\n\t\t\t\t<\/div>\n\t\t\t\t<\/div>","protected":false},"excerpt":{"rendered":"<p>The Premier Choice Take part in the legend of the seven seas as experienced by Sindbad himself. With over 20 years of service in the Gulf of Aqaba, Sindbad Marine Transportation is the premier choice for water sports and yachting activities in Jordan. Strategically positioned throughout Aqaba, we offer the most comprehensive marine services in [&hellip;]<\/p>","protected":false},"author":1,"featured_media":489,"parent":0,"menu_order":0,"comment_status":"closed","ping_status":"closed","template":"template-blank.php","meta":{"footnotes":""},"class_list":["post-807","page","type-page","status-publish","has-post-thumbnail","hentry"],"_links":{"self":[{"href":"https:\/\/sindbadjo.com\/de\/wp-json\/wp\/v2\/pages\/807","targetHints":{"allow":["GET"]}}],"collection":[{"href":"https:\/\/sindbadjo.com\/de\/wp-json\/wp\/v2\/pages"}],"about":[{"href":"https:\/\/sindbadjo.com\/de\/wp-json\/wp\/v2\/types\/page"}],"author":[{"embeddable":true,"href":"https:\/\/sindbadjo.com\/de\/wp-json\/wp\/v2\/users\/1"}],"replies":[{"embeddable":true,"href":"https:\/\/sindbadjo.com\/de\/wp-json\/wp\/v2\/comments?post=807"}],"version-history":[{"count":33,"href":"https:\/\/sindbadjo.com\/de\/wp-json\/wp\/v2\/pages\/807\/revisions"}],"predecessor-version":[{"id":15372,"href":"https:\/\/sindbadjo.com\/de\/wp-json\/wp\/v2\/pages\/807\/revisions\/15372"}],"wp:featuredmedia":[{"embeddable":true,"href":"https:\/\/sindbadjo.com\/de\/wp-json\/"}],"wp:attachment":[{"href":"https:\/\/sindbadjo.com\/de\/wp-json\/wp\/v2\/media?parent=807"}],"curies":[{"name":"wp","href":"https:\/\/api.w.org\/{rel}","templated":true}]}}