{"id":16265,"date":"2024-12-22T18:53:05","date_gmt":"2024-12-22T15:53:05","guid":{"rendered":"https:\/\/sindbadjo.com\/?page_id=16265"},"modified":"2024-12-26T15:54:19","modified_gmt":"2024-12-26T12:54:19","slug":"faq-water-sports-and-cruises","status":"publish","type":"page","link":"https:\/\/sindbadjo.com\/de\/faq-wassersport-und-kreuzfahrten\/","title":{"rendered":"FAQ \u2013 Wassersport und Kreuzfahrten"},"content":{"rendered":"<div data-elementor-type=\"wp-page\" data-elementor-id=\"16265\" class=\"elementor elementor-16265\" data-elementor-post-type=\"page\">\n\t\t\t\t<div class=\"elementor-element elementor-element-377373e e-flex e-con-boxed e-con e-parent\" data-id=\"377373e\" data-element_type=\"container\">\n\t\t\t\t\t<div class=\"e-con-inner\">\n\t\t<div class=\"elementor-element elementor-element-8820d98 e-con-full e-flex e-con e-child\" data-id=\"8820d98\" data-element_type=\"container\">\n\t\t\t\t<div class=\"elementor-element elementor-element-65746fd elementor-widget elementor-widget-st_faq\" data-id=\"65746fd\" data-element_type=\"widget\" data-widget_type=\"st_faq.default\">\n\t\t\t\t<div class=\"elementor-widget-container\">\n\t\t\t\t\t<div class=\"accordion faq style1\" id=\"accordion_what-types-of-water-sports-do-you-offer\">\r\n    <div class=\"accordion-item\">\r\n        <h2 class=\"accordion-header\" id=\"heading_what-types-of-water-sports-do-you-offer\">\r\n            <button class=\"accordion-button   collapsed\"\r\n                type=\"button\"\r\n                data-bs-toggle=\"collapse\"\r\n                data-bs-target=\"#st-what-types-of-water-sports-do-you-offer\"\r\n                aria-expanded=\"false\"\r\n                aria-controls=\"what-types-of-water-sports-do-you-offer\"\r\n            >\r\n                Welche Wassersportarten bieten Sie an?            <\/button>\r\n        <\/h2>\r\n        <div id=\"st-what-types-of-water-sports-do-you-offer\" class=\"accordion-collapse collapse\"\r\n            aria-labelledby=\"heading_what-types-of-water-sports-do-you-offer\"\r\n            data-bs-parent=\"#accordion_what-types-of-water-sports-do-you-offer\"\r\n        >\r\n            <div class=\"accordion-body\">\r\n                Wir bieten Aktivit\u00e4ten wie Jetski, Parasailing, Kajakfahren, Paddleboarding, Schnorcheln, Sporttauchen und Bananenbootfahrten an.\n            <\/div>\r\n        <\/div>\r\n    <\/div>\r\n<\/div>\r\n\t\t\t\t<\/div>\n\t\t\t\t<\/div>\n\t\t\t\t<div class=\"elementor-element elementor-element-8815d3a elementor-widget elementor-widget-st_faq\" data-id=\"8815d3a\" data-element_type=\"widget\" data-widget_type=\"st_faq.default\">\n\t\t\t\t<div class=\"elementor-widget-container\">\n\t\t\t\t\t<div class=\"accordion faq style1\" id=\"accordion_are-the-water-sports-suitable-for-beginners\">\r\n    <div class=\"accordion-item\">\r\n        <h2 class=\"accordion-header\" id=\"heading_are-the-water-sports-suitable-for-beginners\">\r\n            <button class=\"accordion-button   collapsed\"\r\n                type=\"button\"\r\n                data-bs-toggle=\"collapse\"\r\n                data-bs-target=\"#st-are-the-water-sports-suitable-for-beginners\"\r\n                aria-expanded=\"false\"\r\n                aria-controls=\"are-the-water-sports-suitable-for-beginners\"\r\n            >\r\n                Sind die Wassersportarten f\u00fcr Anf\u00e4nger geeignet?            <\/button>\r\n        <\/h2>\r\n        <div id=\"st-are-the-water-sports-suitable-for-beginners\" class=\"accordion-collapse collapse\"\r\n            aria-labelledby=\"heading_are-the-water-sports-suitable-for-beginners\"\r\n            data-bs-parent=\"#accordion_are-the-water-sports-suitable-for-beginners\"\r\n        >\r\n            <div class=\"accordion-body\">\r\n                Ja, viele unserer Wassersportarten sind f\u00fcr Anf\u00e4nger geeignet und wir bieten detaillierte Anweisungen und Sicherheitseinweisungen, um ein angenehmes und unterhaltsames Erlebnis zu gew\u00e4hrleisten. F\u00fcr Aktivit\u00e4ten wie Sporttauchen ist eine Grundausbildung erforderlich, die wir professionell durchf\u00fchren, um Sicherheit und Vertrauen zu gew\u00e4hrleisten.            <\/div>\r\n        <\/div>\r\n    <\/div>\r\n<\/div>\r\n\t\t\t\t<\/div>\n\t\t\t\t<\/div>\n\t\t\t\t<div class=\"elementor-element elementor-element-d3aa287 elementor-widget elementor-widget-st_faq\" data-id=\"d3aa287\" data-element_type=\"widget\" data-widget_type=\"st_faq.default\">\n\t\t\t\t<div class=\"elementor-widget-container\">\n\t\t\t\t\t<div class=\"accordion faq style1\" id=\"accordion_do-i-need-to-know-how-to-swim-to-participate\">\r\n    <div class=\"accordion-item\">\r\n        <h2 class=\"accordion-header\" id=\"heading_do-i-need-to-know-how-to-swim-to-participate\">\r\n            <button class=\"accordion-button   collapsed\"\r\n                type=\"button\"\r\n                data-bs-toggle=\"collapse\"\r\n                data-bs-target=\"#st-do-i-need-to-know-how-to-swim-to-participate\"\r\n                aria-expanded=\"false\"\r\n                aria-controls=\"do-i-need-to-know-how-to-swim-to-participate\"\r\n            >\r\n                Muss ich schwimmen k\u00f6nnen, um teilzunehmen?            <\/button>\r\n        <\/h2>\r\n        <div id=\"st-do-i-need-to-know-how-to-swim-to-participate\" class=\"accordion-collapse collapse\"\r\n            aria-labelledby=\"heading_do-i-need-to-know-how-to-swim-to-participate\"\r\n            data-bs-parent=\"#accordion_do-i-need-to-know-how-to-swim-to-participate\"\r\n        >\r\n            <div class=\"accordion-body\">\r\n                Obwohl Schwimmkenntnisse hilfreich sind, ist f\u00fcr viele Aktivit\u00e4ten (z. B. Jetski oder Parasailing) kein Schwimmen erforderlich. F\u00fcr alle Wassersportarten werden Schwimmwesten zur Verf\u00fcgung gestellt, um Ihre Sicherheit zu gew\u00e4hrleisten.            <\/div>\r\n        <\/div>\r\n    <\/div>\r\n<\/div>\r\n\t\t\t\t<\/div>\n\t\t\t\t<\/div>\n\t\t\t\t<div class=\"elementor-element elementor-element-5f0711c elementor-widget elementor-widget-st_faq\" data-id=\"5f0711c\" data-element_type=\"widget\" data-widget_type=\"st_faq.default\">\n\t\t\t\t<div class=\"elementor-widget-container\">\n\t\t\t\t\t<div class=\"accordion faq style1\" id=\"accordion_are-there-any-age-or-health-restrictions\">\r\n    <div class=\"accordion-item\">\r\n        <h2 class=\"accordion-header\" id=\"heading_are-there-any-age-or-health-restrictions\">\r\n            <button class=\"accordion-button   collapsed\"\r\n                type=\"button\"\r\n                data-bs-toggle=\"collapse\"\r\n                data-bs-target=\"#st-are-there-any-age-or-health-restrictions\"\r\n                aria-expanded=\"false\"\r\n                aria-controls=\"are-there-any-age-or-health-restrictions\"\r\n            >\r\n                Gibt es Alters- oder Gesundheitsbeschr\u00e4nkungen?            <\/button>\r\n        <\/h2>\r\n        <div id=\"st-are-there-any-age-or-health-restrictions\" class=\"accordion-collapse collapse\"\r\n            aria-labelledby=\"heading_are-there-any-age-or-health-restrictions\"\r\n            data-bs-parent=\"#accordion_are-there-any-age-or-health-restrictions\"\r\n        >\r\n            <div class=\"accordion-body\">\r\n                Alters- und Gesundheitsbeschr\u00e4nkungen variieren je nach Aktivit\u00e4t. Einige Adrenalinsportarten haben Alters- und Gewichtsbeschr\u00e4nkungen, w\u00e4hrend andere, wie Kajakfahren, f\u00fcr alle Altersgruppen geeignet sind. Bitte informieren Sie uns im Voraus \u00fcber etwaige gesundheitliche Bedenken            <\/div>\r\n        <\/div>\r\n    <\/div>\r\n<\/div>\r\n\t\t\t\t<\/div>\n\t\t\t\t<\/div>\n\t\t\t\t<div class=\"elementor-element elementor-element-2b81a61 elementor-widget elementor-widget-st_faq\" data-id=\"2b81a61\" data-element_type=\"widget\" data-widget_type=\"st_faq.default\">\n\t\t\t\t<div class=\"elementor-widget-container\">\n\t\t\t\t\t<div class=\"accordion faq style1\" id=\"accordion_what-safety-measures-are-in-place\">\r\n    <div class=\"accordion-item\">\r\n        <h2 class=\"accordion-header\" id=\"heading_what-safety-measures-are-in-place\">\r\n            <button class=\"accordion-button   collapsed\"\r\n                type=\"button\"\r\n                data-bs-toggle=\"collapse\"\r\n                data-bs-target=\"#st-what-safety-measures-are-in-place\"\r\n                aria-expanded=\"false\"\r\n                aria-controls=\"what-safety-measures-are-in-place\"\r\n            >\r\n                Welche Sicherheitsma\u00dfnahmen gibt es?            <\/button>\r\n        <\/h2>\r\n        <div id=\"st-what-safety-measures-are-in-place\" class=\"accordion-collapse collapse\"\r\n            aria-labelledby=\"heading_what-safety-measures-are-in-place\"\r\n            data-bs-parent=\"#accordion_what-safety-measures-are-in-place\"\r\n        >\r\n            <div class=\"accordion-body\">\r\n                Wir legen gr\u00f6\u00dften Wert auf Sicherheit mit geschultem Personal, hochwertiger Ausr\u00fcstung und Einhaltung der Wetterbedingungen. Alle Teilnehmer erhalten Sicherheitseinweisungen und m\u00fcssen den Anweisungen folgen            <\/div>\r\n        <\/div>\r\n    <\/div>\r\n<\/div>\r\n\t\t\t\t<\/div>\n\t\t\t\t<\/div>\n\t\t\t\t<div class=\"elementor-element elementor-element-4638e55 elementor-widget elementor-widget-st_faq\" data-id=\"4638e55\" data-element_type=\"widget\" data-widget_type=\"st_faq.default\">\n\t\t\t\t<div class=\"elementor-widget-container\">\n\t\t\t\t\t<div class=\"accordion faq style1\" id=\"accordion_can-i-book-private-water-sports-sessions-or-a-private-cruise\">\r\n    <div class=\"accordion-item\">\r\n        <h2 class=\"accordion-header\" id=\"heading_can-i-book-private-water-sports-sessions-or-a-private-cruise\">\r\n            <button class=\"accordion-button   collapsed\"\r\n                type=\"button\"\r\n                data-bs-toggle=\"collapse\"\r\n                data-bs-target=\"#st-can-i-book-private-water-sports-sessions-or-a-private-cruise\"\r\n                aria-expanded=\"false\"\r\n                aria-controls=\"can-i-book-private-water-sports-sessions-or-a-private-cruise\"\r\n            >\r\n                Kann ich private Wassersport-Sitzungen oder eine private Kreuzfahrt buchen?            <\/button>\r\n        <\/h2>\r\n        <div id=\"st-can-i-book-private-water-sports-sessions-or-a-private-cruise\" class=\"accordion-collapse collapse\"\r\n            aria-labelledby=\"heading_can-i-book-private-water-sports-sessions-or-a-private-cruise\"\r\n            data-bs-parent=\"#accordion_can-i-book-private-water-sports-sessions-or-a-private-cruise\"\r\n        >\r\n            <div class=\"accordion-body\">\r\n                Ja, private Buchungen sind f\u00fcr Gruppen, Paare oder Veranstaltungen m\u00f6glich. Kontaktieren Sie uns f\u00fcr individuelle Pakete            <\/div>\r\n        <\/div>\r\n    <\/div>\r\n<\/div>\r\n\t\t\t\t<\/div>\n\t\t\t\t<\/div>\n\t\t\t\t<div class=\"elementor-element elementor-element-5d44333 elementor-widget elementor-widget-st_faq\" data-id=\"5d44333\" data-element_type=\"widget\" data-widget_type=\"st_faq.default\">\n\t\t\t\t<div class=\"elementor-widget-container\">\n\t\t\t\t\t<div class=\"accordion faq style1\" id=\"accordion_are-there-options-for-non-swimmers-or-those-who-prefer-to-relax\">\r\n    <div class=\"accordion-item\">\r\n        <h2 class=\"accordion-header\" id=\"heading_are-there-options-for-non-swimmers-or-those-who-prefer-to-relax\">\r\n            <button class=\"accordion-button   collapsed\"\r\n                type=\"button\"\r\n                data-bs-toggle=\"collapse\"\r\n                data-bs-target=\"#st-are-there-options-for-non-swimmers-or-those-who-prefer-to-relax\"\r\n                aria-expanded=\"false\"\r\n                aria-controls=\"are-there-options-for-non-swimmers-or-those-who-prefer-to-relax\"\r\n            >\r\n                Gibt es Angebote f\u00fcr Nichtschwimmer oder Relaxer?            <\/button>\r\n        <\/h2>\r\n        <div id=\"st-are-there-options-for-non-swimmers-or-those-who-prefer-to-relax\" class=\"accordion-collapse collapse\"\r\n            aria-labelledby=\"heading_are-there-options-for-non-swimmers-or-those-who-prefer-to-relax\"\r\n            data-bs-parent=\"#accordion_are-there-options-for-non-swimmers-or-those-who-prefer-to-relax\"\r\n        >\r\n            <div class=\"accordion-body\">\r\n                Auf jeden Fall! Nichtschwimmer k\u00f6nnen malerische Bootstouren, Sonnenuntergangsfahrten oder das Entspannen an Deck genie\u00dfen.            <\/div>\r\n        <\/div>\r\n    <\/div>\r\n<\/div>\r\n\t\t\t\t<\/div>\n\t\t\t\t<\/div>\n\t\t\t\t<\/div>\n\t\t<div class=\"elementor-element elementor-element-b635201 e-con-full e-flex e-con e-child\" data-id=\"b635201\" data-element_type=\"container\">\n\t\t\t\t<div class=\"elementor-element elementor-element-6a4ebfb elementor-widget elementor-widget-st_faq\" data-id=\"6a4ebfb\" data-element_type=\"widget\" data-widget_type=\"st_faq.default\">\n\t\t\t\t<div class=\"elementor-widget-container\">\n\t\t\t\t\t<div class=\"accordion faq style1\" id=\"accordion_what-is-included-in-the-cruise-package\">\r\n    <div class=\"accordion-item\">\r\n        <h2 class=\"accordion-header\" id=\"heading_what-is-included-in-the-cruise-package\">\r\n            <button class=\"accordion-button   collapsed\"\r\n                type=\"button\"\r\n                data-bs-toggle=\"collapse\"\r\n                data-bs-target=\"#st-what-is-included-in-the-cruise-package\"\r\n                aria-expanded=\"false\"\r\n                aria-controls=\"what-is-included-in-the-cruise-package\"\r\n            >\r\n                Was ist im Kreuzfahrtpaket enthalten?            <\/button>\r\n        <\/h2>\r\n        <div id=\"st-what-is-included-in-the-cruise-package\" class=\"accordion-collapse collapse\"\r\n            aria-labelledby=\"heading_what-is-included-in-the-cruise-package\"\r\n            data-bs-parent=\"#accordion_what-is-included-in-the-cruise-package\"\r\n        >\r\n            <div class=\"accordion-body\">\r\n                Kreuzfahrtpakete beinhalten in der Regel Mahlzeiten an Bord, Unterhaltung, Musik und optionale Zusatzleistungen wie Schnorcheln oder Tauchen. Die genauen Inklusivleistungen variieren je nach gew\u00e4hltem Paket.\n            <\/div>\r\n        <\/div>\r\n    <\/div>\r\n<\/div>\r\n\t\t\t\t<\/div>\n\t\t\t\t<\/div>\n\t\t\t\t<div class=\"elementor-element elementor-element-17511a7 elementor-widget elementor-widget-st_faq\" data-id=\"17511a7\" data-element_type=\"widget\" data-widget_type=\"st_faq.default\">\n\t\t\t\t<div class=\"elementor-widget-container\">\n\t\t\t\t\t<div class=\"accordion faq style1\" id=\"accordion_how-long-do-the-cruises-last\">\r\n    <div class=\"accordion-item\">\r\n        <h2 class=\"accordion-header\" id=\"heading_how-long-do-the-cruises-last\">\r\n            <button class=\"accordion-button   collapsed\"\r\n                type=\"button\"\r\n                data-bs-toggle=\"collapse\"\r\n                data-bs-target=\"#st-how-long-do-the-cruises-last\"\r\n                aria-expanded=\"false\"\r\n                aria-controls=\"how-long-do-the-cruises-last\"\r\n            >\r\n                Wie lange dauern die Kreuzfahrten?            <\/button>\r\n        <\/h2>\r\n        <div id=\"st-how-long-do-the-cruises-last\" class=\"accordion-collapse collapse\"\r\n            aria-labelledby=\"heading_how-long-do-the-cruises-last\"\r\n            data-bs-parent=\"#accordion_how-long-do-the-cruises-last\"\r\n        >\r\n            <div class=\"accordion-body\">\r\n                Die Kreuzfahrten reichen von ein paar Stunden (z. B. Sonnenuntergangs- oder Dinner-Kreuzfahrten) bis hin zu Ganztagesausfl\u00fcgen            <\/div>\r\n        <\/div>\r\n    <\/div>\r\n<\/div>\r\n\t\t\t\t<\/div>\n\t\t\t\t<\/div>\n\t\t\t\t<div class=\"elementor-element elementor-element-af9e47b elementor-widget elementor-widget-st_faq\" data-id=\"af9e47b\" data-element_type=\"widget\" data-widget_type=\"st_faq.default\">\n\t\t\t\t<div class=\"elementor-widget-container\">\n\t\t\t\t\t<div class=\"accordion faq style1\" id=\"accordion_what-should-i-wear-or-bring-for-water-sports\">\r\n    <div class=\"accordion-item\">\r\n        <h2 class=\"accordion-header\" id=\"heading_what-should-i-wear-or-bring-for-water-sports\">\r\n            <button class=\"accordion-button   collapsed\"\r\n                type=\"button\"\r\n                data-bs-toggle=\"collapse\"\r\n                data-bs-target=\"#st-what-should-i-wear-or-bring-for-water-sports\"\r\n                aria-expanded=\"false\"\r\n                aria-controls=\"what-should-i-wear-or-bring-for-water-sports\"\r\n            >\r\n                Was soll ich zum Wassersport anziehen oder mitbringen?            <\/button>\r\n        <\/h2>\r\n        <div id=\"st-what-should-i-wear-or-bring-for-water-sports\" class=\"accordion-collapse collapse\"\r\n            aria-labelledby=\"heading_what-should-i-wear-or-bring-for-water-sports\"\r\n            data-bs-parent=\"#accordion_what-should-i-wear-or-bring-for-water-sports\"\r\n        >\r\n            <div class=\"accordion-body\">\r\n                Tragen Sie bequeme Badebekleidung und bringen Sie Sonnencreme sowie wasserdichte Taschen f\u00fcr Ihre Sachen mit. Ausr\u00fcstung wie Schwimmwesten und Ausr\u00fcstung wird zur Verf\u00fcgung gestellt            <\/div>\r\n        <\/div>\r\n    <\/div>\r\n<\/div>\r\n\t\t\t\t<\/div>\n\t\t\t\t<\/div>\n\t\t\t\t<div class=\"elementor-element elementor-element-f780133 elementor-widget elementor-widget-st_faq\" data-id=\"f780133\" data-element_type=\"widget\" data-widget_type=\"st_faq.default\">\n\t\t\t\t<div class=\"elementor-widget-container\">\n\t\t\t\t\t<div class=\"accordion faq style1\" id=\"accordion_can-i-cancel-or-reschedule-my-booking\">\r\n    <div class=\"accordion-item\">\r\n        <h2 class=\"accordion-header\" id=\"heading_can-i-cancel-or-reschedule-my-booking\">\r\n            <button class=\"accordion-button   collapsed\"\r\n                type=\"button\"\r\n                data-bs-toggle=\"collapse\"\r\n                data-bs-target=\"#st-can-i-cancel-or-reschedule-my-booking\"\r\n                aria-expanded=\"false\"\r\n                aria-controls=\"can-i-cancel-or-reschedule-my-booking\"\r\n            >\r\n                Kann ich meine Buchung stornieren oder verschieben?            <\/button>\r\n        <\/h2>\r\n        <div id=\"st-can-i-cancel-or-reschedule-my-booking\" class=\"accordion-collapse collapse\"\r\n            aria-labelledby=\"heading_can-i-cancel-or-reschedule-my-booking\"\r\n            data-bs-parent=\"#accordion_can-i-cancel-or-reschedule-my-booking\"\r\n        >\r\n            <div class=\"accordion-body\">\r\n                Ja, Stornierungs- und Umbuchungsrichtlinien h\u00e4ngen vom Anbieter ab. Bitte \u00fcberpr\u00fcfen Sie die Bedingungen vor der Buchung            <\/div>\r\n        <\/div>\r\n    <\/div>\r\n<\/div>\r\n\t\t\t\t<\/div>\n\t\t\t\t<\/div>\n\t\t\t\t<div class=\"elementor-element elementor-element-66d935f elementor-widget elementor-widget-st_faq\" data-id=\"66d935f\" data-element_type=\"widget\" data-widget_type=\"st_faq.default\">\n\t\t\t\t<div class=\"elementor-widget-container\">\n\t\t\t\t\t<div class=\"accordion faq style1\" id=\"accordion_are-food-and-drinks-available-on-board-the-cruise\">\r\n    <div class=\"accordion-item\">\r\n        <h2 class=\"accordion-header\" id=\"heading_are-food-and-drinks-available-on-board-the-cruise\">\r\n            <button class=\"accordion-button   collapsed\"\r\n                type=\"button\"\r\n                data-bs-toggle=\"collapse\"\r\n                data-bs-target=\"#st-are-food-and-drinks-available-on-board-the-cruise\"\r\n                aria-expanded=\"false\"\r\n                aria-controls=\"are-food-and-drinks-available-on-board-the-cruise\"\r\n            >\r\n                Gibt es an Bord des Kreuzfahrtschiffes Speisen und Getr\u00e4nke?            <\/button>\r\n        <\/h2>\r\n        <div id=\"st-are-food-and-drinks-available-on-board-the-cruise\" class=\"accordion-collapse collapse\"\r\n            aria-labelledby=\"heading_are-food-and-drinks-available-on-board-the-cruise\"\r\n            data-bs-parent=\"#accordion_are-food-and-drinks-available-on-board-the-cruise\"\r\n        >\r\n            <div class=\"accordion-body\">\r\n                Ja, Speisen und Getr\u00e4nke sind an Bord erh\u00e4ltlich. Bei privaten Kreuzfahrten sind Mahlzeiten und Getr\u00e4nke Teil des Erlebnisses, w\u00e4hrend bei nicht-privaten Kreuzfahrten kostenlose Getr\u00e4nke angeboten werden. Dar\u00fcber hinaus ist eine Auswahl an Getr\u00e4nken zum Kauf erh\u00e4ltlich.            <\/div>\r\n        <\/div>\r\n    <\/div>\r\n<\/div>\r\n\t\t\t\t<\/div>\n\t\t\t\t<\/div>\n\t\t\t\t<div class=\"elementor-element elementor-element-6a7b5db elementor-widget elementor-widget-st_faq\" data-id=\"6a7b5db\" data-element_type=\"widget\" data-widget_type=\"st_faq.default\">\n\t\t\t\t<div class=\"elementor-widget-container\">\n\t\t\t\t\t<div class=\"accordion faq style1\" id=\"accordion_how-do-i-book-water-sports-or-a-cruise\">\r\n    <div class=\"accordion-item\">\r\n        <h2 class=\"accordion-header\" id=\"heading_how-do-i-book-water-sports-or-a-cruise\">\r\n            <button class=\"accordion-button   collapsed\"\r\n                type=\"button\"\r\n                data-bs-toggle=\"collapse\"\r\n                data-bs-target=\"#st-how-do-i-book-water-sports-or-a-cruise\"\r\n                aria-expanded=\"false\"\r\n                aria-controls=\"how-do-i-book-water-sports-or-a-cruise\"\r\n            >\r\n                Wie buche ich Wassersport oder eine Kreuzfahrt?            <\/button>\r\n        <\/h2>\r\n        <div id=\"st-how-do-i-book-water-sports-or-a-cruise\" class=\"accordion-collapse collapse\"\r\n            aria-labelledby=\"heading_how-do-i-book-water-sports-or-a-cruise\"\r\n            data-bs-parent=\"#accordion_how-do-i-book-water-sports-or-a-cruise\"\r\n        >\r\n            <div class=\"accordion-body\">\r\n                Sie k\u00f6nnen \u00fcber unsere Website buchen, unsere Reservierungszentrale anrufen oder unser B\u00fcro besuchen. Vorabbuchungen sind empfehlenswert, insbesondere in der Hochsaison.            <\/div>\r\n        <\/div>\r\n    <\/div>\r\n<\/div>\r\n\t\t\t\t<\/div>\n\t\t\t\t<\/div>\n\t\t\t\t<div class=\"elementor-element elementor-element-43604c9 elementor-widget elementor-widget-st_faq\" data-id=\"43604c9\" data-element_type=\"widget\" data-widget_type=\"st_faq.default\">\n\t\t\t\t<div class=\"elementor-widget-container\">\n\t\t\t\t\t<div class=\"accordion faq style1\" id=\"accordion_what-is-the-best-time-of-year-for-water-sports-and-cruises\">\r\n    <div class=\"accordion-item\">\r\n        <h2 class=\"accordion-header\" id=\"heading_what-is-the-best-time-of-year-for-water-sports-and-cruises\">\r\n            <button class=\"accordion-button   collapsed\"\r\n                type=\"button\"\r\n                data-bs-toggle=\"collapse\"\r\n                data-bs-target=\"#st-what-is-the-best-time-of-year-for-water-sports-and-cruises\"\r\n                aria-expanded=\"false\"\r\n                aria-controls=\"what-is-the-best-time-of-year-for-water-sports-and-cruises\"\r\n            >\r\n                Wann ist die beste Jahreszeit f\u00fcr Wassersport und Kreuzfahrten?            <\/button>\r\n        <\/h2>\r\n        <div id=\"st-what-is-the-best-time-of-year-for-water-sports-and-cruises\" class=\"accordion-collapse collapse\"\r\n            aria-labelledby=\"heading_what-is-the-best-time-of-year-for-water-sports-and-cruises\"\r\n            data-bs-parent=\"#accordion_what-is-the-best-time-of-year-for-water-sports-and-cruises\"\r\n        >\r\n            <div class=\"accordion-body\">\r\n                Das Klima in Aqaba ist das ganze Jahr \u00fcber ideal f\u00fcr Wassersport und Kreuzfahrten und bietet fast das ganze Jahr \u00fcber angenehme Bedingungen. Es gibt jedoch gelegentliche Perioden, in denen das Meer starke Wellen aufweisen kann. In solchen F\u00e4llen hat die Sicherheit der G\u00e4ste f\u00fcr uns oberste Priorit\u00e4t und wir informieren Sie im Voraus, um ein sicheres und angenehmes Erlebnis zu gew\u00e4hrleisten.            <\/div>\r\n        <\/div>\r\n    <\/div>\r\n<\/div>\r\n\t\t\t\t<\/div>\n\t\t\t\t<\/div>\n\t\t\t\t<\/div>\n\t\t\t\t\t<\/div>\n\t\t\t\t<\/div>\n\t\t\t\t<\/div>","protected":false},"excerpt":{"rendered":"<p>What types of water sports do you offer? We offer activities such as jet skiing, parasailing, kayaking, paddleboarding, snorkeling, scuba diving, and banana boat rides Are the water sports suitable for beginners? Yes, many of our water sports are beginner-friendly, and we provide detailed instructions and safety briefings to ensure a comfortable and enjoyable experience. [&hellip;]<\/p>","protected":false},"author":2,"featured_media":16162,"parent":0,"menu_order":0,"comment_status":"closed","ping_status":"closed","template":"","meta":{"footnotes":""},"class_list":["post-16265","page","type-page","status-publish","has-post-thumbnail","hentry"],"_links":{"self":[{"href":"https:\/\/sindbadjo.com\/de\/wp-json\/wp\/v2\/pages\/16265","targetHints":{"allow":["GET"]}}],"collection":[{"href":"https:\/\/sindbadjo.com\/de\/wp-json\/wp\/v2\/pages"}],"about":[{"href":"https:\/\/sindbadjo.com\/de\/wp-json\/wp\/v2\/types\/page"}],"author":[{"embeddable":true,"href":"https:\/\/sindbadjo.com\/de\/wp-json\/wp\/v2\/users\/2"}],"replies":[{"embeddable":true,"href":"https:\/\/sindbadjo.com\/de\/wp-json\/wp\/v2\/comments?post=16265"}],"version-history":[{"count":7,"href":"https:\/\/sindbadjo.com\/de\/wp-json\/wp\/v2\/pages\/16265\/revisions"}],"predecessor-version":[{"id":16327,"href":"https:\/\/sindbadjo.com\/de\/wp-json\/wp\/v2\/pages\/16265\/revisions\/16327"}],"wp:featuredmedia":[{"embeddable":true,"href":"https:\/\/sindbadjo.com\/de\/wp-json\/wp\/v2\/media\/16162"}],"wp:attachment":[{"href":"https:\/\/sindbadjo.com\/de\/wp-json\/wp\/v2\/media?parent=16265"}],"curies":[{"name":"wp","href":"https:\/\/api.w.org\/{rel}","templated":true}]}}